{"id":1442,"date":"2025-10-04T10:54:39","date_gmt":"2025-10-04T08:54:39","guid":{"rendered":"https:\/\/mom-o.hu\/?page_id=1442"},"modified":"2026-03-31T10:16:54","modified_gmt":"2026-03-31T08:16:54","slug":"hob2026","status":"publish","type":"page","link":"https:\/\/mom-o.hu\/?page_id=1442","title":{"rendered":"Hungarian Long Championship (HOB) and Team Championship (POCSB) 2026"},"content":{"rendered":"\n<div class=\"wp-block-stackable-columns stk-block-columns stk-block stk-a5af048\" data-block-id=\"a5af048\"><div class=\"stk-row stk-inner-blocks stk-block-content stk-content-align stk-a5af048-column\">\n<div class=\"wp-block-stackable-column stk-block-column stk-column stk-block stk-25bc452\" data-v=\"4\" data-block-id=\"25bc452\"><div class=\"stk-column-wrapper stk-block-column__content stk-container stk-25bc452-container stk--no-background stk--no-padding\"><div class=\"stk-block-content stk-inner-blocks stk-25bc452-inner-blocks\">\n<div class=\"wp-block-stackable-columns stk-block-columns stk-block stk-aba994a\" data-block-id=\"aba994a\"><div class=\"stk-row stk-inner-blocks stk-block-content stk-content-align stk-aba994a-column\">\n<div class=\"wp-block-stackable-column stk-block-column stk-column stk-block stk-d856a98\" data-v=\"4\" data-block-id=\"d856a98\"><style>@media screen and (min-width: 768px){.stk-d856a98 {flex:var(--stk-flex-grow, 1) 1 calc(25% - var(--stk-column-gap, 0px) * 1 \/ 2 ) !important;}}<\/style><div class=\"stk-column-wrapper stk-block-column__content stk-container stk-d856a98-container stk--no-background stk--no-padding\"><div class=\"stk-block-content stk-inner-blocks stk-d856a98-inner-blocks\">\n<p class=\"wp-block-paragraph\">\ud83c\udded\ud83c\uddfa<strong>Organiser<\/strong>:<\/p>\n<\/div><\/div><\/div>\n\n\n\n<div class=\"wp-block-stackable-column stk-block-column stk-column stk-block stk-bf6383a\" data-v=\"4\" data-block-id=\"bf6383a\"><style>@media screen and (min-width: 768px){.stk-bf6383a {flex:var(--stk-flex-grow, 1) 1 calc(75% - var(--stk-column-gap, 0px) * 1 \/ 2 ) !important;}}<\/style><div class=\"stk-column-wrapper stk-block-column__content stk-container stk-bf6383a-container stk--no-background stk--no-padding\"><div class=\"stk-block-content stk-inner-blocks stk-bf6383a-inner-blocks\">\n<p class=\"wp-block-paragraph\">Hegyvid\u00e9ki Szabadid\u0151sport Nonprofit Kft. MOM Orienteering Section, Hangya SzKE<\/p>\n\n\n\n<p class=\"wp-block-paragraph\">Event director: L\u00e1szl\u00f3 Borosznoki<br>Mapmakers: \u00c1kos Kisv\u00f6lcsey,&nbsp;J\u00e1nos S\u0151t\u00e9r<br>Course planners (HOB): P\u00e9ter Gy\u00f6rgyi, Bal\u00e1zs Miavecz<br>Course planners (POCSB): \u00c1d\u00e1m Oszlovics, Istv\u00e1n Zsebeh\u00e1zy<\/p>\n\n\n\n<p class=\"wp-block-paragraph\">Controller + WRE EA (HOB): G\u00e1bor Kov\u00e1cs<br>Controller (POCSB): M\u00e1rk G\u00e1rdonyi<\/p>\n<\/div><\/div><\/div>\n<\/div><\/div>\n<\/div><\/div><\/div>\n<\/div><\/div>\n\n\n\n<div class=\"wp-block-stackable-columns stk-block-columns stk-block stk-8aca755\" data-block-id=\"8aca755\"><div class=\"stk-row stk-inner-blocks stk-block-content stk-content-align stk-8aca755-column\">\n<div class=\"wp-block-stackable-column stk-block-column stk-column stk-block stk-570a9de\" data-v=\"4\" data-block-id=\"570a9de\"><div class=\"stk-column-wrapper stk-block-column__content stk-container stk-570a9de-container stk--no-background stk--no-padding\"><div class=\"stk-block-content stk-inner-blocks stk-570a9de-inner-blocks\">\n<div class=\"wp-block-stackable-columns stk-block-columns stk-block stk-c902427\" data-block-id=\"c902427\"><div class=\"stk-row stk-inner-blocks stk-block-content stk-content-align stk-c902427-column\">\n<div class=\"wp-block-stackable-column stk-block-column stk-column stk-block stk-57745f7\" data-v=\"4\" data-block-id=\"57745f7\"><style>@media screen and (min-width: 768px){.stk-57745f7 {flex:var(--stk-flex-grow, 1) 1 calc(25% - var(--stk-column-gap, 0px) * 1 \/ 2 ) !important;}}<\/style><div class=\"stk-column-wrapper stk-block-column__content stk-container stk-57745f7-container stk--no-background stk--no-padding\"><div class=\"stk-block-content stk-inner-blocks stk-57745f7-inner-blocks\">\n<p class=\"wp-block-paragraph\">\ud83d\udcc5 <strong><strong>Date<\/strong><\/strong>:<\/p>\n<\/div><\/div><\/div>\n\n\n\n<div class=\"wp-block-stackable-column stk-block-column stk-column stk-block stk-277af46\" data-v=\"4\" data-block-id=\"277af46\"><style>@media screen and (min-width: 768px){.stk-277af46 {flex:var(--stk-flex-grow, 1) 1 calc(75% - var(--stk-column-gap, 0px) * 1 \/ 2 ) !important;}}<\/style><div class=\"stk-column-wrapper stk-block-column__content stk-container stk-277af46-container stk--no-background stk--no-padding\"><div class=\"stk-block-content stk-inner-blocks stk-277af46-inner-blocks\">\n<p class=\"wp-block-paragraph\">October 10, 2026 Hungarian Long Distance Championship (HOB), World Ranking Event<br>October 11, 2026 Hungarian Team Championship (POCSB)<\/p>\n<\/div><\/div><\/div>\n<\/div><\/div>\n<\/div><\/div><\/div>\n<\/div><\/div>\n\n\n\n<div class=\"wp-block-stackable-columns stk-block-columns stk-block stk-3352fee\" data-block-id=\"3352fee\"><div class=\"stk-row stk-inner-blocks stk-block-content stk-content-align stk-3352fee-column\">\n<div class=\"wp-block-stackable-column stk-block-column stk-column stk-block stk-61a1020\" data-v=\"4\" data-block-id=\"61a1020\"><div class=\"stk-column-wrapper stk-block-column__content stk-container stk-61a1020-container stk--no-background stk--no-padding\"><div class=\"stk-block-content stk-inner-blocks stk-61a1020-inner-blocks\">\n<div class=\"wp-block-stackable-columns stk-block-columns stk-block stk-688f04e\" data-block-id=\"688f04e\"><div class=\"stk-row stk-inner-blocks stk-block-content stk-content-align stk-688f04e-column\">\n<div class=\"wp-block-stackable-column stk-block-column stk-column stk-block stk-4744e3a\" data-v=\"4\" data-block-id=\"4744e3a\"><style>@media screen and (min-width: 768px){.stk-4744e3a {flex:var(--stk-flex-grow, 1) 1 calc(25% - var(--stk-column-gap, 0px) * 1 \/ 2 ) !important;}}<\/style><div class=\"stk-column-wrapper stk-block-column__content stk-container stk-4744e3a-container stk--no-background stk--no-padding\"><div class=\"stk-block-content stk-inner-blocks stk-4744e3a-inner-blocks\">\n<p class=\"wp-block-paragraph\">\ud83d\udccd<strong><strong><strong>Location<\/strong><\/strong><\/strong>:<\/p>\n<\/div><\/div><\/div>\n\n\n\n<div class=\"wp-block-stackable-column stk-block-column stk-column stk-block stk-a911e3a\" data-v=\"4\" data-block-id=\"a911e3a\"><style>@media screen and (min-width: 768px){.stk-a911e3a {flex:var(--stk-flex-grow, 1) 1 calc(75% - var(--stk-column-gap, 0px) * 1 \/ 2 ) !important;}}<\/style><div class=\"stk-column-wrapper stk-block-column__content stk-container stk-a911e3a-container stk--no-background stk--no-padding\"><div class=\"stk-block-content stk-inner-blocks stk-a911e3a-inner-blocks\">\n<p class=\"wp-block-paragraph\">Zajn\u00e1t, see the embargoed area below:<\/p>\n<\/div><\/div><\/div>\n<\/div><\/div>\n<\/div><\/div><\/div>\n<\/div><\/div>\n\n\n\n<div class=\"wp-block-stackable-columns stk-block-columns stk-block stk-0b06b94\" data-block-id=\"0b06b94\"><div class=\"stk-row stk-inner-blocks stk-block-content stk-content-align stk-0b06b94-column\">\n<div class=\"wp-block-stackable-column stk-block-column stk-column stk-block stk-47b803d\" data-v=\"4\" data-block-id=\"47b803d\"><div class=\"stk-column-wrapper stk-block-column__content stk-container stk-47b803d-container stk--no-background stk--no-padding\"><div class=\"stk-block-content stk-inner-blocks stk-47b803d-inner-blocks\">\n<iframe loading=\"lazy\" src=\"https:\/\/www.google.com\/maps\/d\/embed?mid=1R7a74DyN6MbPMrZXH7zT-4pmWYNyB8g&#038;hl=hu&#038;ehbc=2E312F\" width=\"640\" height=\"480\"><\/iframe>\n<\/div><\/div><\/div>\n<\/div><\/div>\n\n\n\n<div class=\"wp-block-stackable-columns stk-block-columns stk-block stk-af69a05\" data-block-id=\"af69a05\"><div class=\"stk-row stk-inner-blocks stk-block-content stk-content-align stk-af69a05-column\">\n<div class=\"wp-block-stackable-column stk-block-column stk-column stk-block stk-6410434\" data-v=\"4\" data-block-id=\"6410434\"><div class=\"stk-column-wrapper stk-block-column__content stk-container stk-6410434-container stk--no-background stk--no-padding\"><div class=\"stk-block-content stk-inner-blocks stk-6410434-inner-blocks\">\n<div class=\"wp-block-stackable-columns stk-block-columns stk-block stk-9dcfcc0\" data-block-id=\"9dcfcc0\"><div class=\"stk-row stk-inner-blocks stk-block-content stk-content-align stk-9dcfcc0-column\">\n<div class=\"wp-block-stackable-column stk-block-column stk-column stk-block stk-8260102\" data-v=\"4\" data-block-id=\"8260102\"><style>@media screen and (min-width: 768px){.stk-8260102 {flex:var(--stk-flex-grow, 1) 1 calc(25% - var(--stk-column-gap, 0px) * 1 \/ 2 ) !important;}}<\/style><div class=\"stk-column-wrapper stk-block-column__content stk-container stk-8260102-container stk--no-background stk--no-padding\"><div class=\"stk-block-content stk-inner-blocks stk-8260102-inner-blocks\">\n<p class=\"wp-block-paragraph\">\ud83d\uddfa\ufe0f<strong><strong><strong><strong><strong>Map<\/strong><\/strong><\/strong><\/strong><\/strong>:<\/p>\n<\/div><\/div><\/div>\n\n\n\n<div class=\"wp-block-stackable-column stk-block-column stk-column stk-block stk-627a0bf\" data-v=\"4\" data-block-id=\"627a0bf\"><style>@media screen and (min-width: 768px){.stk-627a0bf {flex:var(--stk-flex-grow, 1) 1 calc(75% - var(--stk-column-gap, 0px) * 1 \/ 2 ) !important;}}<\/style><div class=\"stk-column-wrapper stk-block-column__content stk-container stk-627a0bf-container stk--no-background stk--no-padding\"><div class=\"stk-block-content stk-inner-blocks stk-627a0bf-inner-blocks\">\n<p class=\"wp-block-paragraph\">There will be a new map from the entire area using LIDAR data.<\/p>\n\n\n\n<p class=\"wp-block-paragraph\">Previous maps:<br><a href=\"https:\/\/admin.mtfsz.hu\/fajl\/get\/fajl_id\/35748\/tipus\/render\">Zajn\u00e1th (Csereszny\u00e9s-hegy)<\/a><br><a href=\"https:\/\/admin.mtfsz.hu\/fajl\/get\/fajl_id\/35757\/tipus\/render\">Piliscsaba \u2013 Klotild-liget (P\u00e1zm\u00e1neum)<\/a><\/p>\n<\/div><\/div><\/div>\n<\/div><\/div>\n<\/div><\/div><\/div>\n<\/div><\/div>\n\n\n\n<div class=\"wp-block-stackable-columns stk-block-columns stk-block stk-f992fbf\" data-block-id=\"f992fbf\"><div class=\"stk-row stk-inner-blocks stk-block-content stk-content-align stk-f992fbf-column\">\n<div class=\"wp-block-stackable-column stk-block-column stk-column stk-block stk-0c62ee3\" data-v=\"4\" data-block-id=\"0c62ee3\"><div class=\"stk-column-wrapper stk-block-column__content stk-container stk-0c62ee3-container stk--no-background stk--no-padding\"><div class=\"stk-block-content stk-inner-blocks stk-0c62ee3-inner-blocks\">\n<div class=\"wp-block-stackable-columns stk-block-columns stk-block stk-4ffddf7\" data-block-id=\"4ffddf7\"><div class=\"stk-row stk-inner-blocks stk-block-content stk-content-align stk-4ffddf7-column\">\n<div class=\"wp-block-stackable-column stk-block-column stk-column stk-block stk-899f969\" data-v=\"4\" data-block-id=\"899f969\"><style>@media screen and (min-width: 768px){.stk-899f969 {flex:var(--stk-flex-grow, 1) 1 calc(25% - var(--stk-column-gap, 0px) * 1 \/ 2 ) !important;}}<\/style><div class=\"stk-column-wrapper stk-block-column__content stk-container stk-899f969-container stk--no-background stk--no-padding\"><div class=\"stk-block-content stk-inner-blocks stk-899f969-inner-blocks\">\n<p class=\"wp-block-paragraph\">\ud83c\udfc3\u200d\u2640\ufe0f\ud83c\udfc3\u200d\u2642\ufe0f<strong>Classes<\/strong>:<\/p>\n<\/div><\/div><\/div>\n\n\n\n<div class=\"wp-block-stackable-column stk-block-column stk-column stk-block stk-9e021ba\" data-v=\"4\" data-block-id=\"9e021ba\"><style>@media screen and (min-width: 768px){.stk-9e021ba {flex:var(--stk-flex-grow, 1) 1 calc(75% - var(--stk-column-gap, 0px) * 1 \/ 2 ) !important;}}<\/style><div class=\"stk-column-wrapper stk-block-column__content stk-container stk-9e021ba-container stk--no-background stk--no-padding\"><div class=\"stk-block-content stk-inner-blocks stk-9e021ba-inner-blocks\">\n<p class=\"wp-block-paragraph\"><strong>HOB<\/strong>: M\/W 14E, 16E, 18E, 20E, 21E (WRE), 35A, 40A, 45A, 50A, 55A, 60A, 65A, 70A, 75A, 80A, M85A<br>Open classes: Open Advanced Short (OAS), Open Advanced Long (OAL), Open<br>Beginner (OB)<\/p>\n\n\n\n<p class=\"wp-block-paragraph\"><strong>POCSB<\/strong>: teams of 3 \u2010 M\/W 14A, 16A, 18A, 20A, 21A, 105A, 135A, 165A, 185A, M205A. <br>The senior classes are open to those born in 1991 or before. The combined age of the three competitors (number of years filled in 2026) must be at least the number indicated in the name of the class.<br>Open classes (individual): OAS, OAL, OB.<\/p>\n<\/div><\/div><\/div>\n<\/div><\/div>\n<\/div><\/div><\/div>\n<\/div><\/div>\n\n\n\n<div class=\"wp-block-stackable-columns stk-block-columns stk-block stk-428e705\" data-block-id=\"428e705\"><div class=\"stk-row stk-inner-blocks stk-block-content stk-content-align stk-428e705-column\">\n<div class=\"wp-block-stackable-column stk-block-column stk-column stk-block stk-6da347f\" data-v=\"4\" data-block-id=\"6da347f\"><div class=\"stk-column-wrapper stk-block-column__content stk-container stk-6da347f-container stk--no-background stk--no-padding\"><div class=\"stk-block-content stk-inner-blocks stk-6da347f-inner-blocks\">\n<div class=\"wp-block-stackable-columns stk-block-columns stk-block stk-760be32\" data-block-id=\"760be32\"><div class=\"stk-row stk-inner-blocks stk-block-content stk-content-align stk-760be32-column\">\n<div class=\"wp-block-stackable-column stk-block-column stk-column stk-block stk-2382dfc\" data-v=\"4\" data-block-id=\"2382dfc\"><style>@media screen and (min-width: 768px){.stk-2382dfc {flex:var(--stk-flex-grow, 1) 1 calc(25% - var(--stk-column-gap, 0px) * 1 \/ 2 ) !important;}}<\/style><div class=\"stk-column-wrapper stk-block-column__content stk-container stk-2382dfc-container stk--no-background stk--no-padding\"><div class=\"stk-block-content stk-inner-blocks stk-2382dfc-inner-blocks\">\n<p class=\"wp-block-paragraph\">\ud83d\udcbb<strong>Entries<\/strong>:<\/p>\n<\/div><\/div><\/div>\n\n\n\n<div class=\"wp-block-stackable-column stk-block-column stk-column stk-block stk-755ff24\" data-v=\"4\" data-block-id=\"755ff24\"><style>@media screen and (min-width: 768px){.stk-755ff24 {flex:var(--stk-flex-grow, 1) 1 calc(75% - var(--stk-column-gap, 0px) * 1 \/ 2 ) !important;}}<\/style><div class=\"stk-column-wrapper stk-block-column__content stk-container stk-755ff24-container stk--no-background stk--no-padding\"><div class=\"stk-block-content stk-inner-blocks stk-755ff24-inner-blocks\">\n<p class=\"wp-block-paragraph\">Entries can be made using the <a href=\"http:\/\/e-nevezes.hu\/\">e-nevezes.hu<\/a> system from Spring 2026 until deadline in September 2026.<\/p>\n<\/div><\/div><\/div>\n<\/div><\/div>\n<\/div><\/div><\/div>\n<\/div><\/div>\n\n\n\n<div class=\"wp-block-stackable-columns stk-block-columns stk-block stk-f74bee3\" data-block-id=\"f74bee3\"><div class=\"stk-row stk-inner-blocks stk-block-content stk-content-align stk-f74bee3-column\">\n<div class=\"wp-block-stackable-column stk-block-column stk-column stk-block stk-534ab32\" data-v=\"4\" data-block-id=\"534ab32\"><div class=\"stk-column-wrapper stk-block-column__content stk-container stk-534ab32-container stk--no-background stk--no-padding\"><div class=\"stk-block-content stk-inner-blocks stk-534ab32-inner-blocks\">\n<div class=\"wp-block-stackable-columns stk-block-columns stk-block stk-f481c06\" data-block-id=\"f481c06\"><div class=\"stk-row stk-inner-blocks stk-block-content stk-content-align stk-f481c06-column\">\n<div class=\"wp-block-stackable-column stk-block-column stk-column stk-block stk-b94b18e\" data-v=\"4\" data-block-id=\"b94b18e\"><style>@media screen and (min-width: 768px){.stk-b94b18e {flex:var(--stk-flex-grow, 1) 1 calc(25% - var(--stk-column-gap, 0px) * 1 \/ 2 ) !important;}}<\/style><div class=\"stk-column-wrapper stk-block-column__content stk-container stk-b94b18e-container stk--no-background stk--no-padding\"><div class=\"stk-block-content stk-inner-blocks stk-b94b18e-inner-blocks\">\n<p class=\"wp-block-paragraph\">\ud83d\udecc<strong><strong>Accomodation<\/strong><\/strong>:<\/p>\n<\/div><\/div><\/div>\n\n\n\n<div class=\"wp-block-stackable-column stk-block-column stk-column stk-block stk-bd20730\" data-v=\"4\" data-block-id=\"bd20730\"><style>@media screen and (min-width: 768px){.stk-bd20730 {flex:var(--stk-flex-grow, 1) 1 calc(75% - var(--stk-column-gap, 0px) * 1 \/ 2 ) !important;}}<\/style><div class=\"stk-column-wrapper stk-block-column__content stk-container stk-bd20730-container stk--no-background stk--no-padding\"><div class=\"stk-block-content stk-inner-blocks stk-bd20730-inner-blocks\">\n<p class=\"wp-block-paragraph\">All potential needs can be met within a half-hour radius of the EC. We will recommend various options from gym and dormitory to hostels and apartments.<\/p>\n<\/div><\/div><\/div>\n<\/div><\/div>\n<\/div><\/div><\/div>\n<\/div><\/div>\n\n\n\n<div class=\"wp-block-stackable-columns stk-block-columns stk-block stk-b2b505f\" data-block-id=\"b2b505f\"><div class=\"stk-row stk-inner-blocks stk-block-content stk-content-align stk-b2b505f-column\">\n<div class=\"wp-block-stackable-column stk-block-column stk-column stk-block stk-83f24b8\" data-v=\"4\" data-block-id=\"83f24b8\"><div class=\"stk-column-wrapper stk-block-column__content stk-container stk-83f24b8-container stk--no-background stk--no-padding\"><div class=\"stk-block-content stk-inner-blocks stk-83f24b8-inner-blocks\">\n<div class=\"wp-block-stackable-columns stk-block-columns stk-block stk-adbc8b4\" data-block-id=\"adbc8b4\"><div class=\"stk-row stk-inner-blocks stk-block-content stk-content-align stk-adbc8b4-column\">\n<div class=\"wp-block-stackable-column stk-block-column stk-column stk-block stk-b5eb08d\" data-v=\"4\" data-block-id=\"b5eb08d\"><style>@media screen and (min-width: 768px){.stk-b5eb08d {flex:var(--stk-flex-grow, 1) 1 calc(25% - var(--stk-column-gap, 0px) * 1 \/ 2 ) !important;}}<\/style><div class=\"stk-column-wrapper stk-block-column__content stk-container stk-b5eb08d-container stk--no-background stk--no-padding\"><div class=\"stk-block-content stk-inner-blocks stk-b5eb08d-inner-blocks\">\n<p class=\"wp-block-paragraph\">\ud83c\udfc6<strong>WOC 2027 (Veszpr\u00e9m):<\/strong><\/p>\n<\/div><\/div><\/div>\n\n\n\n<div class=\"wp-block-stackable-column stk-block-column stk-column stk-block stk-eff1ed3\" data-v=\"4\" data-block-id=\"eff1ed3\"><style>@media screen and (min-width: 768px){.stk-eff1ed3 {flex:var(--stk-flex-grow, 1) 1 calc(75% - var(--stk-column-gap, 0px) * 1 \/ 2 ) !important;}}<\/style><div class=\"stk-column-wrapper stk-block-column__content stk-container stk-eff1ed3-container stk--no-background stk--no-padding\"><div class=\"stk-block-content stk-inner-blocks stk-eff1ed3-inner-blocks\">\n<p class=\"wp-block-paragraph\">The competition is a recommended training event for WOC 2027 by the Training Bulletin and it will be right after a Training Camp of the WOC.<\/p>\n<\/div><\/div><\/div>\n<\/div><\/div>\n<\/div><\/div><\/div>\n<\/div><\/div>\n\n\n\n<div class=\"wp-block-stackable-columns stk-block-columns stk-block stk-f2f01ab\" data-block-id=\"f2f01ab\"><div class=\"stk-row stk-inner-blocks stk-block-content stk-content-align stk-f2f01ab-column\">\n<div class=\"wp-block-stackable-column stk-block-column stk-column stk-block stk-cef567c\" data-v=\"4\" data-block-id=\"cef567c\"><div class=\"stk-column-wrapper stk-block-column__content stk-container stk-cef567c-container stk--no-background stk--no-padding\"><div class=\"stk-block-content stk-inner-blocks stk-cef567c-inner-blocks\">\n<div class=\"wp-block-stackable-columns stk-block-columns stk-block stk-ee7cce8\" data-block-id=\"ee7cce8\"><div class=\"stk-row stk-inner-blocks stk-block-content stk-content-align stk-ee7cce8-column\">\n<div class=\"wp-block-stackable-column stk-block-column stk-column stk-block stk-384bb9f\" data-v=\"4\" data-block-id=\"384bb9f\"><style>@media screen and (min-width: 768px){.stk-384bb9f {flex:var(--stk-flex-grow, 1) 1 calc(25% - var(--stk-column-gap, 0px) * 1 \/ 2 ) !important;}}<\/style><div class=\"stk-column-wrapper stk-block-column__content stk-container stk-384bb9f-container stk--no-background stk--no-padding\"><div class=\"stk-block-content stk-inner-blocks stk-384bb9f-inner-blocks\">\n<p class=\"wp-block-paragraph\">\ud83d\udc81\u200d\u2640\ufe0f<strong>Further information:<\/strong><\/p>\n<\/div><\/div><\/div>\n\n\n\n<div class=\"wp-block-stackable-column stk-block-column stk-column stk-block stk-d9efb64\" data-v=\"4\" data-block-id=\"d9efb64\"><style>@media screen and (min-width: 768px){.stk-d9efb64 {flex:var(--stk-flex-grow, 1) 1 calc(75% - var(--stk-column-gap, 0px) * 1 \/ 2 ) !important;}}<\/style><div class=\"stk-column-wrapper stk-block-column__content stk-container stk-d9efb64-container stk--no-background stk--no-padding\"><div class=\"stk-block-content stk-inner-blocks stk-d9efb64-inner-blocks\">\n<p class=\"wp-block-paragraph\"><a href=\"mailto:info@mom-o.hu\">info@mom-o.hu<\/a><\/p>\n\n\n\n<p class=\"wp-block-paragraph\"><a href=\"https:\/\/adatbank.mtfsz.hu\/en\/esemeny\/show\/esemeny_id\/8518\">HOF Adatbank &#8211; Hungarian Long Championship and Hungarian Team Championship<\/a><\/p>\n<\/div><\/div><\/div>\n<\/div><\/div>\n<\/div><\/div><\/div>\n<\/div><\/div>\n\n\n\n<p class=\"wp-block-paragraph\"><\/p>\n","protected":false},"excerpt":{"rendered":"<p>\ud83c\udded\ud83c\uddfaOrganiser: Hegyvid\u00e9ki Szabadid\u0151sport Nonprofit Kft. MOM Orienteering Section, Hangya SzKE Event director: L\u00e1szl\u00f3 BorosznokiMapmakers: \u00c1kos Kisv\u00f6lcsey,&nbsp;J\u00e1nos S\u0151t\u00e9rCourse planners (HOB): P\u00e9ter Gy\u00f6rgyi, Bal\u00e1zs MiaveczCourse planners (POCSB): \u00c1d\u00e1m Oszlovics, Istv\u00e1n Zsebeh\u00e1zy Controller + WRE EA (HOB): G\u00e1bor Kov\u00e1csController (POCSB): M\u00e1rk G\u00e1rdonyi \ud83d\udcc5 Date: October 10, 2026 Hungarian Long Distance Championship (HOB), World Ranking EventOctober 11, 2026 Hungarian [&hellip;]<\/p>\n","protected":false},"author":1,"featured_media":0,"parent":0,"menu_order":0,"comment_status":"closed","ping_status":"closed","template":"","meta":{"_crdt_document":"","_uag_custom_page_level_css":"","site-sidebar-layout":"default","site-content-layout":"","ast-site-content-layout":"default","site-content-style":"default","site-sidebar-style":"default","ast-global-header-display":"","ast-banner-title-visibility":"","ast-main-header-display":"","ast-hfb-above-header-display":"","ast-hfb-below-header-display":"","ast-hfb-mobile-header-display":"","site-post-title":"","ast-breadcrumbs-content":"","ast-featured-img":"","footer-sml-layout":"","theme-transparent-header-meta":"","adv-header-id-meta":"","stick-header-meta":"","header-above-stick-meta":"","header-main-stick-meta":"","header-below-stick-meta":"","astra-migrate-meta-layouts":"default","ast-page-background-enabled":"default","ast-page-background-meta":{"desktop":{"background-color":"var(--ast-global-color-4)","background-image":"","background-repeat":"repeat","background-position":"center center","background-size":"auto","background-attachment":"scroll","background-type":"","background-media":"","overlay-type":"","overlay-color":"","overlay-opacity":"","overlay-gradient":""},"tablet":{"background-color":"","background-image":"","background-repeat":"repeat","background-position":"center center","background-size":"auto","background-attachment":"scroll","background-type":"","background-media":"","overlay-type":"","overlay-color":"","overlay-opacity":"","overlay-gradient":""},"mobile":{"background-color":"","background-image":"","background-repeat":"repeat","background-position":"center center","background-size":"auto","background-attachment":"scroll","background-type":"","background-media":"","overlay-type":"","overlay-color":"","overlay-opacity":"","overlay-gradient":""}},"ast-content-background-meta":{"desktop":{"background-color":"var(--ast-global-color-5)","background-image":"","background-repeat":"repeat","background-position":"center center","background-size":"auto","background-attachment":"scroll","background-type":"","background-media":"","overlay-type":"","overlay-color":"","overlay-opacity":"","overlay-gradient":""},"tablet":{"background-color":"var(--ast-global-color-5)","background-image":"","background-repeat":"repeat","background-position":"center center","background-size":"auto","background-attachment":"scroll","background-type":"","background-media":"","overlay-type":"","overlay-color":"","overlay-opacity":"","overlay-gradient":""},"mobile":{"background-color":"var(--ast-global-color-5)","background-image":"","background-repeat":"repeat","background-position":"center center","background-size":"auto","background-attachment":"scroll","background-type":"","background-media":"","overlay-type":"","overlay-color":"","overlay-opacity":"","overlay-gradient":""}},"footnotes":""},"class_list":["post-1442","page","type-page","status-publish","hentry"],"uagb_featured_image_src":{"full":false,"thumbnail":false,"medium":false,"medium_large":false,"large":false,"1536x1536":false,"2048x2048":false},"uagb_author_info":{"display_name":"hellomarci","author_link":"https:\/\/mom-o.hu\/?author=1"},"uagb_comment_info":0,"uagb_excerpt":"\ud83c\udded\ud83c\uddfaOrganiser: Hegyvid\u00e9ki Szabadid\u0151sport Nonprofit Kft. MOM Orienteering Section, Hangya SzKE Event director: L\u00e1szl\u00f3 BorosznokiMapmakers: \u00c1kos Kisv\u00f6lcsey,&nbsp;J\u00e1nos S\u0151t\u00e9rCourse planners (HOB): P\u00e9ter Gy\u00f6rgyi, Bal\u00e1zs MiaveczCourse planners (POCSB): \u00c1d\u00e1m Oszlovics, Istv\u00e1n Zsebeh\u00e1zy Controller + WRE EA (HOB): G\u00e1bor Kov\u00e1csController (POCSB): M\u00e1rk G\u00e1rdonyi \ud83d\udcc5 Date: October 10, 2026 Hungarian Long Distance Championship (HOB), World Ranking EventOctober 11, 2026 Hungarian&hellip;","_links":{"self":[{"href":"https:\/\/mom-o.hu\/index.php?rest_route=\/wp\/v2\/pages\/1442","targetHints":{"allow":["GET"]}}],"collection":[{"href":"https:\/\/mom-o.hu\/index.php?rest_route=\/wp\/v2\/pages"}],"about":[{"href":"https:\/\/mom-o.hu\/index.php?rest_route=\/wp\/v2\/types\/page"}],"author":[{"embeddable":true,"href":"https:\/\/mom-o.hu\/index.php?rest_route=\/wp\/v2\/users\/1"}],"replies":[{"embeddable":true,"href":"https:\/\/mom-o.hu\/index.php?rest_route=%2Fwp%2Fv2%2Fcomments&post=1442"}],"version-history":[{"count":28,"href":"https:\/\/mom-o.hu\/index.php?rest_route=\/wp\/v2\/pages\/1442\/revisions"}],"predecessor-version":[{"id":1555,"href":"https:\/\/mom-o.hu\/index.php?rest_route=\/wp\/v2\/pages\/1442\/revisions\/1555"}],"wp:attachment":[{"href":"https:\/\/mom-o.hu\/index.php?rest_route=%2Fwp%2Fv2%2Fmedia&parent=1442"}],"curies":[{"name":"wp","href":"https:\/\/api.w.org\/{rel}","templated":true}]}}