{"id":175,"date":"2023-09-29T13:01:28","date_gmt":"2023-09-29T13:01:28","guid":{"rendered":"https:\/\/mom-o.hu\/new\/?page_id=175"},"modified":"2024-01-22T19:16:14","modified_gmt":"2024-01-22T18:16:14","slug":"tortenetunk","status":"publish","type":"page","link":"https:\/\/mom-o.hu\/?page_id=175","title":{"rendered":"R\u00f3lunk"},"content":{"rendered":"\n<div class=\"wp-block-stackable-columns stk-block-columns stk-has-bottom-separator stk-block stk-d34aa9d stk-block-background\" data-block-id=\"d34aa9d\"><style>.stk-d34aa9d .stk--block-align-d34aa9d{align-items:center !important}.stk-d34aa9d-column{--stk-columns-spacing:2px !important}<\/style><div class=\"stk-row stk-inner-blocks has-text-align-left stk--block-align-d34aa9d stk-block-content stk-content-align stk-d34aa9d-column\">\n<div class=\"wp-block-stackable-column stk-block-column stk-column stk-block stk-77ca58d\" data-v=\"4\" data-block-id=\"77ca58d\"><div class=\"stk-column-wrapper stk-block-column__content stk-container stk-77ca58d-container stk--no-background stk--no-padding\"><div class=\"stk-block-content stk-inner-blocks stk-77ca58d-inner-blocks\">\n<p class=\"wp-block-paragraph\">Budapest XII. ker\u00fclet\u00e9nek (Hegyvid\u00e9k) t\u00e1jfut\u00f3 szakoszt\u00e1lya vagyunk, jelenleg mintegy 40-en. Igyekezet\u00fcnk els\u0151sorban az ut\u00e1np\u00f3tl\u00e1s-nevel\u00e9sre ir\u00e1nyul, tagjaink k\u00f6r\u00fclbel\u00fcl fele ut\u00e1np\u00f3tl\u00e1skor\u00fa versenyz\u0151; a t\u00f6bbiek alkotj\u00e1k a ki\u00f6regedett ut\u00e1np\u00f3tl\u00e1st. A min\u0151s\u00e9gi k\u00e9pz\u00e9st tartjuk szem el\u0151tt, de term\u00e9szetesen minden t\u00e1jfut\u00e1s ir\u00e1nt \u00e9rdekl\u0151d\u0151 gyereket <a href=\"https:\/\/mom-o.hu\/?page_id=137\">sz\u00edvesen fogadunk<\/a>. <br>Szakoszt\u00e1lyunk k\u00e9pes felk\u00e9sz\u00edteni <a href=\"https:\/\/mom-o.hu\/?page_id=127\">azokat<\/a>, akik a legmagasabb szinten k\u00edv\u00e1nj\u00e1k \u0171zni ezt a sportot: 2023-ig k\u00e9t junior vil\u00e1gbajnokunk van (G\u00e1rdonyi Csilla \u00e9s Czak\u00f3 Bogl\u00e1rka), valamint nyolc ifj\u00fas\u00e1gi Eur\u00f3pa-bajnoki c\u00edmet is szereztek versenyz\u0151ink. Hazai bajnoks\u00e1gokon kis l\u00e9tsz\u00e1munk ellen\u00e9re rendszeresen a bajnoki pontverseny \u00e9lmez\u0151ny\u00e9ben v\u00e9gz\u00fcnk, eddig t\u00f6bb mint 200 bajnoki c\u00edmet szerezt\u00fcnk. Fiataljaink k\u00f6z\u00fcl t\u00f6bben tagjai az orsz\u00e1gos illetve a budapesti v\u00e1logatottnak; \u0151k rendszeres r\u00e9sztvev\u0151i a nagy vil\u00e1gversenyeknek: Eur\u00f3pa-bajnoks\u00e1goknak, vil\u00e1gbajnoks\u00e1goknak is. <br>Tagjaink t\u00f6bbs\u00e9g\u00e9nek nincsenek vil\u00e1gbajnoki \u00e1lmai, sokan csak \u00e9lvezni szeretik ezt a nagyszer\u0171 sport\u00e1gat egy remek k\u00f6z\u00f6ss\u00e9gben. A tapasztalatok szerint \u0151k is magyar szinten kiemelked\u0151 t\u00e1j\u00e9koz\u00f3d\u00e1si tud\u00e1ssal rendelkeznek, amit id\u0151sebb korukban sokszor versenyrendez\u00e9sek sor\u00e1n is j\u00f3l tudnak hasznos\u00edtani.<\/p>\n<\/div><\/div><\/div>\n\n\n\n<div class=\"wp-block-stackable-column stk-block-column stk-column stk-block stk-2104ae1\" data-v=\"4\" data-block-id=\"2104ae1\"><style>.stk-2104ae1{align-self:flex-start !important}.stk-2104ae1-inner-blocks{align-items:center !important}<\/style><div class=\"stk-column-wrapper stk-block-column__content stk-container stk-2104ae1-container stk--no-background stk--no-padding\"><div class=\"stk--column-flex stk-block-content stk-inner-blocks stk-2104ae1-inner-blocks\">\n<figure class=\"wp-block-image size-full is-resized\"><img loading=\"lazy\" decoding=\"async\" width=\"767\" height=\"1024\" src=\"https:\/\/mom-o.hu\/wp-content\/uploads\/2023\/11\/68453185_2293116557571921_1563565943412490240_n.jpg\" alt=\"\" class=\"wp-image-663\" style=\"width:467px;height:auto\" srcset=\"https:\/\/mom-o.hu\/wp-content\/uploads\/2023\/11\/68453185_2293116557571921_1563565943412490240_n.jpg 767w, https:\/\/mom-o.hu\/wp-content\/uploads\/2023\/11\/68453185_2293116557571921_1563565943412490240_n-225x300.jpg 225w\" sizes=\"auto, (max-width: 767px) 100vw, 767px\" \/><\/figure>\n<\/div><\/div><\/div>\n<\/div><div class=\"stk-separator stk-separator__bottom\"><div class=\"stk-separator__wrapper\"><svg xmlns=\"http:\/\/www.w3.org\/2000\/svg\" viewBox=\"0 0 1600 200\" class=\"stk-separator__layer-1\" preserveAspectRatio=\"none\" aria-hidden=\"true\"><path class=\"wave-1_svg__st2\" d=\"M1341.4 48.9c-182.4 0-254.2 80.4-429.4 80.4-117.8 0-209.7-67.5-393.5-67.5-142.2 0-212.6 38.8-324.6 38.8S-10 64.7-10 64.7V210h1620V102c-110.6-40.2-181-53.1-268.6-53.1z\"><\/path><\/svg><\/div><\/div><\/div>\n\n\n\n<div class=\"wp-block-stackable-columns stk-block-columns stk-block stk-949a868\" data-block-id=\"949a868\"><style>.stk-949a868-column{--stk-columns-spacing:1px !important}<\/style><div class=\"stk-row stk-inner-blocks stk-block-content stk-content-align stk-949a868-column\">\n<div class=\"wp-block-stackable-column stk-block-column stk-column stk-block stk-9604788\" data-v=\"4\" data-block-id=\"9604788\"><div class=\"stk-column-wrapper stk-block-column__content stk-container stk-9604788-container stk--no-background stk--no-padding\"><div class=\"stk-block-content stk-inner-blocks stk-9604788-inner-blocks\">\n<p class=\"wp-block-paragraph\">Finn t\u00e1jfut\u00f3kkal kialakult t\u00f6bb \u00e9vtizedes bar\u00e1ti kapcsolataink r\u00e9v\u00e9n t\u00f6bbsz\u00f6r volt szerencs\u00e9nk pr\u00f3b\u00e1ra tenni tud\u00e1sunkat a t\u00e1jfut\u00e1s b\u00f6lcs\u0151j\u00e9ben Skandin\u00e1vi\u00e1ban. Ezen k\u00edv\u00fcl rendszeresen j\u00e1runk k\u00fclf\u00f6ldi versenyekre, els\u0151sorban Csehorsz\u00e1gba, Szlov\u00e9ni\u00e1ba \u00e9s a az eur\u00f3pai mediterr\u00e1n orsz\u00e1gokba, de sok m\u00e1s orsz\u00e1gban is bizony\u00edtottak m\u00e1r fut\u00f3ink. A m\u00e1sik kapcsolatunk finnekkel szint\u00e9n r\u00e9g\u00f3ta tart: 1994-ben az akkori nagyk\u00f6vet,\u00a0<a href=\"https:\/\/mom-o.hu\/?page_id=134\">Pertti Torstila alap\u00edtott egy d\u00edjat<\/a>, melyet az\u00f3ta is minden \u00e9vben az \u00e9ppen hivatalban l\u00e9v\u0151 nagyk\u00f6vet ad \u00e1t a MOM legjobb ut\u00e1np\u00f3tl\u00e1skor\u00fa versenyz\u0151j\u00e9nek, egy fogad\u00e1s keret\u00e9ben.<\/p>\n<\/div><\/div><\/div>\n\n\n\n<div class=\"wp-block-stackable-column stk-block-column stk-column stk-block stk-6527eea\" data-v=\"4\" data-block-id=\"6527eea\"><style>.stk-6527eea-inner-blocks{align-items:center !important}<\/style><div class=\"stk-column-wrapper stk-block-column__content stk-container stk-6527eea-container stk--no-background stk--no-padding\"><div class=\"stk--column-flex stk-block-content stk-inner-blocks stk-6527eea-inner-blocks\">\n<figure class=\"wp-block-image size-large\"><img loading=\"lazy\" decoding=\"async\" width=\"1024\" height=\"498\" src=\"https:\/\/mom-o.hu\/wp-content\/uploads\/2023\/12\/295987673_1084490739162841_3439562919514544943_n-1024x498.jpg\" alt=\"\" class=\"wp-image-1099\" srcset=\"https:\/\/mom-o.hu\/wp-content\/uploads\/2023\/12\/295987673_1084490739162841_3439562919514544943_n-1024x498.jpg 1024w, https:\/\/mom-o.hu\/wp-content\/uploads\/2023\/12\/295987673_1084490739162841_3439562919514544943_n-300x146.jpg 300w, https:\/\/mom-o.hu\/wp-content\/uploads\/2023\/12\/295987673_1084490739162841_3439562919514544943_n-768x373.jpg 768w, https:\/\/mom-o.hu\/wp-content\/uploads\/2023\/12\/295987673_1084490739162841_3439562919514544943_n.jpg 1296w\" sizes=\"auto, (max-width: 1024px) 100vw, 1024px\" \/><\/figure>\n<\/div><\/div><\/div>\n<\/div><\/div>\n\n\n\n<div class=\"wp-block-stackable-columns stk-block-columns stk-has-top-separator stk-has-bottom-separator stk-block stk-2dde725 stk-block-background\" data-block-id=\"2dde725\"><style>.stk-2dde725-column{--stk-columns-spacing:0px !important}<\/style><div class=\"stk-separator stk-separator__top\"><div class=\"stk-separator__wrapper\"><svg xmlns=\"http:\/\/www.w3.org\/2000\/svg\" viewBox=\"0 0 1600 200\" class=\"stk-separator__layer-1\" preserveAspectRatio=\"none\" aria-hidden=\"true\"><path class=\"wave-3_svg__st2\" d=\"M1413.6 161.4c-157.9 0-338.2-37.7-495.1-67.4-215.6-40.8-328.1-44.6-418.2-41.1S317 73.4 188.4 102-10 136.2-10 136.2v74.2h1620v-68.5s-68.8 19.5-196.4 19.5z\"><\/path><\/svg><\/div><\/div><div class=\"stk-row stk-inner-blocks stk-block-content stk-content-align stk-2dde725-column\">\n<div class=\"wp-block-stackable-column stk-block-column stk-column stk-block stk-825dbe8\" data-v=\"4\" data-block-id=\"825dbe8\"><div class=\"stk-column-wrapper stk-block-column__content stk-container stk-825dbe8-container stk--no-background stk--no-padding\"><div class=\"stk-block-content stk-inner-blocks stk-825dbe8-inner-blocks\">\n<p class=\"wp-block-paragraph\">\u00c9ves rendszeress\u00e9ggel rendezz\u00fck meg legf\u0151bb rangsorol\u00f3 verseny\u00fcnket a MOM Kup\u00e1t; ezen k\u00edv\u00fcl \u00e9vente t\u00f6bb <a href=\"https:\/\/mom-o.hu\/?page_id=121\">kisebb-nagyobb versenyt<\/a> is szervez\u00fcnk. 2022-ben elind\u00edtottuk a budapesti szerdai versenyeinkre \u00e9p\u00fcl\u0151 <a href=\"https:\/\/mom-o.hu\/?page_id=613\">MOM-os Kalandok sorozatot<\/a>, amely az\u00f3ta is t\u00f6retlen sikernek \u00f6rvend. R\u00e9szt vett\u00fcnk t\u00f6bb nagy nemzetk\u00f6zi verseny rendez\u00e9s\u00e9ben is: vil\u00e1g \u00e9s Eur\u00f3pa-bajnoks\u00e1gokon, Euromeetingen \u00e9s Hung\u00e1ria Kup\u00e1n is l\u00e1ttunk el feladatokat; k\u00e9pzett versenyb\u00edr\u00f3ink rendszeresen kapnak felk\u00e9r\u00e9seket k\u00fcl\u00f6nf\u00e9le versenyek f\u0151rendez\u0151it\u0151l.<br>T\u00f6bb budapesti \u00e9s Budapest k\u00f6rny\u00e9ki terepr\u0151l k\u00e9sz\u00edtett\u00fcnk t\u00e9rk\u00e9pet, itt els\u0151sorban Kisv\u00f6lcsey \u00c1kos munk\u00e1it \u00e9rdemes megeml\u00edteni.<\/p>\n<\/div><\/div><\/div>\n\n\n\n<div class=\"wp-block-stackable-column stk-block-column stk-column stk-block stk-b901e8d\" data-v=\"4\" data-block-id=\"b901e8d\"><style>.stk-b901e8d-inner-blocks{align-items:center !important}<\/style><div class=\"stk-column-wrapper stk-block-column__content stk-container stk-b901e8d-container stk--no-background stk--no-padding\"><div class=\"stk--column-flex stk-block-content stk-inner-blocks stk-b901e8d-inner-blocks\">\n<figure class=\"wp-block-image size-large is-resized\"><img loading=\"lazy\" decoding=\"async\" width=\"711\" height=\"1024\" src=\"https:\/\/mom-o.hu\/wp-content\/uploads\/2024\/01\/28926_momKupa2022_1futam_All-711x1024.jpg\" alt=\"\" class=\"wp-image-1110\" style=\"width:317px;height:auto\" srcset=\"https:\/\/mom-o.hu\/wp-content\/uploads\/2024\/01\/28926_momKupa2022_1futam_All-711x1024.jpg 711w, https:\/\/mom-o.hu\/wp-content\/uploads\/2024\/01\/28926_momKupa2022_1futam_All-208x300.jpg 208w, https:\/\/mom-o.hu\/wp-content\/uploads\/2024\/01\/28926_momKupa2022_1futam_All-768x1106.jpg 768w, https:\/\/mom-o.hu\/wp-content\/uploads\/2024\/01\/28926_momKupa2022_1futam_All.jpg 1036w\" sizes=\"auto, (max-width: 711px) 100vw, 711px\" \/><\/figure>\n<\/div><\/div><\/div>\n<\/div><div class=\"stk-separator stk-separator__bottom\"><div class=\"stk-separator__wrapper\"><svg xmlns=\"http:\/\/www.w3.org\/2000\/svg\" viewBox=\"0 0 1600 200\" class=\"stk-separator__layer-1\" preserveAspectRatio=\"none\" aria-hidden=\"true\"><path class=\"wave-3_svg__st2\" d=\"M1413.6 161.4c-157.9 0-338.2-37.7-495.1-67.4-215.6-40.8-328.1-44.6-418.2-41.1S317 73.4 188.4 102-10 136.2-10 136.2v74.2h1620v-68.5s-68.8 19.5-196.4 19.5z\"><\/path><\/svg><\/div><\/div><\/div>\n\n\n\n<div class=\"wp-block-stackable-columns stk-block-columns stk-block stk-695d891\" data-block-id=\"695d891\"><style>.stk-695d891-column{--stk-columns-spacing:0px !important}<\/style><div class=\"stk-row stk-inner-blocks stk-block-content stk-content-align stk-695d891-column\">\n<div class=\"wp-block-stackable-column stk-block-column stk-column stk-block stk-a0adaf1\" data-v=\"4\" data-block-id=\"a0adaf1\"><style>@media screen and (min-width:768px){.stk-a0adaf1{flex:1 1 calc(49% - var(--stk-column-gap,0px) * 1 \/ 2 ) !important}}<\/style><div class=\"stk-column-wrapper stk-block-column__content stk-container stk-a0adaf1-container stk--no-background stk--no-padding\"><div class=\"stk-block-content stk-inner-blocks stk-a0adaf1-inner-blocks\">\n<p class=\"wp-block-paragraph\">A jelenlegi eredm\u00e9nyes \u00e9s probl\u00e9mamentes m\u0171k\u00f6d\u00e9st nagyban a XII. ker\u00fclet Hegyvid\u00e9k \u00d6nkorm\u00e1nyzat\u00e1nak \u00e9s a Hegyvid\u00e9ki Szabadid\u0151sport Nonprofit Kft-nek k\u00f6sz\u00f6nhetj\u00fck. Mivel k\u00f6lts\u00e9gvet\u00e9s\u00fcnk jelent\u0151s r\u00e9sz\u00e9t \u00e1llj\u00e1k, a tagd\u00edjak \u00f6sszeg\u00e9t alacsonyan tudjuk tartani. S\u0151t, sz\u00e1mos esetben hozz\u00e1 tudunk j\u00e1rulni a rendszeresen edz\u0151 fiatalok versenyz\u00e9si k\u00f6lts\u00e9geihez \u00e9s \u00e9lversenyz\u0151ink nemzetk\u00f6zi edz\u0151t\u00e1boraihoz is.<\/p>\n<\/div><\/div><\/div>\n\n\n\n<div class=\"wp-block-stackable-column stk-block-column stk-column stk-block stk-2e51566\" data-v=\"4\" data-block-id=\"2e51566\"><style>.stk-2e51566-inner-blocks{align-items:center !important}@media screen and (min-width:768px){.stk-2e51566{flex:1 1 calc(51% - var(--stk-column-gap,0px) * 1 \/ 2 ) !important}}<\/style><div class=\"stk-column-wrapper stk-block-column__content stk-container stk-2e51566-container stk--no-background stk--no-padding\"><div class=\"stk--column-flex stk-block-content stk-inner-blocks stk-2e51566-inner-blocks\">\n<figure class=\"wp-block-image size-large is-resized\"><img loading=\"lazy\" decoding=\"async\" width=\"1024\" height=\"1024\" src=\"https:\/\/mom-o.hu\/wp-content\/uploads\/2023\/12\/IMG_20231228_185601-1024x1024.jpg\" alt=\"\" class=\"wp-image-1066\" style=\"width:321px;height:auto\" srcset=\"https:\/\/mom-o.hu\/wp-content\/uploads\/2023\/12\/IMG_20231228_185601-1024x1024.jpg 1024w, https:\/\/mom-o.hu\/wp-content\/uploads\/2023\/12\/IMG_20231228_185601-300x300.jpg 300w, https:\/\/mom-o.hu\/wp-content\/uploads\/2023\/12\/IMG_20231228_185601-150x150.jpg 150w, https:\/\/mom-o.hu\/wp-content\/uploads\/2023\/12\/IMG_20231228_185601-768x768.jpg 768w, https:\/\/mom-o.hu\/wp-content\/uploads\/2023\/12\/IMG_20231228_185601-1536x1536.jpg 1536w, https:\/\/mom-o.hu\/wp-content\/uploads\/2023\/12\/IMG_20231228_185601-2048x2048.jpg 2048w\" sizes=\"auto, (max-width: 1024px) 100vw, 1024px\" \/><\/figure>\n<\/div><\/div><\/div>\n<\/div><\/div>\n","protected":false},"excerpt":{"rendered":"<p>Budapest XII. ker\u00fclet\u00e9nek (Hegyvid\u00e9k) t\u00e1jfut\u00f3 szakoszt\u00e1lya vagyunk, jelenleg mintegy 40-en. Igyekezet\u00fcnk els\u0151sorban az ut\u00e1np\u00f3tl\u00e1s-nevel\u00e9sre ir\u00e1nyul, tagjaink k\u00f6r\u00fclbel\u00fcl fele ut\u00e1np\u00f3tl\u00e1skor\u00fa versenyz\u0151; a t\u00f6bbiek alkotj\u00e1k a ki\u00f6regedett ut\u00e1np\u00f3tl\u00e1st. A min\u0151s\u00e9gi k\u00e9pz\u00e9st tartjuk szem el\u0151tt, de term\u00e9szetesen minden t\u00e1jfut\u00e1s ir\u00e1nt \u00e9rdekl\u0151d\u0151 gyereket sz\u00edvesen fogadunk. Szakoszt\u00e1lyunk k\u00e9pes felk\u00e9sz\u00edteni azokat, akik a legmagasabb szinten k\u00edv\u00e1nj\u00e1k \u0171zni ezt a sportot: 2023-ig [&hellip;]<\/p>\n","protected":false},"author":1,"featured_media":0,"parent":0,"menu_order":-1,"comment_status":"closed","ping_status":"closed","template":"","meta":{"_crdt_document":"","_uag_custom_page_level_css":"","site-sidebar-layout":"default","site-content-layout":"","ast-site-content-layout":"default","site-content-style":"default","site-sidebar-style":"default","ast-global-header-display":"","ast-banner-title-visibility":"","ast-main-header-display":"","ast-hfb-above-header-display":"","ast-hfb-below-header-display":"","ast-hfb-mobile-header-display":"","site-post-title":"","ast-breadcrumbs-content":"","ast-featured-img":"","footer-sml-layout":"","theme-transparent-header-meta":"","adv-header-id-meta":"","stick-header-meta":"","header-above-stick-meta":"","header-main-stick-meta":"","header-below-stick-meta":"","astra-migrate-meta-layouts":"default","ast-page-background-enabled":"default","ast-page-background-meta":{"desktop":{"background-color":"var(--ast-global-color-4)","background-image":"","background-repeat":"repeat","background-position":"center center","background-size":"auto","background-attachment":"scroll","background-type":"","background-media":"","overlay-type":"","overlay-color":"","overlay-opacity":"","overlay-gradient":""},"tablet":{"background-color":"","background-image":"","background-repeat":"repeat","background-position":"center center","background-size":"auto","background-attachment":"scroll","background-type":"","background-media":"","overlay-type":"","overlay-color":"","overlay-opacity":"","overlay-gradient":""},"mobile":{"background-color":"","background-image":"","background-repeat":"repeat","background-position":"center center","background-size":"auto","background-attachment":"scroll","background-type":"","background-media":"","overlay-type":"","overlay-color":"","overlay-opacity":"","overlay-gradient":""}},"ast-content-background-meta":{"desktop":{"background-color":"var(--ast-global-color-5)","background-image":"","background-repeat":"repeat","background-position":"center center","background-size":"auto","background-attachment":"scroll","background-type":"","background-media":"","overlay-type":"","overlay-color":"","overlay-opacity":"","overlay-gradient":""},"tablet":{"background-color":"var(--ast-global-color-5)","background-image":"","background-repeat":"repeat","background-position":"center center","background-size":"auto","background-attachment":"scroll","background-type":"","background-media":"","overlay-type":"","overlay-color":"","overlay-opacity":"","overlay-gradient":""},"mobile":{"background-color":"var(--ast-global-color-5)","background-image":"","background-repeat":"repeat","background-position":"center center","background-size":"auto","background-attachment":"scroll","background-type":"","background-media":"","overlay-type":"","overlay-color":"","overlay-opacity":"","overlay-gradient":""}},"footnotes":""},"class_list":["post-175","page","type-page","status-publish","hentry"],"uagb_featured_image_src":{"full":false,"thumbnail":false,"medium":false,"medium_large":false,"large":false,"1536x1536":false,"2048x2048":false},"uagb_author_info":{"display_name":"hellomarci","author_link":"https:\/\/mom-o.hu\/?author=1"},"uagb_comment_info":0,"uagb_excerpt":"Budapest XII. ker\u00fclet\u00e9nek (Hegyvid\u00e9k) t\u00e1jfut\u00f3 szakoszt\u00e1lya vagyunk, jelenleg mintegy 40-en. Igyekezet\u00fcnk els\u0151sorban az ut\u00e1np\u00f3tl\u00e1s-nevel\u00e9sre ir\u00e1nyul, tagjaink k\u00f6r\u00fclbel\u00fcl fele ut\u00e1np\u00f3tl\u00e1skor\u00fa versenyz\u0151; a t\u00f6bbiek alkotj\u00e1k a ki\u00f6regedett ut\u00e1np\u00f3tl\u00e1st. A min\u0151s\u00e9gi k\u00e9pz\u00e9st tartjuk szem el\u0151tt, de term\u00e9szetesen minden t\u00e1jfut\u00e1s ir\u00e1nt \u00e9rdekl\u0151d\u0151 gyereket sz\u00edvesen fogadunk. Szakoszt\u00e1lyunk k\u00e9pes felk\u00e9sz\u00edteni azokat, akik a legmagasabb szinten k\u00edv\u00e1nj\u00e1k \u0171zni ezt a sportot: 2023-ig&hellip;","_links":{"self":[{"href":"https:\/\/mom-o.hu\/index.php?rest_route=\/wp\/v2\/pages\/175","targetHints":{"allow":["GET"]}}],"collection":[{"href":"https:\/\/mom-o.hu\/index.php?rest_route=\/wp\/v2\/pages"}],"about":[{"href":"https:\/\/mom-o.hu\/index.php?rest_route=\/wp\/v2\/types\/page"}],"author":[{"embeddable":true,"href":"https:\/\/mom-o.hu\/index.php?rest_route=\/wp\/v2\/users\/1"}],"replies":[{"embeddable":true,"href":"https:\/\/mom-o.hu\/index.php?rest_route=%2Fwp%2Fv2%2Fcomments&post=175"}],"version-history":[{"count":48,"href":"https:\/\/mom-o.hu\/index.php?rest_route=\/wp\/v2\/pages\/175\/revisions"}],"predecessor-version":[{"id":1201,"href":"https:\/\/mom-o.hu\/index.php?rest_route=\/wp\/v2\/pages\/175\/revisions\/1201"}],"wp:attachment":[{"href":"https:\/\/mom-o.hu\/index.php?rest_route=%2Fwp%2Fv2%2Fmedia&parent=175"}],"curies":[{"name":"wp","href":"https:\/\/api.w.org\/{rel}","templated":true}]}}