{"id":29,"date":"2023-09-28T05:56:02","date_gmt":"2023-09-28T05:56:02","guid":{"rendered":"https:\/\/mom-o.hu\/new\/?page_id=29"},"modified":"2023-11-26T21:44:26","modified_gmt":"2023-11-26T20:44:26","slug":"contact-us","status":"publish","type":"page","link":"https:\/\/mom-o.hu\/?page_id=29","title":{"rendered":"Kapcsolat"},"content":{"rendered":"<p>Edz\u00e9sekkel kapcsolatos k\u00e9rd\u00e9sekben Dobr\u00f3ka Anett (kezd\u0151k, 70\/3711043) vagy Kisv\u00f6lcsey \u00c1kos (halad\u00f3k, <a href=\"mailto:ksvlcs@gmail.com\">ksvlcs@gmail.com<\/a>) tud naprak\u00e9sz felvil\u00e1gos\u00edt\u00e1st adni. Ezeken k\u00edv\u00fcl a lenti e-mail c\u00edmen \u00e9s Facebook \u00fczenetben is el\u00e9rhet\u0151ek vagyunk.<\/p>\n<ul>\n<li><strong>Hegyvid\u00e9ki Szabadid\u0151sport Nonprofit Kft. T\u00e1jfut\u00f3 Szakoszt\u00e1ly<\/strong><\/li>\n<li><b>Email:<\/b> <a href=\"mailto:info@mom-o.hu\">info@mom-o.hu<\/a><\/li>\n<li><b>Facebook:<\/b> <a href=\"https:\/\/www.facebook.com\/momhegyvidek\">https:\/\/www.facebook.com\/momhegyvidek<\/a><\/li>\n<li><b>Sz\u00e1ml\u00e1z\u00e1si c\u00edm\u00fcnk:<\/b> <span class=\"_xdb\"><span class=\"_Xbe\">1122<\/span> <\/span><span class=\"_Xbe\">Budapest, V\u00e1rosmajor u. 29.<\/span><\/li>\n<li><b>Ad\u00f3sz\u00e1munk<\/b>: 24388153-2-43<\/li>\n<\/ul>\n","protected":false},"excerpt":{"rendered":"<p>Edz\u00e9sekkel kapcsolatos k\u00e9rd\u00e9sekben Dobr\u00f3ka Anett (kezd\u0151k, 70\/3711043) vagy Kisv\u00f6lcsey \u00c1kos (halad\u00f3k, ksvlcs@gmail.com) tud naprak\u00e9sz felvil\u00e1gos\u00edt\u00e1st adni. Ezeken k\u00edv\u00fcl a lenti e-mail c\u00edmen \u00e9s Facebook \u00fczenetben is el\u00e9rhet\u0151ek vagyunk. Hegyvid\u00e9ki Szabadid\u0151sport Nonprofit Kft. T\u00e1jfut\u00f3 Szakoszt\u00e1ly Email: info@mom-o.hu Facebook: https:\/\/www.facebook.com\/momhegyvidek Sz\u00e1ml\u00e1z\u00e1si c\u00edm\u00fcnk: 1122 Budapest, V\u00e1rosmajor u. 29. Ad\u00f3sz\u00e1munk: 24388153-2-43<\/p>\n","protected":false},"author":1,"featured_media":0,"parent":0,"menu_order":10,"comment_status":"closed","ping_status":"closed","template":"elementor_header_footer","meta":{"_crdt_document":"","_uag_custom_page_level_css":"","site-sidebar-layout":"default","site-content-layout":"","ast-site-content-layout":"default","site-content-style":"default","site-sidebar-style":"default","ast-global-header-display":"","ast-banner-title-visibility":"","ast-main-header-display":"","ast-hfb-above-header-display":"","ast-hfb-below-header-display":"","ast-hfb-mobile-header-display":"","site-post-title":"","ast-breadcrumbs-content":"","ast-featured-img":"","footer-sml-layout":"","theme-transparent-header-meta":"","adv-header-id-meta":"","stick-header-meta":"","header-above-stick-meta":"","header-main-stick-meta":"","header-below-stick-meta":"","astra-migrate-meta-layouts":"default","ast-page-background-enabled":"default","ast-page-background-meta":{"desktop":{"background-color":"var(--ast-global-color-4)","background-image":"","background-repeat":"repeat","background-position":"center center","background-size":"auto","background-attachment":"scroll","background-type":"","background-media":"","overlay-type":"","overlay-color":"","overlay-opacity":"","overlay-gradient":""},"tablet":{"background-color":"","background-image":"","background-repeat":"repeat","background-position":"center center","background-size":"auto","background-attachment":"scroll","background-type":"","background-media":"","overlay-type":"","overlay-color":"","overlay-opacity":"","overlay-gradient":""},"mobile":{"background-color":"","background-image":"","background-repeat":"repeat","background-position":"center center","background-size":"auto","background-attachment":"scroll","background-type":"","background-media":"","overlay-type":"","overlay-color":"","overlay-opacity":"","overlay-gradient":""}},"ast-content-background-meta":{"desktop":{"background-color":"var(--ast-global-color-5)","background-image":"","background-repeat":"repeat","background-position":"center center","background-size":"auto","background-attachment":"scroll","background-type":"","background-media":"","overlay-type":"","overlay-color":"","overlay-opacity":"","overlay-gradient":""},"tablet":{"background-color":"var(--ast-global-color-5)","background-image":"","background-repeat":"repeat","background-position":"center center","background-size":"auto","background-attachment":"scroll","background-type":"","background-media":"","overlay-type":"","overlay-color":"","overlay-opacity":"","overlay-gradient":""},"mobile":{"background-color":"var(--ast-global-color-5)","background-image":"","background-repeat":"repeat","background-position":"center center","background-size":"auto","background-attachment":"scroll","background-type":"","background-media":"","overlay-type":"","overlay-color":"","overlay-opacity":"","overlay-gradient":""}},"footnotes":""},"class_list":["post-29","page","type-page","status-publish","hentry"],"uagb_featured_image_src":{"full":false,"thumbnail":false,"medium":false,"medium_large":false,"large":false,"1536x1536":false,"2048x2048":false},"uagb_author_info":{"display_name":"hellomarci","author_link":"https:\/\/mom-o.hu\/?author=1"},"uagb_comment_info":0,"uagb_excerpt":"Edz\u00e9sekkel kapcsolatos k\u00e9rd\u00e9sekben Dobr\u00f3ka Anett (kezd\u0151k, 70\/3711043) vagy Kisv\u00f6lcsey \u00c1kos (halad\u00f3k, ksvlcs@gmail.com) tud naprak\u00e9sz felvil\u00e1gos\u00edt\u00e1st adni. Ezeken k\u00edv\u00fcl a lenti e-mail c\u00edmen \u00e9s Facebook \u00fczenetben is el\u00e9rhet\u0151ek vagyunk. Hegyvid\u00e9ki Szabadid\u0151sport Nonprofit Kft. T\u00e1jfut\u00f3 Szakoszt\u00e1ly Email: info@mom-o.hu Facebook: https:\/\/www.facebook.com\/momhegyvidek Sz\u00e1ml\u00e1z\u00e1si c\u00edm\u00fcnk: 1122 Budapest, V\u00e1rosmajor u. 29. Ad\u00f3sz\u00e1munk: 24388153-2-43","_links":{"self":[{"href":"https:\/\/mom-o.hu\/index.php?rest_route=\/wp\/v2\/pages\/29","targetHints":{"allow":["GET"]}}],"collection":[{"href":"https:\/\/mom-o.hu\/index.php?rest_route=\/wp\/v2\/pages"}],"about":[{"href":"https:\/\/mom-o.hu\/index.php?rest_route=\/wp\/v2\/types\/page"}],"author":[{"embeddable":true,"href":"https:\/\/mom-o.hu\/index.php?rest_route=\/wp\/v2\/users\/1"}],"replies":[{"embeddable":true,"href":"https:\/\/mom-o.hu\/index.php?rest_route=%2Fwp%2Fv2%2Fcomments&post=29"}],"version-history":[{"count":15,"href":"https:\/\/mom-o.hu\/index.php?rest_route=\/wp\/v2\/pages\/29\/revisions"}],"predecessor-version":[{"id":765,"href":"https:\/\/mom-o.hu\/index.php?rest_route=\/wp\/v2\/pages\/29\/revisions\/765"}],"wp:attachment":[{"href":"https:\/\/mom-o.hu\/index.php?rest_route=%2Fwp%2Fv2%2Fmedia&parent=29"}],"curies":[{"name":"wp","href":"https:\/\/api.w.org\/{rel}","templated":true}]}}