{"id":440,"date":"2023-10-23T13:20:23","date_gmt":"2023-10-23T11:20:23","guid":{"rendered":"https:\/\/mom-o.hu\/new\/?page_id=440"},"modified":"2023-11-26T16:52:30","modified_gmt":"2023-11-26T15:52:30","slug":"eredmenyeink-2020","status":"publish","type":"page","link":"https:\/\/mom-o.hu\/?page_id=440","title":{"rendered":"Eredm\u00e9nyeink 2020"},"content":{"rendered":"<div class=\"gb-container gb-container-78de2dad\">\n\n<p class=\"wp-block-paragraph\"><strong>2020.<\/strong><\/p>\n\n\n\n<figure class=\"wp-block-table\"><table><tbody><tr><td colspan=\"3\"><strong>Orsz\u00e1gos bajnoks\u00e1gok<\/strong><\/td><\/tr><tr><td><strong>Helyez\u00e9s<\/strong><\/td><td><strong>N\u00e9v<\/strong><\/td><td><strong>Kateg\u00f3ria<\/strong><\/td><\/tr><tr><td colspan=\"3\"><strong>K\u00f6z\u00e9pt\u00e1v\u00fa ob<\/strong><\/td><\/tr><tr><td><strong>1.<\/strong><\/td><td><img decoding=\"async\" src=\"eremA.gif\" alt=\"eremA\"><strong>Mikes Janka<\/strong><\/td><td><strong>N14<\/strong><\/td><\/tr><tr><td><strong>1.<\/strong><\/td><td><img decoding=\"async\" src=\"eremA.gif\" alt=\"eremE\"><strong>G\u00e1rdonyi Csilla<\/strong><\/td><td><strong>N21<\/strong><\/td><\/tr><tr><td><strong>2.<\/strong><\/td><td><img decoding=\"async\" src=\"eremE.gif\" alt=\"eremE\"><strong>S\u00e1rk\u00f6zy Rita<\/strong><\/td><td><strong>N16<\/strong><\/td><\/tr><tr><td><strong>2.<\/strong><\/td><td><img decoding=\"async\" src=\"eremE.gif\" alt=\"eremE\"><strong>Czak\u00f3 Bogl\u00e1rka<\/strong><\/td><td><strong>N18<\/strong><\/td><\/tr><tr><td><strong>2.<\/strong><\/td><td><img decoding=\"async\" src=\"eremE.gif\" alt=\"eremE\"><strong>K\u00e9zdy Borb\u00e1la<\/strong><\/td><td><strong>N21<\/strong><\/td><\/tr><tr><td><strong>4.<\/strong><\/td><td><img decoding=\"async\" src=\"kisboja.gif\" alt=\"kisboja\">&nbsp;<strong>Zempl\u00e9ni Lilla<\/strong><\/td><td><strong>N16<\/strong><\/td><\/tr><tr><td colspan=\"3\"><strong>V\u00e1lt\u00f3 ob<\/strong><\/td><\/tr><tr><td><strong>1.<\/strong><\/td><td><img decoding=\"async\" src=\"kupaA.gif\" alt=\"kupaA\"><strong>S\u00e1rk\u00f6zy Rita, Zempl\u00e9ni Lilla, Czak\u00f3 Bogl\u00e1rka<\/strong><\/td><td><strong>N18<\/strong><\/td><\/tr><tr><td><strong>1.<\/strong><\/td><td><img decoding=\"async\" src=\"kupaA.gif\" alt=\"kupaA\"><strong>K\u00e9zdy Borb\u00e1la, Mikes Janka, G\u00e1rdonyi Csilla<\/strong><\/td><td><strong>N21<\/strong><\/td><\/tr><tr><td colspan=\"3\"><strong>Sprint ob<\/strong><\/td><\/tr><tr><td><strong>1.<\/strong><\/td><td><img decoding=\"async\" src=\"eremA.gif\" alt=\"eremA\"><strong>Mikes Janka<\/strong><\/td><td><strong>N14<\/strong><\/td><\/tr><tr><td><strong>1.<\/strong><\/td><td><img decoding=\"async\" src=\"eremA.gif\" alt=\"eremE\"><strong>G\u00e1rdonyi Csilla<\/strong><\/td><td><strong>N21<\/strong><\/td><\/tr><tr><td><strong>3.<\/strong><\/td><td><img decoding=\"async\" src=\"eremB.gif\" alt=\"eremB\"><strong>S\u00e1rk\u00f6zy Rita<\/strong><\/td><td><strong>N16<\/strong><\/td><\/tr><tr><td><strong>4.<\/strong><\/td><td><img decoding=\"async\" src=\"kisboja.gif\" alt=\"kisboja\">&nbsp;<strong>Zempl\u00e9ni Lilla<\/strong><\/td><td><strong>N16<\/strong><\/td><\/tr><tr><td colspan=\"3\"><strong>Sprintv\u00e1lt\u00f3 ob<\/strong><\/td><\/tr><tr><td><strong>5.<\/strong><\/td><td><img decoding=\"async\" src=\"kisboja.gif\" alt=\"kisboja\">&nbsp;<strong>S\u00e1rk\u00f6zy Rita, G\u00e1rdonyi Soma, Zempl\u00e9ni Lilla, Mikes Janka&nbsp;<\/strong><\/td><td><strong>V18<\/strong><\/td><\/tr><tr><td><strong>5.<\/strong><\/td><td><img decoding=\"async\" src=\"kisboja.gif\" alt=\"kisboja\">&nbsp;<strong>K\u00e9zdy Borb\u00e1la, Mets M\u00e1rton, Zsebeh\u00e1zy Istv\u00e1n, G\u00e1rdonyi Csilla<\/strong><\/td><td><strong>V21<\/strong><\/td><\/tr><tr><td colspan=\"3\"><strong>Egyes\u00fcleti v\u00e1lt\u00f3 ob<\/strong><\/td><\/tr><tr><td><strong>1.<\/strong><\/td><td><img decoding=\"async\" src=\"kupaA.gif\" alt=\"kupaA\"><strong>Mikes Janka, Zempl\u00e9ni Lilla, S\u00e1rk\u00f6zy Rita, K\u00e9zdy Borb\u00e1la, G\u00e1rdonyi Csilla<\/strong><\/td><td><strong>N\u0151i<\/strong><\/td><\/tr><tr><td colspan=\"3\"><strong>\u00c9jszakai ob<\/strong><\/td><\/tr><tr><td><strong>1.<\/strong><\/td><td><img decoding=\"async\" src=\"eremA.gif\" alt=\"eremA\"><strong>Zempl\u00e9ni Lilla<\/strong><\/td><td><strong>N18<\/strong><\/td><\/tr><tr><td><strong>1.<\/strong><\/td><td><img decoding=\"async\" src=\"eremA.gif\" alt=\"eremE\"><strong>G\u00e1rdonyi Csilla<\/strong><\/td><td><strong>N21<\/strong><\/td><\/tr><tr><td><strong>4.<\/strong><\/td><td><img decoding=\"async\" src=\"kisboja.gif\" alt=\"kisboja\">&nbsp;<strong>S\u00e1rk\u00f6zy Rita<\/strong><\/td><td><strong>N16<\/strong><\/td><\/tr><tr><td><strong>4.<\/strong><\/td><td><img decoding=\"async\" src=\"kisboja.gif\" alt=\"kisboja\">&nbsp;<strong>K\u00e9zdy Borb\u00e1la<\/strong><\/td><td><strong>N21<\/strong><\/td><\/tr><tr><td><strong>5.<\/strong><\/td><td><img decoding=\"async\" src=\"kisboja.gif\" alt=\"kisboja\">&nbsp;<strong>G\u00e1rdonyi Soma<\/strong><\/td><td><strong>F18<\/strong><\/td><\/tr><tr><td><strong>6.<\/strong><\/td><td><img decoding=\"async\" src=\"kisboja.gif\" alt=\"kisboja\">&nbsp;<strong>Mikes Janka<\/strong><\/td><td><strong>N16<\/strong><\/td><\/tr><tr><td><strong>6.<\/strong><\/td><td><img decoding=\"async\" src=\"kisboja.gif\" alt=\"kisboja\">&nbsp;<strong>Zsebeh\u00e1zy Istv\u00e1n<\/strong><\/td><td><strong>F21<\/strong><\/td><\/tr><tr><td colspan=\"3\"><strong>Norm\u00e1lt\u00e1v\u00fa ob<\/strong><\/td><\/tr><tr><td><strong>1.<\/strong><\/td><td><img decoding=\"async\" src=\"eremA.gif\" alt=\"eremA\"><strong>Mikes Janka<\/strong><\/td><td><strong>N14<\/strong><\/td><\/tr><tr><td><strong>1.<\/strong><\/td><td><img decoding=\"async\" src=\"eremA.gif\" alt=\"eremA\"><strong>S\u00e1rk\u00f6zy Rita<\/strong><\/td><td><strong>N16<\/strong><\/td><\/tr><tr><td><strong>1.<\/strong><\/td><td><img decoding=\"async\" src=\"eremA.gif\" alt=\"eremE\"><strong>G\u00e1rdonyi Csilla<\/strong><\/td><td><strong>N21<\/strong><\/td><\/tr><tr><td><strong>3.<\/strong><\/td><td><img decoding=\"async\" src=\"eremB.gif\" alt=\"eremB\"><strong>K\u00e9zdy Borb\u00e1la<\/strong><\/td><td><strong>N21<\/strong><\/td><\/tr><tr><td><strong>6.<\/strong><\/td><td><img decoding=\"async\" src=\"kisboja.gif\" alt=\"kisboja\">&nbsp;<strong>Zempl\u00e9ni Lilla<\/strong><\/td><td><strong>N18<\/strong><\/td><\/tr><tr><td colspan=\"3\"><strong>Pontbegy\u0171jt\u0151 csapatbajnoks\u00e1g<\/strong><\/td><\/tr><tr><td><strong>1.<\/strong><\/td><td><img decoding=\"async\" src=\"kupaA.gif\" alt=\"kupaA\"><strong>Gerzs\u00e9nyi Bodza, Mikes Janka, S\u00e1rk\u00f6zy Rita<\/strong><\/td><td><strong>N16<\/strong><\/td><\/tr><tr><td><strong>1.<\/strong><\/td><td><img decoding=\"async\" src=\"kupaA.gif\" alt=\"kupaA\"><strong>Iv\u00e1n Eszter, K\u00e1lm\u00e1n Tamara, L\u00e1szl\u00f3 Dorottya<\/strong><\/td><td><strong>N20<\/strong><\/td><\/tr><tr><td><strong>1.<\/strong><\/td><td><img decoding=\"async\" src=\"kupaA.gif\" alt=\"kupaA\"><strong>G\u00e1rdonyi Csilla, K\u00e9zdy Borb\u00e1la, Zempl\u00e9ni Lilla<\/strong><\/td><td><strong>N21<\/strong><\/td><\/tr><tr><td><strong>2.<\/strong><\/td><td><img decoding=\"async\" src=\"kupaE.gif\" alt=\"kupaE\"><strong>Kisv\u00f6lcsey \u00c1kos, Mets M\u00e1rton, Zsebeh\u00e1zy Istv\u00e1n<\/strong><\/td><td><strong>F21<\/strong><\/td><\/tr><tr><td><strong>6.<\/strong><\/td><td><img decoding=\"async\" src=\"kisboja.gif\" alt=\"kisboja\">&nbsp;<strong>Gy\u00f6rgyi P\u00e9ter, Kain Gergely, Oszlovics \u00c1d\u00e1m<\/strong><\/td><td><strong>F21<\/strong><\/td><\/tr><\/tbody><\/table><\/figure>\n\n<\/div>","protected":false},"excerpt":{"rendered":"<p>2020. Orsz\u00e1gos bajnoks\u00e1gok Helyez\u00e9s N\u00e9v Kateg\u00f3ria K\u00f6z\u00e9pt\u00e1v\u00fa ob 1. Mikes Janka N14 1. G\u00e1rdonyi Csilla N21 2. S\u00e1rk\u00f6zy Rita N16 2. Czak\u00f3 Bogl\u00e1rka N18 2. K\u00e9zdy Borb\u00e1la N21 4. &nbsp;Zempl\u00e9ni Lilla N16 V\u00e1lt\u00f3 ob 1. S\u00e1rk\u00f6zy Rita, Zempl\u00e9ni Lilla, Czak\u00f3 Bogl\u00e1rka N18 1. K\u00e9zdy Borb\u00e1la, Mikes Janka, G\u00e1rdonyi Csilla N21 Sprint ob 1. Mikes Janka [&hellip;]<\/p>\n","protected":false},"author":1,"featured_media":0,"parent":127,"menu_order":0,"comment_status":"closed","ping_status":"closed","template":"","meta":{"_crdt_document":"","_uag_custom_page_level_css":"","site-sidebar-layout":"default","site-content-layout":"","ast-site-content-layout":"default","site-content-style":"default","site-sidebar-style":"default","ast-global-header-display":"","ast-banner-title-visibility":"","ast-main-header-display":"","ast-hfb-above-header-display":"","ast-hfb-below-header-display":"","ast-hfb-mobile-header-display":"","site-post-title":"","ast-breadcrumbs-content":"","ast-featured-img":"","footer-sml-layout":"","theme-transparent-header-meta":"","adv-header-id-meta":"","stick-header-meta":"","header-above-stick-meta":"","header-main-stick-meta":"","header-below-stick-meta":"","astra-migrate-meta-layouts":"default","ast-page-background-enabled":"default","ast-page-background-meta":{"desktop":{"background-color":"var(--ast-global-color-4)","background-image":"","background-repeat":"repeat","background-position":"center center","background-size":"auto","background-attachment":"scroll","background-type":"","background-media":"","overlay-type":"","overlay-color":"","overlay-opacity":"","overlay-gradient":""},"tablet":{"background-color":"","background-image":"","background-repeat":"repeat","background-position":"center center","background-size":"auto","background-attachment":"scroll","background-type":"","background-media":"","overlay-type":"","overlay-color":"","overlay-opacity":"","overlay-gradient":""},"mobile":{"background-color":"","background-image":"","background-repeat":"repeat","background-position":"center center","background-size":"auto","background-attachment":"scroll","background-type":"","background-media":"","overlay-type":"","overlay-color":"","overlay-opacity":"","overlay-gradient":""}},"ast-content-background-meta":{"desktop":{"background-color":"var(--ast-global-color-5)","background-image":"","background-repeat":"repeat","background-position":"center center","background-size":"auto","background-attachment":"scroll","background-type":"","background-media":"","overlay-type":"","overlay-color":"","overlay-opacity":"","overlay-gradient":""},"tablet":{"background-color":"var(--ast-global-color-5)","background-image":"","background-repeat":"repeat","background-position":"center center","background-size":"auto","background-attachment":"scroll","background-type":"","background-media":"","overlay-type":"","overlay-color":"","overlay-opacity":"","overlay-gradient":""},"mobile":{"background-color":"var(--ast-global-color-5)","background-image":"","background-repeat":"repeat","background-position":"center center","background-size":"auto","background-attachment":"scroll","background-type":"","background-media":"","overlay-type":"","overlay-color":"","overlay-opacity":"","overlay-gradient":""}},"footnotes":""},"class_list":["post-440","page","type-page","status-publish","hentry"],"uagb_featured_image_src":{"full":false,"thumbnail":false,"medium":false,"medium_large":false,"large":false,"1536x1536":false,"2048x2048":false},"uagb_author_info":{"display_name":"hellomarci","author_link":"https:\/\/mom-o.hu\/?author=1"},"uagb_comment_info":0,"uagb_excerpt":"2020. Orsz\u00e1gos bajnoks\u00e1gok Helyez\u00e9s N\u00e9v Kateg\u00f3ria K\u00f6z\u00e9pt\u00e1v\u00fa ob 1. Mikes Janka N14 1. G\u00e1rdonyi Csilla N21 2. S\u00e1rk\u00f6zy Rita N16 2. Czak\u00f3 Bogl\u00e1rka N18 2. K\u00e9zdy Borb\u00e1la N21 4. &nbsp;Zempl\u00e9ni Lilla N16 V\u00e1lt\u00f3 ob 1. S\u00e1rk\u00f6zy Rita, Zempl\u00e9ni Lilla, Czak\u00f3 Bogl\u00e1rka N18 1. K\u00e9zdy Borb\u00e1la, Mikes Janka, G\u00e1rdonyi Csilla N21 Sprint ob 1. Mikes Janka&hellip;","_links":{"self":[{"href":"https:\/\/mom-o.hu\/index.php?rest_route=\/wp\/v2\/pages\/440","targetHints":{"allow":["GET"]}}],"collection":[{"href":"https:\/\/mom-o.hu\/index.php?rest_route=\/wp\/v2\/pages"}],"about":[{"href":"https:\/\/mom-o.hu\/index.php?rest_route=\/wp\/v2\/types\/page"}],"author":[{"embeddable":true,"href":"https:\/\/mom-o.hu\/index.php?rest_route=\/wp\/v2\/users\/1"}],"replies":[{"embeddable":true,"href":"https:\/\/mom-o.hu\/index.php?rest_route=%2Fwp%2Fv2%2Fcomments&post=440"}],"version-history":[{"count":1,"href":"https:\/\/mom-o.hu\/index.php?rest_route=\/wp\/v2\/pages\/440\/revisions"}],"predecessor-version":[{"id":441,"href":"https:\/\/mom-o.hu\/index.php?rest_route=\/wp\/v2\/pages\/440\/revisions\/441"}],"up":[{"embeddable":true,"href":"https:\/\/mom-o.hu\/index.php?rest_route=\/wp\/v2\/pages\/127"}],"wp:attachment":[{"href":"https:\/\/mom-o.hu\/index.php?rest_route=%2Fwp%2Fv2%2Fmedia&parent=440"}],"curies":[{"name":"wp","href":"https:\/\/api.w.org\/{rel}","templated":true}]}}