{"id":446,"date":"2023-10-23T13:26:14","date_gmt":"2023-10-23T11:26:14","guid":{"rendered":"https:\/\/mom-o.hu\/new\/?page_id=446"},"modified":"2023-11-26T16:52:14","modified_gmt":"2023-11-26T15:52:14","slug":"eredmenyeink-2019","status":"publish","type":"page","link":"https:\/\/mom-o.hu\/?page_id=446","title":{"rendered":"Eredm\u00e9nyeink 2019"},"content":{"rendered":"<div class=\"gb-container gb-container-e8882af7\">\n\n<figure class=\"wp-block-table\"><table><tbody><tr><td colspan=\"3\"><strong>Ifj\u00fas\u00e1gi Eur\u00f3pa-bajnoks\u00e1g (EYOC)<\/strong><\/td><\/tr><tr><td><strong>N\u00e9v<\/strong><\/td><td>Versenysz\u00e1m<\/td><td>Helyez\u00e9s<\/td><\/tr><tr><td><strong>Czak\u00f3 Bogl\u00e1rka<\/strong>&nbsp;<img decoding=\"async\" src=\"nagykupaB.gif\" alt=\"nagykupaB\">&nbsp;<img decoding=\"async\" src=\"kisboja.gif\" alt=\"kisboja\">&nbsp;<img decoding=\"async\" src=\"kisboja.gif\" alt=\"kisboja\"><\/td><td>sprint<\/td><td><strong>5.<\/strong><\/td><\/tr><tr><td><\/td><td>norm\u00e1lt\u00e1v<\/td><td><strong>3.<\/strong><\/td><\/tr><tr><td><\/td><td>v\u00e1lt\u00f3<\/td><td><strong>5.<\/strong><\/td><\/tr><tr><td><strong>G\u00e1rdonyi Csilla<\/strong>&nbsp;<img decoding=\"async\" src=\"nagykupaA.gif\" alt=\"nagykupaA\">&nbsp;<img decoding=\"async\" src=\"nagykupaE.gif\" alt=\"nagykupaE\">&nbsp;<img decoding=\"async\" src=\"kisboja.gif\" alt=\"kisboja\"><\/td><td>sprint<\/td><td><strong>4.<\/strong><\/td><\/tr><tr><td><\/td><td>norm\u00e1lt\u00e1v<\/td><td><strong>1.<\/strong><\/td><\/tr><tr><td><\/td><td>v\u00e1lt\u00f3<\/td><td><strong>2.<\/strong><\/td><\/tr><tr><td><strong>S\u00e1rk\u00f6zy Rita<\/strong>&nbsp;<img decoding=\"async\" src=\"kisboja.gif\" alt=\"kisboja\"><\/td><td>sprint<\/td><td><strong>16.<\/strong><\/td><\/tr><tr><td><\/td><td>norm\u00e1lt\u00e1v<\/td><td><strong>7.<\/strong><\/td><\/tr><tr><td><\/td><td>v\u00e1lt\u00f3<\/td><td><strong>5.<\/strong><\/td><\/tr><tr><td><strong>Zempl\u00e9ni Lilla<\/strong><\/td><td>sprint<\/td><td><strong>24.<\/strong><\/td><\/tr><tr><td><\/td><td>norm\u00e1lt\u00e1v<\/td><td><strong>31.<\/strong><\/td><\/tr><tr><td colspan=\"3\"><strong>Junior vil\u00e1gbajnoks\u00e1g (JWOC)<\/strong><\/td><\/tr><tr><td><strong>G\u00e1rdonyi Csilla<\/strong><\/td><td>sprint<\/td><td><strong>41.<\/strong><\/td><\/tr><tr><td><\/td><td>k\u00f6z\u00e9pt\u00e1v<\/td><td><strong>53.<\/strong><\/td><\/tr><tr><td><\/td><td>norm\u00e1lt\u00e1v<\/td><td><strong>18.<\/strong><\/td><\/tr><tr><td><\/td><td>v\u00e1lt\u00f3<\/td><td><strong>10.<\/strong><\/td><\/tr><tr><td><strong>S\u00e1rk\u00f6zy Zs\u00f3fia<\/strong><\/td><td>sprint<\/td><td><strong>14.<\/strong><\/td><\/tr><tr><td><\/td><td>k\u00f6z\u00e9pt\u00e1v<\/td><td><strong>30.<\/strong><\/td><\/tr><tr><td><\/td><td>norm\u00e1lt\u00e1v<\/td><td><strong>36.<\/strong><\/td><\/tr><tr><td><\/td><td>v\u00e1lt\u00f3<\/td><td><strong>10.<\/strong><\/td><\/tr><tr><td colspan=\"3\"><strong>Junior Eur\u00f3pa-kupa (JEC)<\/strong><\/td><\/tr><tr><td><strong>G\u00e1rdonyi Csilla<\/strong>&nbsp;<img decoding=\"async\" src=\"nagykupaA.gif\" alt=\"nagykupaA\">&nbsp;<img decoding=\"async\" src=\"nagykupaB.gif\" alt=\"nagykupaB\"><\/td><td>sprint<\/td><td><strong>3.<\/strong><\/td><\/tr><tr><td><\/td><td>norm\u00e1lt\u00e1v<\/td><td><strong>1.<\/strong><\/td><\/tr><tr><td><strong>S\u00e1rk\u00f6zy Zs\u00f3fia<\/strong><\/td><td>sprint<\/td><td><strong>10.<\/strong><\/td><\/tr><tr><td><\/td><td>norm\u00e1lt\u00e1v<\/td><td><strong>19.<\/strong><\/td><\/tr><\/tbody><\/table><\/figure>\n\n\n\n<figure class=\"wp-block-table\"><table><tbody><tr><td colspan=\"3\"><strong>Orsz\u00e1gos bajnoks\u00e1gok<\/strong><\/td><\/tr><tr><td><strong>Helyez\u00e9s<\/strong><\/td><td><strong>N\u00e9v<\/strong><\/td><td><strong>Kateg\u00f3ria<\/strong><\/td><\/tr><tr><td colspan=\"3\"><strong>Csapat ob<\/strong><\/td><\/tr><tr><td><strong>3.<\/strong><\/td><td><img decoding=\"async\" src=\"kupaB.gif\" alt=\"kupaB\"><strong>Iv\u00e1n Eszter, K\u00e1lm\u00e1n Tamara, L\u00e1szl\u00f3 Dorottya<\/strong><\/td><td><strong>N18<\/strong><\/td><\/tr><tr><td colspan=\"3\"><strong>K\u00f6z\u00e9pt\u00e1v\u00fa ob<\/strong><\/td><\/tr><tr><td><strong>1.<\/strong><\/td><td><img decoding=\"async\" src=\"eremA.gif\" alt=\"eremA\"><strong>Czak\u00f3 Bogl\u00e1rka<\/strong><\/td><td><strong>N16<\/strong><\/td><\/tr><tr><td><strong>1.<\/strong><\/td><td><img decoding=\"async\" src=\"eremA.gif\" alt=\"eremE\"><strong>G\u00e1rdonyi Csilla<\/strong><\/td><td><strong>N18<\/strong><\/td><\/tr><tr><td><strong>2.<\/strong><\/td><td><img decoding=\"async\" src=\"eremE.gif\" alt=\"eremE\"><strong>S\u00e1rk\u00f6zy Zs\u00f3fia<\/strong><\/td><td><strong>N21<\/strong><\/td><\/tr><tr><td><strong>3.<\/strong><\/td><td><img decoding=\"async\" src=\"eremB.gif\" alt=\"eremB\"><strong>Mikes Janka<\/strong><\/td><td><strong>N14<\/strong><\/td><\/tr><tr><td><strong>4.<\/strong><\/td><td><img decoding=\"async\" src=\"kisboja.gif\" alt=\"kisboja\">&nbsp;<strong>Zempl\u00e9ni Lilla<\/strong><\/td><td><strong>N16<\/strong><\/td><\/tr><tr><td><strong>5.<\/strong><\/td><td><img decoding=\"async\" src=\"kisboja.gif\" alt=\"kisboja\">&nbsp;<strong>S\u00e1rk\u00f6zy Rita<\/strong><\/td><td><strong>N16<\/strong><\/td><\/tr><tr><td colspan=\"3\"><strong>V\u00e1lt\u00f3 ob<\/strong><\/td><\/tr><tr><td><strong>1.<\/strong><\/td><td><img decoding=\"async\" src=\"kupaA.gif\" alt=\"kupaA\"><strong>S\u00e1rk\u00f6zy Rita, Zempl\u00e9ni Lilla, Czak\u00f3 Bogl\u00e1rka<\/strong><\/td><td><strong>N16<\/strong><\/td><\/tr><tr><td><strong>2.<\/strong><\/td><td><img decoding=\"async\" src=\"kupaE.gif\" alt=\"kupaE\"><strong>L\u00e1szl\u00f3 Dorottya, Iv\u00e1n Eszter, K\u00e1lm\u00e1n Tamara<\/strong><\/td><td><strong>N18<\/strong><\/td><\/tr><tr><td><strong>2.<\/strong><\/td><td><img decoding=\"async\" src=\"kupaE.gif\" alt=\"kupaE\"><strong>S\u00e1rk\u00f6zy Zs\u00f3fia, K\u00e9zdy Borb\u00e1la, G\u00e1rdonyi Csilla<\/strong><\/td><td><strong>N21<\/strong><\/td><\/tr><tr><td colspan=\"3\"><strong>\u00c9jszakai ob<\/strong><\/td><\/tr><tr><td><strong>1.<\/strong><\/td><td><img decoding=\"async\" src=\"eremA.gif\" alt=\"eremA\"><strong>Czak\u00f3 Bogl\u00e1rka<\/strong><\/td><td><strong>N16<\/strong><\/td><\/tr><tr><td><strong>2.<\/strong><\/td><td><img decoding=\"async\" src=\"eremE.gif\" alt=\"eremE\"><strong>Zempl\u00e9ni Lilla<\/strong><\/td><td><strong>N16<\/strong><\/td><\/tr><tr><td><strong>3.<\/strong><\/td><td><img decoding=\"async\" src=\"eremB.gif\" alt=\"eremB\"><strong>G\u00e1rdonyi Csilla<\/strong><\/td><td><strong>N18<\/strong><\/td><\/tr><tr><td><strong>4.<\/strong><\/td><td><img decoding=\"async\" src=\"kisboja.gif\" alt=\"kisboja\">&nbsp;<strong>Zsebeh\u00e1zy Istv\u00e1n<\/strong><\/td><td><strong>F21<\/strong><\/td><\/tr><tr><td><strong>6.<\/strong><\/td><td><img decoding=\"async\" src=\"kisboja.gif\" alt=\"kisboja\">&nbsp;<strong>S\u00e1rk\u00f6zy Rita<\/strong><\/td><td><strong>N16<\/strong><\/td><\/tr><tr><td colspan=\"3\"><strong>Egyes\u00fcleti v\u00e1lt\u00f3 ob<\/strong><\/td><\/tr><tr><td><strong>1.<\/strong><\/td><td><img decoding=\"async\" src=\"kupaA.gif\" alt=\"kupaA\">&nbsp;<strong>Mikes Janka, Czak\u00f3 Bogl\u00e1rka, S\u00e1rk\u00f6zy Rita, G\u00e1rdonyi Csilla, S\u00e1rk\u00f6zy Zs\u00f3fia<\/strong><\/td><td><strong>N\u0151i<\/strong><\/td><\/tr><tr><td colspan=\"3\"><strong>Sprint ob<\/strong><\/td><\/tr><tr><td><strong>1.<\/strong><\/td><td><img decoding=\"async\" src=\"eremA.gif\" alt=\"eremA\"><strong>G\u00e1rdonyi Csilla<\/strong><\/td><td><strong>N18<\/strong><\/td><\/tr><tr><td><strong>2.<\/strong><\/td><td><img decoding=\"async\" src=\"eremE.gif\" alt=\"eremE\"><strong>Czak\u00f3 Bogl\u00e1rka<\/strong><\/td><td><strong>N16<\/strong><\/td><\/tr><tr><td colspan=\"3\"><strong>Sprintv\u00e1lt\u00f3 ob<\/strong><\/td><\/tr><tr><td><strong>4.<\/strong><\/td><td><img decoding=\"async\" src=\"kisboja.gif\" alt=\"kisboja\">&nbsp;<strong>Zempl\u00e9ni Lilla, G\u00e1rdonyi Soma, G\u00e1rdonyi Csilla, Czak\u00f3 Bogl\u00e1rka<\/strong><\/td><td><strong>V18<\/strong><\/td><\/tr><tr><td colspan=\"3\"><strong>Norm\u00e1lt\u00e1v\u00fa ob<\/strong><\/td><\/tr><tr><td><strong>2.<\/strong><\/td><td><img decoding=\"async\" src=\"eremE.gif\" alt=\"eremE\"><strong>Czak\u00f3 Bogl\u00e1rka<\/strong><\/td><td><strong>N16<\/strong><\/td><\/tr><tr><td><strong>2.<\/strong><\/td><td><img decoding=\"async\" src=\"eremE.gif\" alt=\"eremE\"><strong>G\u00e1rdonyi Csilla<\/strong><\/td><td><strong>N18<\/strong><\/td><\/tr><tr><td><strong>4.<\/strong><\/td><td><img decoding=\"async\" src=\"kisboja.gif\" alt=\"kisboja\">&nbsp;<strong>Zempl\u00e9ni Lilla<\/strong><\/td><td><strong>N16<\/strong><\/td><\/tr><tr><td><strong>5.<\/strong><\/td><td><img decoding=\"async\" src=\"kisboja.gif\" alt=\"kisboja\">&nbsp;<strong>K\u00e9zdy Borb\u00e1la<\/strong><\/td><td><strong>N21<\/strong><\/td><\/tr><tr><td colspan=\"3\"><strong>Pontbegy\u0171jt\u0151 csapatbajnoks\u00e1g<\/strong><\/td><\/tr><tr><td><strong>1.<\/strong><\/td><td><img decoding=\"async\" src=\"kupaA.gif\" alt=\"kupaA\"><strong>Czak\u00f3 Bogl\u00e1rka, Mikes Janka, S\u00e1rk\u00f6zy Rita<\/strong><\/td><td><strong>N16<\/strong><\/td><\/tr><tr><td><strong>2.<\/strong><\/td><td><img decoding=\"async\" src=\"kupaE.gif\" alt=\"kupaE\"><strong>G\u00e1rdonyi Csilla, L\u00e1szl\u00f3 Dorottya, Zempl\u00e9ni Lilla<\/strong><\/td><td><strong>N18<\/strong><\/td><\/tr><tr><td><strong>5.<\/strong><\/td><td><img decoding=\"async\" src=\"kisboja.gif\" alt=\"kisboja\">&nbsp;<strong>Kisv\u00f6lcsey \u00c1kos, Mets M\u00e1rton, Zsebeh\u00e1zy Istv\u00e1n<\/strong><\/td><td><strong>F21<\/strong><\/td><\/tr><tr><td><strong>6.<\/strong><\/td><td><img decoding=\"async\" src=\"kisboja.gif\" alt=\"kisboja\">&nbsp;<strong>Iv\u00e1n Eszter, K\u00e1lm\u00e1n Tamara, K\u00e9zdy Borb\u00e1la&nbsp;<\/strong><\/td><td><strong>N21<\/strong><\/td><\/tr><\/tbody><\/table><\/figure>\n\n<\/div>","protected":false},"excerpt":{"rendered":"<p>Ifj\u00fas\u00e1gi Eur\u00f3pa-bajnoks\u00e1g (EYOC) N\u00e9v Versenysz\u00e1m Helyez\u00e9s Czak\u00f3 Bogl\u00e1rka&nbsp;&nbsp;&nbsp; sprint 5. norm\u00e1lt\u00e1v 3. v\u00e1lt\u00f3 5. G\u00e1rdonyi Csilla&nbsp;&nbsp;&nbsp; sprint 4. norm\u00e1lt\u00e1v 1. v\u00e1lt\u00f3 2. S\u00e1rk\u00f6zy Rita&nbsp; sprint 16. norm\u00e1lt\u00e1v 7. v\u00e1lt\u00f3 5. Zempl\u00e9ni Lilla sprint 24. norm\u00e1lt\u00e1v 31. Junior vil\u00e1gbajnoks\u00e1g (JWOC) G\u00e1rdonyi Csilla sprint 41. k\u00f6z\u00e9pt\u00e1v 53. norm\u00e1lt\u00e1v 18. v\u00e1lt\u00f3 10. S\u00e1rk\u00f6zy Zs\u00f3fia sprint 14. k\u00f6z\u00e9pt\u00e1v 30. [&hellip;]<\/p>\n","protected":false},"author":1,"featured_media":0,"parent":127,"menu_order":0,"comment_status":"closed","ping_status":"closed","template":"","meta":{"_crdt_document":"","_uag_custom_page_level_css":"","site-sidebar-layout":"default","site-content-layout":"","ast-site-content-layout":"default","site-content-style":"default","site-sidebar-style":"default","ast-global-header-display":"","ast-banner-title-visibility":"","ast-main-header-display":"","ast-hfb-above-header-display":"","ast-hfb-below-header-display":"","ast-hfb-mobile-header-display":"","site-post-title":"","ast-breadcrumbs-content":"","ast-featured-img":"","footer-sml-layout":"","theme-transparent-header-meta":"","adv-header-id-meta":"","stick-header-meta":"","header-above-stick-meta":"","header-main-stick-meta":"","header-below-stick-meta":"","astra-migrate-meta-layouts":"default","ast-page-background-enabled":"default","ast-page-background-meta":{"desktop":{"background-color":"var(--ast-global-color-4)","background-image":"","background-repeat":"repeat","background-position":"center center","background-size":"auto","background-attachment":"scroll","background-type":"","background-media":"","overlay-type":"","overlay-color":"","overlay-opacity":"","overlay-gradient":""},"tablet":{"background-color":"","background-image":"","background-repeat":"repeat","background-position":"center center","background-size":"auto","background-attachment":"scroll","background-type":"","background-media":"","overlay-type":"","overlay-color":"","overlay-opacity":"","overlay-gradient":""},"mobile":{"background-color":"","background-image":"","background-repeat":"repeat","background-position":"center center","background-size":"auto","background-attachment":"scroll","background-type":"","background-media":"","overlay-type":"","overlay-color":"","overlay-opacity":"","overlay-gradient":""}},"ast-content-background-meta":{"desktop":{"background-color":"var(--ast-global-color-5)","background-image":"","background-repeat":"repeat","background-position":"center center","background-size":"auto","background-attachment":"scroll","background-type":"","background-media":"","overlay-type":"","overlay-color":"","overlay-opacity":"","overlay-gradient":""},"tablet":{"background-color":"var(--ast-global-color-5)","background-image":"","background-repeat":"repeat","background-position":"center center","background-size":"auto","background-attachment":"scroll","background-type":"","background-media":"","overlay-type":"","overlay-color":"","overlay-opacity":"","overlay-gradient":""},"mobile":{"background-color":"var(--ast-global-color-5)","background-image":"","background-repeat":"repeat","background-position":"center center","background-size":"auto","background-attachment":"scroll","background-type":"","background-media":"","overlay-type":"","overlay-color":"","overlay-opacity":"","overlay-gradient":""}},"footnotes":""},"class_list":["post-446","page","type-page","status-publish","hentry"],"uagb_featured_image_src":{"full":false,"thumbnail":false,"medium":false,"medium_large":false,"large":false,"1536x1536":false,"2048x2048":false},"uagb_author_info":{"display_name":"hellomarci","author_link":"https:\/\/mom-o.hu\/?author=1"},"uagb_comment_info":0,"uagb_excerpt":"Ifj\u00fas\u00e1gi Eur\u00f3pa-bajnoks\u00e1g (EYOC) N\u00e9v Versenysz\u00e1m Helyez\u00e9s Czak\u00f3 Bogl\u00e1rka&nbsp;&nbsp;&nbsp; sprint 5. norm\u00e1lt\u00e1v 3. v\u00e1lt\u00f3 5. G\u00e1rdonyi Csilla&nbsp;&nbsp;&nbsp; sprint 4. norm\u00e1lt\u00e1v 1. v\u00e1lt\u00f3 2. S\u00e1rk\u00f6zy Rita&nbsp; sprint 16. norm\u00e1lt\u00e1v 7. v\u00e1lt\u00f3 5. Zempl\u00e9ni Lilla sprint 24. norm\u00e1lt\u00e1v 31. Junior vil\u00e1gbajnoks\u00e1g (JWOC) G\u00e1rdonyi Csilla sprint 41. k\u00f6z\u00e9pt\u00e1v 53. norm\u00e1lt\u00e1v 18. v\u00e1lt\u00f3 10. S\u00e1rk\u00f6zy Zs\u00f3fia sprint 14. k\u00f6z\u00e9pt\u00e1v 30.&hellip;","_links":{"self":[{"href":"https:\/\/mom-o.hu\/index.php?rest_route=\/wp\/v2\/pages\/446","targetHints":{"allow":["GET"]}}],"collection":[{"href":"https:\/\/mom-o.hu\/index.php?rest_route=\/wp\/v2\/pages"}],"about":[{"href":"https:\/\/mom-o.hu\/index.php?rest_route=\/wp\/v2\/types\/page"}],"author":[{"embeddable":true,"href":"https:\/\/mom-o.hu\/index.php?rest_route=\/wp\/v2\/users\/1"}],"replies":[{"embeddable":true,"href":"https:\/\/mom-o.hu\/index.php?rest_route=%2Fwp%2Fv2%2Fcomments&post=446"}],"version-history":[{"count":1,"href":"https:\/\/mom-o.hu\/index.php?rest_route=\/wp\/v2\/pages\/446\/revisions"}],"predecessor-version":[{"id":447,"href":"https:\/\/mom-o.hu\/index.php?rest_route=\/wp\/v2\/pages\/446\/revisions\/447"}],"up":[{"embeddable":true,"href":"https:\/\/mom-o.hu\/index.php?rest_route=\/wp\/v2\/pages\/127"}],"wp:attachment":[{"href":"https:\/\/mom-o.hu\/index.php?rest_route=%2Fwp%2Fv2%2Fmedia&parent=446"}],"curies":[{"name":"wp","href":"https:\/\/api.w.org\/{rel}","templated":true}]}}