{"id":460,"date":"2023-10-23T13:30:29","date_gmt":"2023-10-23T11:30:29","guid":{"rendered":"https:\/\/mom-o.hu\/new\/?page_id=460"},"modified":"2023-11-26T16:51:19","modified_gmt":"2023-11-26T15:51:19","slug":"eredmenyeink-2012","status":"publish","type":"page","link":"https:\/\/mom-o.hu\/?page_id=460","title":{"rendered":"Eredm\u00e9nyeink 2012"},"content":{"rendered":"<div class=\"gb-container gb-container-58688268\">\n\n<figure class=\"wp-block-table\"><table><tbody><tr><td colspan=\"3\"><strong>Ifj\u00fas\u00e1gi Eur\u00f3pa-bajnoks\u00e1g (EYOC)<\/strong><\/td><\/tr><tr><td><strong>N\u00e9v<\/strong><\/td><td>Versenysz\u00e1m<\/td><td>Helyez\u00e9s<\/td><\/tr><tr><td rowspan=\"4\"><strong>Miavecz Bal\u00e1zs<\/strong><\/td><td>sprint<\/td><td><strong>14.<\/strong><\/td><\/tr><tr><td>norm\u00e1l<\/td><td><strong>32.<\/strong><\/td><\/tr><tr><td>v\u00e1lt\u00f3<\/td><td><strong>8.<\/strong><\/td><\/tr><\/tbody><\/table><\/figure>\n\n\n\n<figure class=\"wp-block-table\"><table><tbody><tr><td colspan=\"3\"><strong>Orsz\u00e1gos bajnoks\u00e1gok<\/strong><\/td><\/tr><tr><td><strong>Helyez\u00e9s<\/strong><\/td><td><strong>N\u00e9v<\/strong><\/td><td><strong>Kateg\u00f3ria<\/strong><\/td><\/tr><tr><td colspan=\"3\"><strong>Hossz\u00fa t\u00e1v\u00fa ob<\/strong><\/td><\/tr><tr><td><strong>3.<\/strong><\/td><td><img decoding=\"async\" src=\"eremB.gif\" alt=\"eremB\"><strong>Zsebeh\u00e1zy Istv\u00e1n<\/strong><\/td><td><strong>F21<\/strong><\/td><\/tr><tr><td><strong>6.<\/strong><\/td><td><img decoding=\"async\" src=\"kisboja.gif\" alt=\"kisboja\">&nbsp;<strong>Gy\u00f6rgyi \u00c1bel<\/strong><\/td><td><strong>F20<\/strong><\/td><\/tr><tr><td colspan=\"3\"><strong>\u00c9jszakai ob<\/strong><\/td><\/tr><tr><td><strong>2.<\/strong><\/td><td><img decoding=\"async\" src=\"eremE.gif\" alt=\"eremE\"><strong>Zsebeh\u00e1zy Istv\u00e1n<\/strong><\/td><td><strong>F21<\/strong><\/td><\/tr><tr><td><strong>3.<\/strong><\/td><td><img decoding=\"async\" src=\"eremB.gif\" alt=\"eremB\"><strong>Jenes Soma<\/strong><\/td><td><strong>F18<\/strong><\/td><\/tr><tr><td><strong>6.<\/strong><\/td><td><img decoding=\"async\" src=\"kisboja.gif\" alt=\"kisboja\">&nbsp;<strong>Gy\u00f6rgyi \u00c1bel<\/strong><\/td><td><strong>F20<\/strong><\/td><\/tr><tr><td colspan=\"3\"><strong>K\u00f6z\u00e9pt\u00e1v\u00fa ob<\/strong><\/td><\/tr><tr><td><strong>1.<\/strong><\/td><td><img decoding=\"async\" src=\"eremA.gif\" alt=\"eremA\"><strong>Miavecz Bal\u00e1zs<\/strong><\/td><td><strong>F16<\/strong><\/td><\/tr><tr><td><strong>3.<\/strong><\/td><td><img decoding=\"async\" src=\"eremB.gif\" alt=\"eremB\"><strong>Gy\u00f6rgyi \u00c1bel<\/strong><\/td><td><strong>F20<\/strong><\/td><\/tr><tr><td><strong>4.<\/strong><\/td><td><img decoding=\"async\" src=\"kisboja.gif\" alt=\"kisboja\">&nbsp;<strong>Jenes Soma<\/strong><\/td><td><strong>F18<\/strong><\/td><\/tr><tr><td><strong>4.<\/strong><\/td><td><img decoding=\"async\" src=\"kisboja.gif\" alt=\"kisboja\">&nbsp;<strong>Zsebeh\u00e1zy Istv\u00e1n<\/strong><\/td><td><strong>F21<\/strong><\/td><\/tr><tr><td colspan=\"3\"><strong>V\u00e1lt\u00f3 ob<\/strong><\/td><\/tr><tr><td><strong>1.<\/strong><\/td><td><img decoding=\"async\" src=\"kupaA.gif\" alt=\"kupaA\"><strong>Jenes Soma, Miavecz Bal\u00e1zs, Gy\u00f6rgyi \u00c1bel<\/strong><\/td><td><strong>F20<\/strong><\/td><\/tr><tr><td><strong>5.<\/strong><\/td><td><img decoding=\"async\" src=\"kisboja.gif\" alt=\"kisboja\">&nbsp;<strong>Ma\u00e1cz Fruzsina, S\u00e1rk\u00f6zy Zs\u00f3fia, K\u00e9zdy Borb\u00e1la<\/strong><\/td><td><strong>N16<\/strong><\/td><\/tr><\/tbody><\/table><\/figure>\n\n<\/div>","protected":false},"excerpt":{"rendered":"<p>Ifj\u00fas\u00e1gi Eur\u00f3pa-bajnoks\u00e1g (EYOC) N\u00e9v Versenysz\u00e1m Helyez\u00e9s Miavecz Bal\u00e1zs sprint 14. norm\u00e1l 32. v\u00e1lt\u00f3 8. Orsz\u00e1gos bajnoks\u00e1gok Helyez\u00e9s N\u00e9v Kateg\u00f3ria Hossz\u00fa t\u00e1v\u00fa ob 3. Zsebeh\u00e1zy Istv\u00e1n F21 6. &nbsp;Gy\u00f6rgyi \u00c1bel F20 \u00c9jszakai ob 2. Zsebeh\u00e1zy Istv\u00e1n F21 3. Jenes Soma F18 6. &nbsp;Gy\u00f6rgyi \u00c1bel F20 K\u00f6z\u00e9pt\u00e1v\u00fa ob 1. Miavecz Bal\u00e1zs F16 3. Gy\u00f6rgyi \u00c1bel F20 4. [&hellip;]<\/p>\n","protected":false},"author":1,"featured_media":0,"parent":127,"menu_order":0,"comment_status":"closed","ping_status":"closed","template":"","meta":{"_crdt_document":"","_uag_custom_page_level_css":"","site-sidebar-layout":"default","site-content-layout":"","ast-site-content-layout":"default","site-content-style":"default","site-sidebar-style":"default","ast-global-header-display":"","ast-banner-title-visibility":"","ast-main-header-display":"","ast-hfb-above-header-display":"","ast-hfb-below-header-display":"","ast-hfb-mobile-header-display":"","site-post-title":"","ast-breadcrumbs-content":"","ast-featured-img":"","footer-sml-layout":"","theme-transparent-header-meta":"","adv-header-id-meta":"","stick-header-meta":"","header-above-stick-meta":"","header-main-stick-meta":"","header-below-stick-meta":"","astra-migrate-meta-layouts":"default","ast-page-background-enabled":"default","ast-page-background-meta":{"desktop":{"background-color":"var(--ast-global-color-4)","background-image":"","background-repeat":"repeat","background-position":"center center","background-size":"auto","background-attachment":"scroll","background-type":"","background-media":"","overlay-type":"","overlay-color":"","overlay-opacity":"","overlay-gradient":""},"tablet":{"background-color":"","background-image":"","background-repeat":"repeat","background-position":"center center","background-size":"auto","background-attachment":"scroll","background-type":"","background-media":"","overlay-type":"","overlay-color":"","overlay-opacity":"","overlay-gradient":""},"mobile":{"background-color":"","background-image":"","background-repeat":"repeat","background-position":"center center","background-size":"auto","background-attachment":"scroll","background-type":"","background-media":"","overlay-type":"","overlay-color":"","overlay-opacity":"","overlay-gradient":""}},"ast-content-background-meta":{"desktop":{"background-color":"var(--ast-global-color-5)","background-image":"","background-repeat":"repeat","background-position":"center center","background-size":"auto","background-attachment":"scroll","background-type":"","background-media":"","overlay-type":"","overlay-color":"","overlay-opacity":"","overlay-gradient":""},"tablet":{"background-color":"var(--ast-global-color-5)","background-image":"","background-repeat":"repeat","background-position":"center center","background-size":"auto","background-attachment":"scroll","background-type":"","background-media":"","overlay-type":"","overlay-color":"","overlay-opacity":"","overlay-gradient":""},"mobile":{"background-color":"var(--ast-global-color-5)","background-image":"","background-repeat":"repeat","background-position":"center center","background-size":"auto","background-attachment":"scroll","background-type":"","background-media":"","overlay-type":"","overlay-color":"","overlay-opacity":"","overlay-gradient":""}},"footnotes":""},"class_list":["post-460","page","type-page","status-publish","hentry"],"uagb_featured_image_src":{"full":false,"thumbnail":false,"medium":false,"medium_large":false,"large":false,"1536x1536":false,"2048x2048":false},"uagb_author_info":{"display_name":"hellomarci","author_link":"https:\/\/mom-o.hu\/?author=1"},"uagb_comment_info":0,"uagb_excerpt":"Ifj\u00fas\u00e1gi Eur\u00f3pa-bajnoks\u00e1g (EYOC) N\u00e9v Versenysz\u00e1m Helyez\u00e9s Miavecz Bal\u00e1zs sprint 14. norm\u00e1l 32. v\u00e1lt\u00f3 8. Orsz\u00e1gos bajnoks\u00e1gok Helyez\u00e9s N\u00e9v Kateg\u00f3ria Hossz\u00fa t\u00e1v\u00fa ob 3. Zsebeh\u00e1zy Istv\u00e1n F21 6. &nbsp;Gy\u00f6rgyi \u00c1bel F20 \u00c9jszakai ob 2. Zsebeh\u00e1zy Istv\u00e1n F21 3. Jenes Soma F18 6. &nbsp;Gy\u00f6rgyi \u00c1bel F20 K\u00f6z\u00e9pt\u00e1v\u00fa ob 1. Miavecz Bal\u00e1zs F16 3. Gy\u00f6rgyi \u00c1bel F20 4.&hellip;","_links":{"self":[{"href":"https:\/\/mom-o.hu\/index.php?rest_route=\/wp\/v2\/pages\/460","targetHints":{"allow":["GET"]}}],"collection":[{"href":"https:\/\/mom-o.hu\/index.php?rest_route=\/wp\/v2\/pages"}],"about":[{"href":"https:\/\/mom-o.hu\/index.php?rest_route=\/wp\/v2\/types\/page"}],"author":[{"embeddable":true,"href":"https:\/\/mom-o.hu\/index.php?rest_route=\/wp\/v2\/users\/1"}],"replies":[{"embeddable":true,"href":"https:\/\/mom-o.hu\/index.php?rest_route=%2Fwp%2Fv2%2Fcomments&post=460"}],"version-history":[{"count":1,"href":"https:\/\/mom-o.hu\/index.php?rest_route=\/wp\/v2\/pages\/460\/revisions"}],"predecessor-version":[{"id":461,"href":"https:\/\/mom-o.hu\/index.php?rest_route=\/wp\/v2\/pages\/460\/revisions\/461"}],"up":[{"embeddable":true,"href":"https:\/\/mom-o.hu\/index.php?rest_route=\/wp\/v2\/pages\/127"}],"wp:attachment":[{"href":"https:\/\/mom-o.hu\/index.php?rest_route=%2Fwp%2Fv2%2Fmedia&parent=460"}],"curies":[{"name":"wp","href":"https:\/\/api.w.org\/{rel}","templated":true}]}}