{"id":468,"date":"2023-10-23T13:33:03","date_gmt":"2023-10-23T11:33:03","guid":{"rendered":"https:\/\/mom-o.hu\/new\/?page_id=468"},"modified":"2023-11-26T16:50:45","modified_gmt":"2023-11-26T15:50:45","slug":"eredmenyeink-2008","status":"publish","type":"page","link":"https:\/\/mom-o.hu\/?page_id=468","title":{"rendered":"Eredm\u00e9nyeink 2008"},"content":{"rendered":"<div class=\"gb-container gb-container-c2b738f5\">\n\n<figure class=\"wp-block-table\"><table><tbody><tr><td colspan=\"3\"><strong>Junior vil\u00e1gbajnoks\u00e1g (JWOC)<\/strong><\/td><\/tr><tr><td><strong>N\u00e9v<\/strong><\/td><td>Versenysz\u00e1m<\/td><td>Helyez\u00e9s<\/td><\/tr><tr><td rowspan=\"4\"><strong>\u0150ry Eszter<\/strong><\/td><td>sprint<\/td><td><strong>26.<\/strong><\/td><\/tr><tr><td>k\u00f6z\u00e9pt\u00e1v<\/td><td><strong>17.<\/strong><\/td><\/tr><tr><td>klasszikus<\/td><td><strong>67.<\/strong><\/td><\/tr><tr><td>v\u00e1lt\u00f3<\/td><td><strong>12.<\/strong><\/td><\/tr><\/tbody><\/table><\/figure>\n\n\n\n<figure class=\"wp-block-table\"><table><tbody><tr><td colspan=\"3\"><strong>Orsz\u00e1gos bajnoks\u00e1gok<\/strong><\/td><\/tr><tr><td><strong>Helyez\u00e9s<\/strong><\/td><td><strong>N\u00e9v<\/strong><\/td><td><strong>Kateg\u00f3ria<\/strong><\/td><\/tr><tr><td colspan=\"3\"><strong>Hossz\u00fa t\u00e1v\u00fa ob<\/strong><\/td><\/tr><tr><td><strong>3.<\/strong><\/td><td><img decoding=\"async\" src=\"eremB.gif\" alt=\"eremB\"><strong>Gy\u00f6rgyi P\u00e9ter<\/strong><\/td><td><strong>F20<\/strong><\/td><\/tr><tr><td><strong>3.<\/strong><\/td><td><img decoding=\"async\" src=\"eremB.gif\" alt=\"eremB\"><strong>Gy\u00f6rgyi Csenge<\/strong><\/td><td><strong>N20<\/strong><\/td><\/tr><tr><td><strong>4.<\/strong><\/td><td><img decoding=\"async\" src=\"kisboja.gif\" alt=\"kisboja\">&nbsp;<strong>Jenes G\u00e9za<\/strong><\/td><td><strong>F18<\/strong><\/td><\/tr><tr><td><strong>5.<\/strong><\/td><td><img decoding=\"async\" src=\"kisboja.gif\" alt=\"kisboja\">&nbsp;<strong>Zsebeh\u00e1zy Istv\u00e1n<\/strong><\/td><td><strong>F21<\/strong><\/td><\/tr><tr><td colspan=\"3\"><strong>\u00c9jszakai ob<\/strong><\/td><\/tr><tr><td><strong>3.<\/strong><\/td><td><img decoding=\"async\" src=\"eremB.gif\" alt=\"eremB\"><strong>Jenes G\u00e9za<\/strong><\/td><td><strong>F18<\/strong><\/td><\/tr><tr><td><strong>4.<\/strong><\/td><td><img decoding=\"async\" src=\"kisboja.gif\" alt=\"kisboja\">&nbsp;<strong>Mets M\u00e1rton<\/strong><\/td><td><strong>F20<\/strong><\/td><\/tr><tr><td colspan=\"3\"><strong>K\u00f6z\u00e9pt\u00e1v\u00fa ob<\/strong><\/td><\/tr><tr><td><strong>1.<\/strong><\/td><td><img decoding=\"async\" src=\"eremA.gif\" alt=\"eremA\"><strong>\u0150ry Eszter<\/strong><\/td><td><strong>N20<\/strong><\/td><\/tr><tr><td><strong>4.<\/strong><\/td><td><img decoding=\"async\" src=\"kisboja.gif\" alt=\"kisboja\">&nbsp;<strong>Jenes G\u00e9za<\/strong><\/td><td><strong>F18<\/strong><\/td><\/tr><tr><td><strong>4.<\/strong><\/td><td><img decoding=\"async\" src=\"kisboja.gif\" alt=\"kisboja\">&nbsp;<strong>Zsebeh\u00e1zy Istv\u00e1n<\/strong><\/td><td><strong>F21<\/strong><\/td><\/tr><tr><td colspan=\"3\"><strong>V\u00e1lt\u00f3 ob<\/strong><\/td><\/tr><tr><td><strong>3.<\/strong><\/td><td><img decoding=\"async\" src=\"kupaB.gif\" alt=\"kupaB\"><strong>Gy\u00f6rgyi P\u00e9ter, Gy\u00f6rgyi \u00c1bel, Jenes G\u00e9za<\/strong><\/td><td><strong>F20<\/strong><\/td><\/tr><tr><td><strong>4.<\/strong><\/td><td><img decoding=\"async\" src=\"kisboja.gif\" alt=\"kisboja\">&nbsp;<strong>Tas M\u00e1t\u00e9, Kisv\u00f6lcsey \u00c1kos, Zsebeh\u00e1zy Istv\u00e1n<\/strong><\/td><td><strong>F21<\/strong><\/td><\/tr><tr><td><strong>5.<\/strong><\/td><td><img decoding=\"async\" src=\"kisboja.gif\" alt=\"kisboja\">&nbsp;<strong>Gy\u00f6rgyi Csenge, Tas Katalin, \u0150ry Eszter<\/strong><\/td><td><strong>N21<\/strong><\/td><\/tr><tr><td colspan=\"3\"><strong>Sprint ob<\/strong><\/td><\/tr><tr><td><strong>2.<\/strong><\/td><td><img decoding=\"async\" src=\"eremE.gif\" alt=\"eremE\"><strong>Zsebeh\u00e1zy Istv\u00e1n<\/strong><\/td><td><strong>F21<\/strong><\/td><\/tr><tr><td><strong>3.<\/strong><\/td><td><img decoding=\"async\" src=\"eremB.gif\" alt=\"eremB\"><strong>Gy\u00f6rgyi \u00c1bel<\/strong><\/td><td><strong>F16<\/strong><\/td><\/tr><tr><td><strong>3.<\/strong><\/td><td><img decoding=\"async\" src=\"eremB.gif\" alt=\"eremB\"><strong>\u0150ry Eszter<\/strong><\/td><td><strong>N21<\/strong><\/td><\/tr><tr><td><strong>4.<\/strong><\/td><td><img decoding=\"async\" src=\"kisboja.gif\" alt=\"kisboja\">&nbsp;<strong>Jenes G\u00e9za<\/strong><\/td><td><strong>F18<\/strong><\/td><\/tr><tr><td><strong>4.<\/strong><\/td><td><img decoding=\"async\" src=\"kisboja.gif\" alt=\"kisboja\">&nbsp;<strong>Mets M\u00e1rton<\/strong><\/td><td><strong>F20<\/strong><\/td><\/tr><tr><td><strong>4.<\/strong><\/td><td><img decoding=\"async\" src=\"kisboja.gif\" alt=\"kisboja\">&nbsp;<strong>Gy\u00f6rgyi Csenge<\/strong><\/td><td><strong>N20<\/strong><\/td><\/tr><tr><td><strong>6.<\/strong><\/td><td><img decoding=\"async\" src=\"kisboja.gif\" alt=\"kisboja\">&nbsp;<strong>Gy\u00f6rgyi P\u00e9ter<\/strong><\/td><td><strong>F20<\/strong><\/td><\/tr><tr><td><strong>6.<\/strong><\/td><td><img decoding=\"async\" src=\"kisboja.gif\" alt=\"kisboja\">&nbsp;<strong>\u0150ry Luca<\/strong><\/td><td><strong>N18<\/strong><\/td><\/tr><tr><td colspan=\"3\"><strong>Csapat ob<\/strong><\/td><\/tr><tr><td><strong>1.<\/strong><\/td><td><img decoding=\"async\" src=\"kupaA.gif\" alt=\"kupaA\"><strong>\u0150ry Eszter, Gy\u00f6rgyi Csenge, \u0150ry Luca<\/strong><\/td><td><strong>N20<\/strong><\/td><\/tr><tr><td><strong>3.<\/strong><\/td><td><img decoding=\"async\" src=\"kupaB.gif\" alt=\"kupaB\"><strong>Jenes G\u00e9za, Gy\u00f6rgyi P\u00e9ter, Gy\u00f6rgyi \u00c1bel<\/strong><\/td><td><strong>F20<\/strong><\/td><\/tr><tr><td><strong>4.<\/strong><\/td><td><img decoding=\"async\" src=\"kisboja.gif\" alt=\"kisboja\">&nbsp;<strong>Zsebeh\u00e1zy Istv\u00e1n, Kisv\u00f6lcsey \u00c1kos, Mets M\u00e1rton, Oszlovics \u00c1d\u00e1m<\/strong><\/td><td><strong>F21<\/strong><\/td><\/tr><tr><td colspan=\"3\"><strong>Pontbegy\u0171jt\u0151 csapatbajnoks\u00e1g<\/strong><\/td><\/tr><tr><td><strong>1.<\/strong><\/td><td><img decoding=\"async\" src=\"kupaA.gif\" alt=\"kupaA\"><strong>\u0150ry Eszter, Gy\u00f6rgyi Csenge, \u0150ry Luca<\/strong><\/td><td><strong>N20<\/strong><\/td><\/tr><tr><td colspan=\"3\"><strong>Egyes\u00fcleti v\u00e1lt\u00f3 ob<\/strong><\/td><\/tr><tr><td><strong>3.<\/strong><\/td><td><img decoding=\"async\" src=\"kupaB.gif\" alt=\"kupaB\"><strong>Jenes Soma, Gy\u00f6rgyi \u00c1bel, Jenes G\u00e9za, Mets M\u00e1rton, Zsebeh\u00e1zy Istv\u00e1n<\/strong><\/td><td><strong>F\u00e9rfi<\/strong><\/td><\/tr><tr><td colspan=\"3\"><strong>Norm\u00e1lt\u00e1v\u00fa ob<\/strong><\/td><\/tr><tr><td><strong>1.<\/strong><\/td><td><img decoding=\"async\" src=\"eremA.gif\" alt=\"eremA\"><strong>Mets M\u00e1rton<\/strong><\/td><td><strong>F20<\/strong><\/td><\/tr><tr><td><strong>1.<\/strong><\/td><td><img decoding=\"async\" src=\"eremA.gif\" alt=\"eremA\"><strong>\u0150ry Eszter<\/strong><\/td><td><strong>N20<\/strong><\/td><\/tr><tr><td><strong>3.<\/strong><\/td><td><img decoding=\"async\" src=\"eremB.gif\" alt=\"eremB\"><strong>Gy\u00f6rgyi Csenge<\/strong><\/td><td><strong>N20<\/strong><\/td><\/tr><tr><td><strong>5.<\/strong><\/td><td><img decoding=\"async\" src=\"kisboja.gif\" alt=\"kisboja\">&nbsp;<strong>Gy\u00f6rgyi P\u00e9ter<\/strong><\/td><td><strong>F20<\/strong><\/td><\/tr><\/tbody><\/table><\/figure>\n\n<\/div>","protected":false},"excerpt":{"rendered":"<p>Junior vil\u00e1gbajnoks\u00e1g (JWOC) N\u00e9v Versenysz\u00e1m Helyez\u00e9s \u0150ry Eszter sprint 26. k\u00f6z\u00e9pt\u00e1v 17. klasszikus 67. v\u00e1lt\u00f3 12. Orsz\u00e1gos bajnoks\u00e1gok Helyez\u00e9s N\u00e9v Kateg\u00f3ria Hossz\u00fa t\u00e1v\u00fa ob 3. Gy\u00f6rgyi P\u00e9ter F20 3. Gy\u00f6rgyi Csenge N20 4. &nbsp;Jenes G\u00e9za F18 5. &nbsp;Zsebeh\u00e1zy Istv\u00e1n F21 \u00c9jszakai ob 3. Jenes G\u00e9za F18 4. &nbsp;Mets M\u00e1rton F20 K\u00f6z\u00e9pt\u00e1v\u00fa ob 1. \u0150ry Eszter [&hellip;]<\/p>\n","protected":false},"author":1,"featured_media":0,"parent":127,"menu_order":0,"comment_status":"closed","ping_status":"closed","template":"","meta":{"_crdt_document":"","_uag_custom_page_level_css":"","site-sidebar-layout":"default","site-content-layout":"","ast-site-content-layout":"default","site-content-style":"default","site-sidebar-style":"default","ast-global-header-display":"","ast-banner-title-visibility":"","ast-main-header-display":"","ast-hfb-above-header-display":"","ast-hfb-below-header-display":"","ast-hfb-mobile-header-display":"","site-post-title":"","ast-breadcrumbs-content":"","ast-featured-img":"","footer-sml-layout":"","theme-transparent-header-meta":"","adv-header-id-meta":"","stick-header-meta":"","header-above-stick-meta":"","header-main-stick-meta":"","header-below-stick-meta":"","astra-migrate-meta-layouts":"default","ast-page-background-enabled":"default","ast-page-background-meta":{"desktop":{"background-color":"var(--ast-global-color-4)","background-image":"","background-repeat":"repeat","background-position":"center center","background-size":"auto","background-attachment":"scroll","background-type":"","background-media":"","overlay-type":"","overlay-color":"","overlay-opacity":"","overlay-gradient":""},"tablet":{"background-color":"","background-image":"","background-repeat":"repeat","background-position":"center center","background-size":"auto","background-attachment":"scroll","background-type":"","background-media":"","overlay-type":"","overlay-color":"","overlay-opacity":"","overlay-gradient":""},"mobile":{"background-color":"","background-image":"","background-repeat":"repeat","background-position":"center center","background-size":"auto","background-attachment":"scroll","background-type":"","background-media":"","overlay-type":"","overlay-color":"","overlay-opacity":"","overlay-gradient":""}},"ast-content-background-meta":{"desktop":{"background-color":"var(--ast-global-color-5)","background-image":"","background-repeat":"repeat","background-position":"center center","background-size":"auto","background-attachment":"scroll","background-type":"","background-media":"","overlay-type":"","overlay-color":"","overlay-opacity":"","overlay-gradient":""},"tablet":{"background-color":"var(--ast-global-color-5)","background-image":"","background-repeat":"repeat","background-position":"center center","background-size":"auto","background-attachment":"scroll","background-type":"","background-media":"","overlay-type":"","overlay-color":"","overlay-opacity":"","overlay-gradient":""},"mobile":{"background-color":"var(--ast-global-color-5)","background-image":"","background-repeat":"repeat","background-position":"center center","background-size":"auto","background-attachment":"scroll","background-type":"","background-media":"","overlay-type":"","overlay-color":"","overlay-opacity":"","overlay-gradient":""}},"footnotes":""},"class_list":["post-468","page","type-page","status-publish","hentry"],"uagb_featured_image_src":{"full":false,"thumbnail":false,"medium":false,"medium_large":false,"large":false,"1536x1536":false,"2048x2048":false},"uagb_author_info":{"display_name":"hellomarci","author_link":"https:\/\/mom-o.hu\/?author=1"},"uagb_comment_info":0,"uagb_excerpt":"Junior vil\u00e1gbajnoks\u00e1g (JWOC) N\u00e9v Versenysz\u00e1m Helyez\u00e9s \u0150ry Eszter sprint 26. k\u00f6z\u00e9pt\u00e1v 17. klasszikus 67. v\u00e1lt\u00f3 12. Orsz\u00e1gos bajnoks\u00e1gok Helyez\u00e9s N\u00e9v Kateg\u00f3ria Hossz\u00fa t\u00e1v\u00fa ob 3. Gy\u00f6rgyi P\u00e9ter F20 3. Gy\u00f6rgyi Csenge N20 4. &nbsp;Jenes G\u00e9za F18 5. &nbsp;Zsebeh\u00e1zy Istv\u00e1n F21 \u00c9jszakai ob 3. Jenes G\u00e9za F18 4. &nbsp;Mets M\u00e1rton F20 K\u00f6z\u00e9pt\u00e1v\u00fa ob 1. \u0150ry Eszter&hellip;","_links":{"self":[{"href":"https:\/\/mom-o.hu\/index.php?rest_route=\/wp\/v2\/pages\/468","targetHints":{"allow":["GET"]}}],"collection":[{"href":"https:\/\/mom-o.hu\/index.php?rest_route=\/wp\/v2\/pages"}],"about":[{"href":"https:\/\/mom-o.hu\/index.php?rest_route=\/wp\/v2\/types\/page"}],"author":[{"embeddable":true,"href":"https:\/\/mom-o.hu\/index.php?rest_route=\/wp\/v2\/users\/1"}],"replies":[{"embeddable":true,"href":"https:\/\/mom-o.hu\/index.php?rest_route=%2Fwp%2Fv2%2Fcomments&post=468"}],"version-history":[{"count":1,"href":"https:\/\/mom-o.hu\/index.php?rest_route=\/wp\/v2\/pages\/468\/revisions"}],"predecessor-version":[{"id":469,"href":"https:\/\/mom-o.hu\/index.php?rest_route=\/wp\/v2\/pages\/468\/revisions\/469"}],"up":[{"embeddable":true,"href":"https:\/\/mom-o.hu\/index.php?rest_route=\/wp\/v2\/pages\/127"}],"wp:attachment":[{"href":"https:\/\/mom-o.hu\/index.php?rest_route=%2Fwp%2Fv2%2Fmedia&parent=468"}],"curies":[{"name":"wp","href":"https:\/\/api.w.org\/{rel}","templated":true}]}}