{"id":478,"date":"2023-10-23T13:36:26","date_gmt":"2023-10-23T11:36:26","guid":{"rendered":"https:\/\/mom-o.hu\/new\/?page_id=478"},"modified":"2023-11-26T16:49:58","modified_gmt":"2023-11-26T15:49:58","slug":"eredmenyeink-2003","status":"publish","type":"page","link":"https:\/\/mom-o.hu\/?page_id=478","title":{"rendered":"Eredm\u00e9nyeink 2003"},"content":{"rendered":"<div class=\"gb-container gb-container-f3b734fe\">\n\n<figure class=\"wp-block-table\"><table><tbody><tr><td colspan=\"3\"><strong>Ifj\u00fas\u00e1gi Eur\u00f3pa-bajnoks\u00e1g (EYOC)<\/strong><\/td><\/tr><tr><td><strong>N\u00e9v<\/strong><\/td><td><strong>Versenysz\u00e1m<\/strong><\/td><td><strong>Helyez\u00e9s<\/strong><\/td><\/tr><tr><td><strong>Zsebeh\u00e1zy Istv\u00e1n<\/strong><img decoding=\"async\" src=\"nagykupaA.gif\" alt=\"nagykupaA\"><img decoding=\"async\" src=\"nagykupaE.gif\" alt=\"nagykupaE\"><\/td><td>sprint<\/td><td><strong>1.<\/strong><\/td><\/tr><tr><td><\/td><td>norm\u00e1l<\/td><td><strong>15.<\/strong><\/td><\/tr><tr><td><\/td><td>v\u00e1lt\u00f3<\/td><td><strong>2.<\/strong><\/td><\/tr><tr><td><strong>Tas Katalin<\/strong><img decoding=\"async\" src=\"nagykupaE.gif\" alt=\"nagykupaE\"><img decoding=\"async\" src=\"nagykupaB.gif\" alt=\"nagykupaB\"><\/td><td>sprint<\/td><td><strong>3.<\/strong><\/td><\/tr><tr><td><\/td><td>norm\u00e1l<\/td><td><strong>2.<\/strong><\/td><\/tr><tr><td><\/td><td>v\u00e1lt\u00f3<\/td><td><strong>7.<\/strong><\/td><\/tr><tr><td colspan=\"3\"><strong>Junior vil\u00e1gbajnoks\u00e1g (JWOC)<\/strong><\/td><\/tr><tr><td><strong>Zsebeh\u00e1zy Istv\u00e1n<\/strong><\/td><td>k\u00f6z\u00e9pt\u00e1v<\/td><td><strong>B 19.<\/strong><\/td><\/tr><tr><td><\/td><td>klasszikus<\/td><td><strong>92.<\/strong><\/td><\/tr><tr><td><\/td><td>v\u00e1lt\u00f3<\/td><td><strong>20.<\/strong><\/td><\/tr><\/tbody><\/table><\/figure>\n\n\n\n<figure class=\"wp-block-table\"><table><tbody><tr><td colspan=\"3\"><strong>Orsz\u00e1gos bajnoks\u00e1gok<\/strong><\/td><\/tr><tr><td><strong>Helyez\u00e9s<\/strong><\/td><td><strong>N\u00e9v<\/strong><\/td><td><strong>Kateg\u00f3ria<\/strong><\/td><\/tr><tr><td colspan=\"3\"><strong>Hossz\u00fa t\u00e1v\u00fa ob<\/strong><\/td><\/tr><tr><td><strong>1.<\/strong><\/td><td><img decoding=\"async\" src=\"eremA.gif\" alt=\"eremA\"><strong>Zsebeh\u00e1zy Istv\u00e1n<\/strong><\/td><td><strong>F18<\/strong><\/td><\/tr><tr><td><strong>4.<\/strong><\/td><td><img decoding=\"async\" src=\"kisboja.gif\" alt=\"kisboja\">&nbsp;<strong>Tas Katalin<\/strong><\/td><td><strong>N18<\/strong><\/td><\/tr><tr><td colspan=\"3\"><strong>\u00c9jszakai ob<\/strong><\/td><\/tr><tr><td><strong>1.<\/strong><\/td><td><img decoding=\"async\" src=\"eremA.gif\" alt=\"eremA\"><strong>Zsebeh\u00e1zy Istv\u00e1n<\/strong><\/td><td><strong>F18<\/strong><\/td><\/tr><tr><td colspan=\"3\"><strong>K\u00f6z\u00e9pt\u00e1v\u00fa ob<\/strong><\/td><\/tr><tr><td><strong>1.<\/strong><\/td><td><img decoding=\"async\" src=\"eremA.gif\" alt=\"eremA\"><strong>Gy\u00f6rgyi Gerg\u0151<\/strong><\/td><td><strong>F14<\/strong><\/td><\/tr><tr><td><strong>1.<\/strong><\/td><td><img decoding=\"async\" src=\"eremA.gif\" alt=\"eremA\"><strong>Zsebeh\u00e1zy Istv\u00e1n<\/strong><\/td><td><strong>F18<\/strong><\/td><\/tr><tr><td><strong>2.<\/strong><\/td><td><img decoding=\"async\" src=\"eremE.gif\" alt=\"eremE\"><strong>Mets M\u00e1rton<\/strong><\/td><td><strong>F14<\/strong><\/td><\/tr><tr><td><strong>6.<\/strong><\/td><td><img decoding=\"async\" src=\"kisboja.gif\" alt=\"kisboja\">&nbsp;<strong>Gy\u00f6rgyi P\u00e9ter<\/strong><\/td><td><strong>F14<\/strong><\/td><\/tr><tr><td colspan=\"3\"><strong>V\u00e1lt\u00f3 ob<\/strong><\/td><\/tr><tr><td><strong>1.<\/strong><\/td><td><img decoding=\"async\" src=\"kupaA.gif\" alt=\"kupaA\"><strong>Gy\u00f6rgyi P\u00e9ter, Mets M\u00e1rton, Gy\u00f6rgyi Gerg\u0151<\/strong><\/td><td><strong>F14<\/strong><\/td><\/tr><tr><td><strong>1.<\/strong><\/td><td><img decoding=\"async\" src=\"kupaA.gif\" alt=\"kupaA\"><strong>Jenes Aliz, \u0150ry Eszter, Tas Katalin<\/strong><\/td><td><strong>N16<\/strong><\/td><\/tr><tr><td><strong>3.<\/strong><\/td><td><img decoding=\"async\" src=\"kupaB.gif\" alt=\"kupaB\"><strong>Gond Gerg\u0151, Gy\u00f6rgyi Krist\u00f3f, Gy\u00f6rgyi M\u00e1t\u00e9<\/strong><\/td><td><strong>F14<\/strong><\/td><\/tr><tr><td><strong>3.<\/strong><\/td><td><img decoding=\"async\" src=\"kupaB.gif\" alt=\"kupaB\"><strong>Salfer Viktor, Oszlovics \u00c1d\u00e1m, Zsebeh\u00e1zy Istv\u00e1n<\/strong><\/td><td><strong>F18<\/strong><\/td><\/tr><tr><td colspan=\"3\"><strong>Sprint ob<\/strong><\/td><\/tr><tr><td><strong>1.<\/strong><\/td><td><img decoding=\"async\" src=\"eremA.gif\" alt=\"eremA\"><strong>Gy\u00f6rgyi Gerg\u0151<\/strong><\/td><td><strong>F14<\/strong><\/td><\/tr><tr><td><strong>1.<\/strong><\/td><td><img decoding=\"async\" src=\"eremA.gif\" alt=\"eremA\"><strong>Tas Katalin<\/strong><\/td><td><strong>N16<\/strong><\/td><\/tr><tr><td><strong>2.<\/strong><\/td><td><img decoding=\"async\" src=\"eremE.gif\" alt=\"eremE\"><strong>Mets M\u00e1rton<\/strong><\/td><td><strong>F14<\/strong><\/td><\/tr><tr><td><strong>3.<\/strong><\/td><td><img decoding=\"async\" src=\"eremB.gif\" alt=\"eremB\"><strong>Zsebeh\u00e1zy Istv\u00e1n<\/strong><\/td><td><strong>F18<\/strong><\/td><\/tr><tr><td><strong>4.<\/strong><\/td><td><img decoding=\"async\" src=\"kisboja.gif\" alt=\"kisboja\">&nbsp;<strong>Gy\u00f6rgyi P\u00e9ter<\/strong><\/td><td><strong>F14<\/strong><\/td><\/tr><tr><td><strong>6.<\/strong><\/td><td><img decoding=\"async\" src=\"kisboja.gif\" alt=\"kisboja\">&nbsp;<strong>\u0150ry Eszter<\/strong><\/td><td><strong>N16<\/strong><\/td><\/tr><tr><td colspan=\"3\"><strong>Norm\u00e1lt\u00e1v\u00fa ob<\/strong><\/td><\/tr><tr><td><strong>1.<\/strong><\/td><td><img decoding=\"async\" src=\"eremA.gif\" alt=\"eremA\"><strong>Gy\u00f6rgyi Gerg\u0151<\/strong><\/td><td><strong>F14<\/strong><\/td><\/tr><tr><td><strong>1.<\/strong><\/td><td><img decoding=\"async\" src=\"eremA.gif\" alt=\"eremA\"><strong>\u0150ry Eszter<\/strong><\/td><td><strong>N16<\/strong><\/td><\/tr><tr><td><strong>2.<\/strong><\/td><td><img decoding=\"async\" src=\"eremE.gif\" alt=\"eremE\"><strong>Mets M\u00e1rton<\/strong><\/td><td><strong>F14<\/strong><\/td><\/tr><tr><td><strong>3.<\/strong><\/td><td><img decoding=\"async\" src=\"eremB.gif\" alt=\"eremB\"><strong>Zsebeh\u00e1zy Istv\u00e1n<\/strong><\/td><td><strong>F18<\/strong><\/td><\/tr><tr><td><strong>4.<\/strong><\/td><td><img decoding=\"async\" src=\"kisboja.gif\" alt=\"kisboja\">&nbsp;<strong>Tas Katalin<\/strong><\/td><td><strong>N16<\/strong><\/td><\/tr><tr><td><strong>5.<\/strong><\/td><td><img decoding=\"async\" src=\"kisboja.gif\" alt=\"kisboja\">&nbsp;<strong>Gy\u00f6rgyi P\u00e9ter<\/strong><\/td><td><strong>F14<\/strong><\/td><\/tr><tr><td colspan=\"3\"><strong>Csapat ob<\/strong><\/td><\/tr><tr><td><strong>1.<\/strong><\/td><td><img decoding=\"async\" src=\"kupaA.gif\" alt=\"kupaA\"><strong>Gy\u00f6rgyi P\u00e9ter, Mets M\u00e1rton, Gy\u00f6rgyi Gerg\u0151<\/strong><\/td><td><strong>F14<\/strong><\/td><\/tr><tr><td><strong>1.<\/strong><\/td><td><img decoding=\"async\" src=\"kupaA.gif\" alt=\"kupaA\"><strong>Salfer Viktor, Oszlovics \u00c1d\u00e1m, Zsebeh\u00e1zy Istv\u00e1n<\/strong><\/td><td><strong>F18<\/strong><\/td><\/tr><tr><td><strong>2.<\/strong><\/td><td><img decoding=\"async\" src=\"kupaE.gif\" alt=\"kupaE\"><strong>Gy\u00f6rgyi Csenge, \u0150ry Eszter, Tas Katalin<\/strong><\/td><td><strong>N16<\/strong><\/td><\/tr><tr><td><strong>3.<\/strong><\/td><td><img decoding=\"async\" src=\"kupaB.gif\" alt=\"kupaB\"><strong>Gond Gerg\u0151, Gy\u00f6rgyi Krist\u00f3f, Gy\u00f6rgyi M\u00e1t\u00e9<\/strong><\/td><td><strong>F14<\/strong><\/td><\/tr><tr><td colspan=\"3\"><strong>Egyes\u00fcleti v\u00e1lt\u00f3 ob<\/strong><\/td><\/tr><tr><td><strong>1.<\/strong><\/td><td><img decoding=\"async\" src=\"kupaA.gif\" alt=\"kupaA\"><strong>Salfer Viktor, Tas M\u00e1t\u00e9, Mets M\u00e1rton, Gy\u00f6rgyi Gerg\u0151, Zsebeh\u00e1zy Istv\u00e1n<\/strong><\/td><td><strong>F\u00e9rfi<\/strong><\/td><\/tr><\/tbody><\/table><\/figure>\n\n<\/div>","protected":false},"excerpt":{"rendered":"<p>Ifj\u00fas\u00e1gi Eur\u00f3pa-bajnoks\u00e1g (EYOC) N\u00e9v Versenysz\u00e1m Helyez\u00e9s Zsebeh\u00e1zy Istv\u00e1n sprint 1. norm\u00e1l 15. v\u00e1lt\u00f3 2. Tas Katalin sprint 3. norm\u00e1l 2. v\u00e1lt\u00f3 7. Junior vil\u00e1gbajnoks\u00e1g (JWOC) Zsebeh\u00e1zy Istv\u00e1n k\u00f6z\u00e9pt\u00e1v B 19. klasszikus 92. v\u00e1lt\u00f3 20. Orsz\u00e1gos bajnoks\u00e1gok Helyez\u00e9s N\u00e9v Kateg\u00f3ria Hossz\u00fa t\u00e1v\u00fa ob 1. Zsebeh\u00e1zy Istv\u00e1n F18 4. &nbsp;Tas Katalin N18 \u00c9jszakai ob 1. Zsebeh\u00e1zy Istv\u00e1n [&hellip;]<\/p>\n","protected":false},"author":1,"featured_media":0,"parent":127,"menu_order":0,"comment_status":"closed","ping_status":"closed","template":"","meta":{"_crdt_document":"","_uag_custom_page_level_css":"","site-sidebar-layout":"default","site-content-layout":"","ast-site-content-layout":"default","site-content-style":"default","site-sidebar-style":"default","ast-global-header-display":"","ast-banner-title-visibility":"","ast-main-header-display":"","ast-hfb-above-header-display":"","ast-hfb-below-header-display":"","ast-hfb-mobile-header-display":"","site-post-title":"","ast-breadcrumbs-content":"","ast-featured-img":"","footer-sml-layout":"","theme-transparent-header-meta":"","adv-header-id-meta":"","stick-header-meta":"","header-above-stick-meta":"","header-main-stick-meta":"","header-below-stick-meta":"","astra-migrate-meta-layouts":"default","ast-page-background-enabled":"default","ast-page-background-meta":{"desktop":{"background-color":"var(--ast-global-color-4)","background-image":"","background-repeat":"repeat","background-position":"center center","background-size":"auto","background-attachment":"scroll","background-type":"","background-media":"","overlay-type":"","overlay-color":"","overlay-opacity":"","overlay-gradient":""},"tablet":{"background-color":"","background-image":"","background-repeat":"repeat","background-position":"center center","background-size":"auto","background-attachment":"scroll","background-type":"","background-media":"","overlay-type":"","overlay-color":"","overlay-opacity":"","overlay-gradient":""},"mobile":{"background-color":"","background-image":"","background-repeat":"repeat","background-position":"center center","background-size":"auto","background-attachment":"scroll","background-type":"","background-media":"","overlay-type":"","overlay-color":"","overlay-opacity":"","overlay-gradient":""}},"ast-content-background-meta":{"desktop":{"background-color":"var(--ast-global-color-5)","background-image":"","background-repeat":"repeat","background-position":"center center","background-size":"auto","background-attachment":"scroll","background-type":"","background-media":"","overlay-type":"","overlay-color":"","overlay-opacity":"","overlay-gradient":""},"tablet":{"background-color":"var(--ast-global-color-5)","background-image":"","background-repeat":"repeat","background-position":"center center","background-size":"auto","background-attachment":"scroll","background-type":"","background-media":"","overlay-type":"","overlay-color":"","overlay-opacity":"","overlay-gradient":""},"mobile":{"background-color":"var(--ast-global-color-5)","background-image":"","background-repeat":"repeat","background-position":"center center","background-size":"auto","background-attachment":"scroll","background-type":"","background-media":"","overlay-type":"","overlay-color":"","overlay-opacity":"","overlay-gradient":""}},"footnotes":""},"class_list":["post-478","page","type-page","status-publish","hentry"],"uagb_featured_image_src":{"full":false,"thumbnail":false,"medium":false,"medium_large":false,"large":false,"1536x1536":false,"2048x2048":false},"uagb_author_info":{"display_name":"hellomarci","author_link":"https:\/\/mom-o.hu\/?author=1"},"uagb_comment_info":0,"uagb_excerpt":"Ifj\u00fas\u00e1gi Eur\u00f3pa-bajnoks\u00e1g (EYOC) N\u00e9v Versenysz\u00e1m Helyez\u00e9s Zsebeh\u00e1zy Istv\u00e1n sprint 1. norm\u00e1l 15. v\u00e1lt\u00f3 2. Tas Katalin sprint 3. norm\u00e1l 2. v\u00e1lt\u00f3 7. Junior vil\u00e1gbajnoks\u00e1g (JWOC) Zsebeh\u00e1zy Istv\u00e1n k\u00f6z\u00e9pt\u00e1v B 19. klasszikus 92. v\u00e1lt\u00f3 20. Orsz\u00e1gos bajnoks\u00e1gok Helyez\u00e9s N\u00e9v Kateg\u00f3ria Hossz\u00fa t\u00e1v\u00fa ob 1. Zsebeh\u00e1zy Istv\u00e1n F18 4. &nbsp;Tas Katalin N18 \u00c9jszakai ob 1. Zsebeh\u00e1zy Istv\u00e1n&hellip;","_links":{"self":[{"href":"https:\/\/mom-o.hu\/index.php?rest_route=\/wp\/v2\/pages\/478","targetHints":{"allow":["GET"]}}],"collection":[{"href":"https:\/\/mom-o.hu\/index.php?rest_route=\/wp\/v2\/pages"}],"about":[{"href":"https:\/\/mom-o.hu\/index.php?rest_route=\/wp\/v2\/types\/page"}],"author":[{"embeddable":true,"href":"https:\/\/mom-o.hu\/index.php?rest_route=\/wp\/v2\/users\/1"}],"replies":[{"embeddable":true,"href":"https:\/\/mom-o.hu\/index.php?rest_route=%2Fwp%2Fv2%2Fcomments&post=478"}],"version-history":[{"count":1,"href":"https:\/\/mom-o.hu\/index.php?rest_route=\/wp\/v2\/pages\/478\/revisions"}],"predecessor-version":[{"id":479,"href":"https:\/\/mom-o.hu\/index.php?rest_route=\/wp\/v2\/pages\/478\/revisions\/479"}],"up":[{"embeddable":true,"href":"https:\/\/mom-o.hu\/index.php?rest_route=\/wp\/v2\/pages\/127"}],"wp:attachment":[{"href":"https:\/\/mom-o.hu\/index.php?rest_route=%2Fwp%2Fv2%2Fmedia&parent=478"}],"curies":[{"name":"wp","href":"https:\/\/api.w.org\/{rel}","templated":true}]}}