{"id":516,"date":"2023-10-23T16:18:42","date_gmt":"2023-10-23T14:18:42","guid":{"rendered":"https:\/\/mom-o.hu\/new\/?page_id=516"},"modified":"2023-11-26T16:52:40","modified_gmt":"2023-11-26T15:52:40","slug":"eredmenyeink-2022","status":"publish","type":"page","link":"https:\/\/mom-o.hu\/?page_id=516","title":{"rendered":"Eredm\u00e9nyeink 2022"},"content":{"rendered":"<div class=\"gb-container gb-container-769616fc\">\n\n<figure class=\"wp-block-table\"><table><tbody><tr><td colspan=\"3\"><strong>Ifj\u00fas\u00e1gi Eur\u00f3pa-bajnoks\u00e1g (EYOC)<\/strong><\/td><\/tr><tr><td><strong>N\u00e9v<\/strong><\/td><td>Versenysz\u00e1m<\/td><td>Helyez\u00e9s<\/td><\/tr><tr><td><strong>Mikes Janka<\/strong>&nbsp;<img decoding=\"async\" src=\"nagykupaA.gif\" alt=\"nagykupaA\">&nbsp;<img decoding=\"async\" src=\"nagykupaE.gif\" alt=\"nagykupaA\">&nbsp;<img decoding=\"async\" src=\"nagykupaB.gif\" alt=\"nagykupaA\"><\/td><td>long<\/td><td><strong>3.<\/strong><\/td><\/tr><tr><td><\/td><td>sprint<\/td><td><strong>1.<\/strong><\/td><\/tr><tr><td><\/td><td>v\u00e1lt\u00f3<\/td><td><strong>2.<\/strong><\/td><\/tr><tr><td colspan=\"3\"><strong>Junior vil\u00e1gbajnoks\u00e1g (JWOC)<\/strong><\/td><\/tr><tr><td><strong>Czak\u00f3 Bogl\u00e1rka<\/strong>&nbsp;<img decoding=\"async\" src=\"nagykupaE.gif\" alt=\"nagykupaE\">&nbsp;<img decoding=\"async\" src=\"nagykupaE.gif\" alt=\"nagykupaE\"><\/td><td>sprint<\/td><td><strong>8.<\/strong><\/td><\/tr><tr><td><\/td><td>sprintv\u00e1lt\u00f3<\/td><td><strong>2.<\/strong><\/td><\/tr><tr><td><\/td><td>middle<\/td><td><strong>15.<\/strong><\/td><\/tr><tr><td><\/td><td>long<\/td><td><strong>22.<\/strong><\/td><\/tr><tr><td><\/td><td>v\u00e1lt\u00f3<\/td><td><strong>2.<\/strong><\/td><\/tr><\/tbody><\/table><\/figure>\n\n\n\n<figure class=\"wp-block-table\"><table><tbody><tr><td colspan=\"3\"><strong>Orsz\u00e1gos bajnoks\u00e1gok<\/strong><\/td><\/tr><tr><td><strong>Helyez\u00e9s<\/strong><\/td><td><strong>N\u00e9v<\/strong><\/td><td><strong>Kateg\u00f3ria<\/strong><\/td><\/tr><tr><td colspan=\"3\"><strong>Csapat ob<\/strong><\/td><\/tr><tr><td><strong>1.<\/strong><\/td><td><img decoding=\"async\" src=\"kupaA.gif\" alt=\"kupaA\">&nbsp;<strong>Mikes Janka, Solt\u00e9sz Abig\u00e9l, Szak\u00e1l-Bir\u00f3 S\u00e1ra<\/strong><\/td><td><strong>N16<\/strong><\/td><\/tr><tr><td><strong>3.<\/strong><\/td><td><img decoding=\"async\" src=\"kupaB.gif\" alt=\"kupaB\">&nbsp;<strong>Miavecz Bal\u00e1zs, Kisv\u00f6lcsey \u00c1kos, Mets M\u00e1rton<\/strong><\/td><td><strong>F21<\/strong><\/td><\/tr><tr><td><strong>4.<\/strong><\/td><td><img decoding=\"async\" src=\"kisboja.gif\" alt=\"kisboja\">&nbsp;<strong>Bir\u00f3 Art\u00far, Bir\u00f3 L\u0151rinc, G\u00e1rdonyi Zsolt<\/strong><\/td><td><strong>F14<\/strong><\/td><\/tr><tr><td><strong>4.<\/strong><\/td><td><img decoding=\"async\" src=\"kisboja.gif\" alt=\"kisboja\">&nbsp;<strong>Gerzs\u00e9nyi Bodza, G\u00e1rdonyi Csilla, S\u00e1rk\u00f6zy Rita<\/strong><\/td><td><strong>N21<\/strong><\/td><\/tr><tr><td colspan=\"3\"><strong>K\u00f6z\u00e9pt\u00e1v\u00fa ob<\/strong><\/td><\/tr><tr><td><strong>1.<\/strong><\/td><td><img decoding=\"async\" src=\"eremA.gif\" alt=\"eremA\">&nbsp;<strong>Mikes Janka<\/strong><\/td><td><strong>N16<\/strong><\/td><\/tr><tr><td><strong>2.<\/strong><\/td><td><img decoding=\"async\" src=\"eremE.gif\" alt=\"eremE\">&nbsp;<strong>Gerzs\u00e9nyi Bodza<\/strong><\/td><td><strong>N18<\/strong><\/td><\/tr><tr><td><strong>2.<\/strong><\/td><td><img decoding=\"async\" src=\"eremE.gif\" alt=\"eremE\">&nbsp;<strong>G\u00e1rdonyi Csilla<\/strong><\/td><td><strong>N21<\/strong><\/td><\/tr><tr><td><strong>5.<\/strong><\/td><td><img decoding=\"async\" src=\"kisboja.gif\" alt=\"kisboja\">&nbsp;<strong>Zsebeh\u00e1zy Istv\u00e1n<\/strong><\/td><td><strong>F21<\/strong><\/td><\/tr><tr><td><strong>6.<\/strong><\/td><td><img decoding=\"async\" src=\"kisboja.gif\" alt=\"kisboja\">&nbsp;<strong>S\u00e1rk\u00f6zy Rita<\/strong><\/td><td><strong>N18<\/strong><\/td><\/tr><tr><td><strong>6.<\/strong><\/td><td><img decoding=\"async\" src=\"kisboja.gif\" alt=\"kisboja\">&nbsp;<strong>Szak\u00e1l-Bir\u00f3 S\u00e1ra<\/strong><\/td><td><strong>N14<\/strong><\/td><\/tr><tr><td colspan=\"3\"><strong>V\u00e1lt\u00f3 ob<\/strong><\/td><\/tr><tr><td><strong>1.<\/strong><\/td><td><img decoding=\"async\" src=\"kupaA.gif\" alt=\"kupaA\">&nbsp;<strong>Gerzs\u00e9nyi Bodza, G\u00e1rdonyi Csilla, Mikes Janka<\/strong><\/td><td><strong>N21<\/strong><\/td><\/tr><tr><td><strong>3.<\/strong><\/td><td><img decoding=\"async\" src=\"kupaB.gif\" alt=\"kupaB\">&nbsp;<strong>S\u00e1rk\u00f6zy Rita, Solt\u00e9sz Abig\u00e9l, K\u00e9zdy Judit<\/strong><\/td><td><strong>N20<\/strong><\/td><\/tr><tr><td><strong>4.<\/strong><\/td><td><img decoding=\"async\" src=\"kisboja.gif\" alt=\"kisboja\">&nbsp;<strong>Bir\u00f3 L\u0151rinc, Szak\u00e1l-Bir\u00f3 S\u00e1ra, Bir\u00f3 Art\u00far<\/strong><\/td><td><strong>F14<\/strong><\/td><\/tr><tr><td><strong>5.<\/strong><\/td><td><img decoding=\"async\" src=\"kisboja.gif\" alt=\"kisboja\">&nbsp;<strong>Mets M\u00e1rton, Miavecz Bal\u00e1zs, Zsebeh\u00e1zy Istv\u00e1n<\/strong><\/td><td><strong>F21<\/strong><\/td><\/tr><tr><td colspan=\"3\"><strong>Sprint ob<\/strong><\/td><\/tr><tr><td><strong>1.<\/strong><\/td><td><img decoding=\"async\" src=\"eremA.gif\" alt=\"eremE\">&nbsp;<strong>Mikes Janka<\/strong><\/td><td><strong>N16<\/strong><\/td><\/tr><tr><td><strong>1.<\/strong><\/td><td><img decoding=\"async\" src=\"eremA.gif\" alt=\"eremE\">&nbsp;<strong>Gerzs\u00e9nyi Bodza<\/strong><\/td><td><strong>N18<\/strong><\/td><\/tr><tr><td><strong>5.<\/strong><\/td><td><img decoding=\"async\" src=\"kisboja.gif\" alt=\"kisboja\">&nbsp;<strong>S\u00e1rk\u00f6zy Rita<\/strong><\/td><td><strong>N18<\/strong><\/td><\/tr><tr><td><strong>5.<\/strong><\/td><td><img decoding=\"async\" src=\"kisboja.gif\" alt=\"kisboja\">&nbsp;<strong>G\u00e1rdonyi Csilla<\/strong><\/td><td><strong>N21<\/strong><\/td><\/tr><tr><td><strong>6.<\/strong><\/td><td><img decoding=\"async\" src=\"kisboja.gif\" alt=\"kisboja\">&nbsp;<strong>Szak\u00e1l-Bir\u00f3 S\u00e1ra<\/strong><\/td><td><strong>N14<\/strong><\/td><\/tr><tr><td><strong>6.<\/strong><\/td><td><img decoding=\"async\" src=\"kisboja.gif\" alt=\"kisboja\">&nbsp;<strong>Solt\u00e9sz Abig\u00e9l<\/strong><\/td><td><strong>N16<\/strong><\/td><\/tr><tr><td colspan=\"3\"><strong>Sprintv\u00e1lt\u00f3 ob<\/strong><\/td><\/tr><tr><td><strong>2.<\/strong><\/td><td><img decoding=\"async\" src=\"kupaE.gif\" alt=\"kupaE\">&nbsp;<strong>S\u00e1rk\u00f6zy Rita, Mikes Janka, Kincses Tam\u00e1s, Gerzs\u00e9nyi Bodza<\/strong><\/td><td><strong>V18<\/strong><\/td><\/tr><tr><td colspan=\"3\"><strong>\u00c9jszakai ob<\/strong><\/td><\/tr><tr><td><strong>1.<\/strong><\/td><td><img decoding=\"async\" src=\"eremA.gif\" alt=\"eremA\">&nbsp;<strong>Mikes Janka<\/strong><\/td><td><strong>N16<\/strong><\/td><\/tr><tr><td><strong>1.<\/strong><\/td><td><img decoding=\"async\" src=\"eremA.gif\" alt=\"eremA\">&nbsp;<strong>G\u00e1rdonyi Csilla<\/strong><\/td><td><strong>N21<\/strong><\/td><\/tr><tr><td><strong>3.<\/strong><\/td><td><img decoding=\"async\" src=\"eremB.gif\" alt=\"eremB\">&nbsp;<strong>Gerzs\u00e9nyi Bodza<\/strong><\/td><td><strong>N18<\/strong><\/td><\/tr><tr><td colspan=\"3\"><strong>Egyes\u00fcleti v\u00e1lt\u00f3 ob<\/strong><\/td><\/tr><tr><td><strong>2.<\/strong><\/td><td><img decoding=\"async\" src=\"kupaE.gif\" alt=\"kupaB\"><strong>&nbsp;Szak\u00e1l-Bir\u00f3 S\u00e1ra, Mikes Janka, Gerzs\u00e9nyi Bodza, S\u00e1rk\u00f6zy Rita, G\u00e1rdonyi Csilla<\/strong><\/td><td><strong>N\u0151i<\/strong><\/td><\/tr><tr><td colspan=\"3\"><strong>Norm\u00e1lt\u00e1v\u00fa ob<\/strong><\/td><\/tr><tr><td><strong>1.<\/strong><\/td><td><img decoding=\"async\" src=\"eremA.gif\" alt=\"eremA\">&nbsp;<strong>Mikes Janka<\/strong><\/td><td><strong>N16<\/strong><\/td><\/tr><tr><td><strong>1.<\/strong><\/td><td><img decoding=\"async\" src=\"eremA.gif\" alt=\"eremA\">&nbsp;<strong>Gerzs\u00e9nyi Bodza<\/strong><\/td><td><strong>N18<\/strong><\/td><\/tr><tr><td><strong>1.<\/strong><\/td><td><img decoding=\"async\" src=\"eremA.gif\" alt=\"eremA\">&nbsp;<strong>Zempl\u00e9ni Lilla<\/strong><\/td><td><strong>N20<\/strong><\/td><\/tr><tr><td><strong>2.<\/strong><\/td><td><img decoding=\"async\" src=\"eremE.gif\" alt=\"eremE\">&nbsp;<strong>G\u00e1rdonyi Csilla<\/strong><\/td><td><strong>N21<\/strong><\/td><\/tr><tr><td><strong>4.<\/strong><\/td><td><img decoding=\"async\" src=\"kisboja.gif\" alt=\"kisboja\">&nbsp;<strong>Bir\u00f3 Art\u00far<\/strong><\/td><td><strong>F14<\/strong><\/td><\/tr><tr><td><strong>5.<\/strong><\/td><td><img decoding=\"async\" src=\"kisboja.gif\" alt=\"kisboja\">&nbsp;<strong>S\u00e1rk\u00f6zy Rita<\/strong><\/td><td><strong>N18<\/strong><\/td><\/tr><tr><td><strong>5.<\/strong><\/td><td><img decoding=\"async\" src=\"kisboja.gif\" alt=\"kisboja\">&nbsp;<strong>Zsebeh\u00e1zy Istv\u00e1n<\/strong><\/td><td><strong>F21<\/strong><\/td><\/tr><tr><td colspan=\"3\"><strong>Pontbegy\u0171jt\u0151 csapatbajnoks\u00e1g<\/strong><\/td><\/tr><tr><td><strong>1.<\/strong><\/td><td><img decoding=\"async\" src=\"kupaA.gif\" alt=\"kupaA\">&nbsp;<strong>Gerzs\u00e9nyi Bodza, Mikes Janka, S\u00e1rk\u00f6zy Rita<\/strong><\/td><td><strong>N18<\/strong><\/td><\/tr><tr><td><strong>1.<\/strong><\/td><td><img decoding=\"async\" src=\"kupaA.gif\" alt=\"kupaA\">&nbsp;<strong>G\u00e1rdonyi Csilla, K\u00e9zdy Borb\u00e1la, Zempl\u00e9ni Lilla<\/strong><\/td><td><strong>N21<\/strong><\/td><\/tr><tr><td><strong>3.<\/strong><\/td><td><img decoding=\"async\" src=\"kupaB.gif\" alt=\"kupaB\">&nbsp;<strong>K\u00e1lm\u00e1n Tamara, K\u00e9zdy Judit, Solt\u00e9sz Abig\u00e9l<\/strong><\/td><td><strong>N20<\/strong><\/td><\/tr><tr><td><strong>4.<\/strong><\/td><td><img decoding=\"async\" src=\"kisboja.gif\" alt=\"kisboja\">&nbsp;<strong>Bir\u00f3 Art\u00far, Bir\u00f3 L\u0151rinc, G\u00e1rdonyi Zsolt<\/strong><\/td><td><strong>F14<\/strong><\/td><\/tr><tr><td><strong>5.<\/strong><\/td><td><img decoding=\"async\" src=\"kisboja.gif\" alt=\"kisboja\">&nbsp;<strong>Mets M\u00e1rton, Miavecz Bal\u00e1zs, Zsebeh\u00e1zy Istv\u00e1n<\/strong><\/td><td><strong>F21<\/strong><\/td><\/tr><\/tbody><\/table><\/figure>\n\n<\/div>","protected":false},"excerpt":{"rendered":"<p>Ifj\u00fas\u00e1gi Eur\u00f3pa-bajnoks\u00e1g (EYOC) N\u00e9v Versenysz\u00e1m Helyez\u00e9s Mikes Janka&nbsp;&nbsp;&nbsp; long 3. sprint 1. v\u00e1lt\u00f3 2. Junior vil\u00e1gbajnoks\u00e1g (JWOC) Czak\u00f3 Bogl\u00e1rka&nbsp;&nbsp; sprint 8. sprintv\u00e1lt\u00f3 2. middle 15. long 22. v\u00e1lt\u00f3 2. Orsz\u00e1gos bajnoks\u00e1gok Helyez\u00e9s N\u00e9v Kateg\u00f3ria Csapat ob 1. &nbsp;Mikes Janka, Solt\u00e9sz Abig\u00e9l, Szak\u00e1l-Bir\u00f3 S\u00e1ra N16 3. &nbsp;Miavecz Bal\u00e1zs, Kisv\u00f6lcsey \u00c1kos, Mets M\u00e1rton F21 4. &nbsp;Bir\u00f3 Art\u00far, [&hellip;]<\/p>\n","protected":false},"author":1,"featured_media":0,"parent":127,"menu_order":0,"comment_status":"closed","ping_status":"closed","template":"","meta":{"_crdt_document":"","_uag_custom_page_level_css":"","site-sidebar-layout":"default","site-content-layout":"","ast-site-content-layout":"default","site-content-style":"default","site-sidebar-style":"default","ast-global-header-display":"","ast-banner-title-visibility":"","ast-main-header-display":"","ast-hfb-above-header-display":"","ast-hfb-below-header-display":"","ast-hfb-mobile-header-display":"","site-post-title":"","ast-breadcrumbs-content":"","ast-featured-img":"","footer-sml-layout":"","theme-transparent-header-meta":"","adv-header-id-meta":"","stick-header-meta":"","header-above-stick-meta":"","header-main-stick-meta":"","header-below-stick-meta":"","astra-migrate-meta-layouts":"default","ast-page-background-enabled":"default","ast-page-background-meta":{"desktop":{"background-color":"var(--ast-global-color-4)","background-image":"","background-repeat":"repeat","background-position":"center center","background-size":"auto","background-attachment":"scroll","background-type":"","background-media":"","overlay-type":"","overlay-color":"","overlay-opacity":"","overlay-gradient":""},"tablet":{"background-color":"","background-image":"","background-repeat":"repeat","background-position":"center center","background-size":"auto","background-attachment":"scroll","background-type":"","background-media":"","overlay-type":"","overlay-color":"","overlay-opacity":"","overlay-gradient":""},"mobile":{"background-color":"","background-image":"","background-repeat":"repeat","background-position":"center center","background-size":"auto","background-attachment":"scroll","background-type":"","background-media":"","overlay-type":"","overlay-color":"","overlay-opacity":"","overlay-gradient":""}},"ast-content-background-meta":{"desktop":{"background-color":"var(--ast-global-color-5)","background-image":"","background-repeat":"repeat","background-position":"center center","background-size":"auto","background-attachment":"scroll","background-type":"","background-media":"","overlay-type":"","overlay-color":"","overlay-opacity":"","overlay-gradient":""},"tablet":{"background-color":"var(--ast-global-color-5)","background-image":"","background-repeat":"repeat","background-position":"center center","background-size":"auto","background-attachment":"scroll","background-type":"","background-media":"","overlay-type":"","overlay-color":"","overlay-opacity":"","overlay-gradient":""},"mobile":{"background-color":"var(--ast-global-color-5)","background-image":"","background-repeat":"repeat","background-position":"center center","background-size":"auto","background-attachment":"scroll","background-type":"","background-media":"","overlay-type":"","overlay-color":"","overlay-opacity":"","overlay-gradient":""}},"footnotes":""},"class_list":["post-516","page","type-page","status-publish","hentry"],"uagb_featured_image_src":{"full":false,"thumbnail":false,"medium":false,"medium_large":false,"large":false,"1536x1536":false,"2048x2048":false},"uagb_author_info":{"display_name":"hellomarci","author_link":"https:\/\/mom-o.hu\/?author=1"},"uagb_comment_info":0,"uagb_excerpt":"Ifj\u00fas\u00e1gi Eur\u00f3pa-bajnoks\u00e1g (EYOC) N\u00e9v Versenysz\u00e1m Helyez\u00e9s Mikes Janka&nbsp;&nbsp;&nbsp; long 3. sprint 1. v\u00e1lt\u00f3 2. Junior vil\u00e1gbajnoks\u00e1g (JWOC) Czak\u00f3 Bogl\u00e1rka&nbsp;&nbsp; sprint 8. sprintv\u00e1lt\u00f3 2. middle 15. long 22. v\u00e1lt\u00f3 2. Orsz\u00e1gos bajnoks\u00e1gok Helyez\u00e9s N\u00e9v Kateg\u00f3ria Csapat ob 1. &nbsp;Mikes Janka, Solt\u00e9sz Abig\u00e9l, Szak\u00e1l-Bir\u00f3 S\u00e1ra N16 3. &nbsp;Miavecz Bal\u00e1zs, Kisv\u00f6lcsey \u00c1kos, Mets M\u00e1rton F21 4. &nbsp;Bir\u00f3 Art\u00far,&hellip;","_links":{"self":[{"href":"https:\/\/mom-o.hu\/index.php?rest_route=\/wp\/v2\/pages\/516","targetHints":{"allow":["GET"]}}],"collection":[{"href":"https:\/\/mom-o.hu\/index.php?rest_route=\/wp\/v2\/pages"}],"about":[{"href":"https:\/\/mom-o.hu\/index.php?rest_route=\/wp\/v2\/types\/page"}],"author":[{"embeddable":true,"href":"https:\/\/mom-o.hu\/index.php?rest_route=\/wp\/v2\/users\/1"}],"replies":[{"embeddable":true,"href":"https:\/\/mom-o.hu\/index.php?rest_route=%2Fwp%2Fv2%2Fcomments&post=516"}],"version-history":[{"count":2,"href":"https:\/\/mom-o.hu\/index.php?rest_route=\/wp\/v2\/pages\/516\/revisions"}],"predecessor-version":[{"id":543,"href":"https:\/\/mom-o.hu\/index.php?rest_route=\/wp\/v2\/pages\/516\/revisions\/543"}],"up":[{"embeddable":true,"href":"https:\/\/mom-o.hu\/index.php?rest_route=\/wp\/v2\/pages\/127"}],"wp:attachment":[{"href":"https:\/\/mom-o.hu\/index.php?rest_route=%2Fwp%2Fv2%2Fmedia&parent=516"}],"curies":[{"name":"wp","href":"https:\/\/api.w.org\/{rel}","templated":true}]}}