{"id":960,"date":"2023-12-01T18:24:08","date_gmt":"2023-12-01T17:24:08","guid":{"rendered":"https:\/\/mom-o.hu\/new\/?page_id=960"},"modified":"2023-12-22T20:24:51","modified_gmt":"2023-12-22T19:24:51","slug":"eredmenyeink-1998","status":"publish","type":"page","link":"https:\/\/mom-o.hu\/?page_id=960","title":{"rendered":"Eredm\u00e9nyeink 1998"},"content":{"rendered":"\n<div class=\"wp-block-uagb-container uagb-block-03e508ad alignfull uagb-is-root-container\"><div class=\"uagb-container-inner-blocks-wrap\">\n<div class=\"wp-block-uagb-container uagb-block-e4398ed3\">\n<div class=\"wp-block-uagb-advanced-heading uagb-block-bc0af575\"><h2 class=\"uagb-heading-text\">Orsz\u00e1gos Hossz\u00fat\u00e1v\u00fa Bajnoks\u00e1g &#8211; Velence<\/h2><\/div>\n<\/div>\n\n\n\n<div class=\"wp-block-uagb-container uagb-block-30c77730\">\n<div class=\"wp-block-uagb-info-box uagb-block-930e2951 uagb-infobox__content-wrap  uagb-infobox-icon-above-title uagb-infobox-image-valign-top\"><div class=\"uagb-ifb-content\"><div class=\"uagb-ifb-title-wrap\"><p class=\"uagb-ifb-title\"><img loading=\"lazy\" decoding=\"async\" width=\"20\" height=\"13\" class=\"wp-image-552\" style=\"width: 20px;\" src=\"https:\/\/mom-o.hu\/wp-content\/uploads\/2023\/10\/eremE.gif\" alt=\"\"> <strong>Tas M\u00e1t\u00e9<\/strong> &#8211; 2. hely F20E<\/p><\/div><\/div><\/div>\n\n\n\n<div class=\"wp-block-uagb-info-box uagb-block-25843f28 uagb-infobox__content-wrap  uagb-infobox-icon-above-title uagb-infobox-image-valign-top\"><div class=\"uagb-ifb-content\"><div class=\"uagb-ifb-title-wrap\"><p class=\"uagb-ifb-title\"><img loading=\"lazy\" decoding=\"async\" width=\"20\" height=\"13\" class=\"wp-image-551\" style=\"width: 20px;\" src=\"https:\/\/mom-o.hu\/wp-content\/uploads\/2023\/10\/eremB.gif\" alt=\"\"> <strong>Sz\u00e1sz Bence<\/strong> &#8211; 3. hely F20E<\/p><\/div><\/div><\/div>\n<\/div>\n<\/div><\/div>\n\n\n\n<div class=\"wp-block-uagb-container uagb-block-d23170b0 alignfull uagb-is-root-container\"><div class=\"uagb-container-inner-blocks-wrap\">\n<div class=\"wp-block-uagb-container uagb-block-9e9dca8d\">\n<div class=\"wp-block-uagb-advanced-heading uagb-block-3d66dcbb\"><h2 class=\"uagb-heading-text\">Orsz\u00e1gos \u00c9jszakai Bajnoks\u00e1g &#8211; Gy\u00far\u00f3<\/h2><\/div>\n<\/div>\n\n\n\n<div class=\"wp-block-uagb-container uagb-block-411ef0ac\">\n<div class=\"wp-block-uagb-info-box uagb-block-1dc23f55 uagb-infobox__content-wrap  uagb-infobox-icon-above-title uagb-infobox-image-valign-top\"><div class=\"uagb-ifb-content\"><div class=\"uagb-ifb-title-wrap\"><p class=\"uagb-ifb-title\"><img loading=\"lazy\" decoding=\"async\" width=\"20\" height=\"13\" class=\"wp-image-552\" style=\"width: 20px;\" src=\"https:\/\/mom-o.hu\/wp-content\/uploads\/2023\/10\/eremE.gif\" alt=\"\"> <strong>Boss\u00e1nszky \u00c1kos<\/strong> &#8211; 2. hely F20E<\/p><\/div><\/div><\/div>\n<\/div>\n<\/div><\/div>\n\n\n\n<div class=\"wp-block-uagb-container uagb-block-b7e14965 alignfull uagb-is-root-container\"><div class=\"uagb-container-inner-blocks-wrap\">\n<div class=\"wp-block-uagb-container uagb-block-7a69a3f0\">\n<div class=\"wp-block-uagb-advanced-heading uagb-block-c02ae3a6\"><h2 class=\"uagb-heading-text\">Orsz\u00e1gos R\u00f6vidt\u00e1v\u00fa Bajnoks\u00e1g &#8211; M\u00e1traf\u00fcred<\/h2><\/div>\n<\/div>\n\n\n\n<div class=\"wp-block-uagb-container uagb-block-36554ae5\">\n<div class=\"wp-block-uagb-info-box uagb-block-6994528a uagb-infobox__content-wrap  uagb-infobox-icon-above-title uagb-infobox-image-valign-top\"><div class=\"uagb-ifb-content\"><div class=\"uagb-ifb-title-wrap\"><p class=\"uagb-ifb-title\"><img loading=\"lazy\" decoding=\"async\" width=\"20\" height=\"13\" class=\"wp-image-552\" style=\"width: 20px;\" src=\"https:\/\/mom-o.hu\/wp-content\/uploads\/2023\/10\/eremE.gif\" alt=\"\"> <strong>Tas M\u00e1t\u00e9<\/strong> &#8211; 2. hely F20E<\/p><\/div><\/div><\/div>\n\n\n\n<div class=\"wp-block-uagb-info-box uagb-block-630c50e9 uagb-infobox__content-wrap  uagb-infobox-icon-above-title uagb-infobox-image-valign-top\"><div class=\"uagb-ifb-content\"><div class=\"uagb-ifb-title-wrap\"><p class=\"uagb-ifb-title\"><img loading=\"lazy\" decoding=\"async\" width=\"10\" height=\"10\" class=\"wp-image-553\" style=\"width: 10px;\" src=\"https:\/\/mom-o.hu\/wp-content\/uploads\/2023\/10\/kisboja.gif\" alt=\"\"> <strong>Sz\u00e1sz Bence<\/strong> &#8211; 5. hely F20E<\/p><\/div><\/div><\/div>\n\n\n\n<div class=\"wp-block-uagb-info-box uagb-block-d1ae4492 uagb-infobox__content-wrap  uagb-infobox-icon-above-title uagb-infobox-image-valign-top\"><div class=\"uagb-ifb-content\"><div class=\"uagb-ifb-title-wrap\"><p class=\"uagb-ifb-title\"><img loading=\"lazy\" decoding=\"async\" width=\"10\" height=\"10\" class=\"wp-image-553\" style=\"width: 10px;\" src=\"https:\/\/mom-o.hu\/wp-content\/uploads\/2023\/10\/kisboja.gif\" alt=\"\"> <strong>J\u00f3zsa Borb\u00e1la<\/strong> &#8211; 5. hely N18E<\/p><\/div><\/div><\/div>\n\n\n\n<div class=\"wp-block-uagb-info-box uagb-block-437f521d uagb-infobox__content-wrap  uagb-infobox-icon-above-title uagb-infobox-image-valign-top\"><div class=\"uagb-ifb-content\"><div class=\"uagb-ifb-title-wrap\"><p class=\"uagb-ifb-title\"><img loading=\"lazy\" decoding=\"async\" width=\"10\" height=\"10\" class=\"wp-image-553\" style=\"width: 10px;\" src=\"https:\/\/mom-o.hu\/wp-content\/uploads\/2023\/10\/kisboja.gif\" alt=\"\"> <strong>Zsebeh\u00e1zy Istv\u00e1n<\/strong> &#8211; 5. hely F14E<\/p><\/div><\/div><\/div>\n<\/div>\n<\/div><\/div>\n\n\n\n<div class=\"wp-block-uagb-container uagb-block-c4b6b9a2 alignfull uagb-is-root-container\"><div class=\"uagb-container-inner-blocks-wrap\">\n<div class=\"wp-block-uagb-container uagb-block-47c12370\">\n<div class=\"wp-block-uagb-advanced-heading uagb-block-4adf9887\"><h2 class=\"uagb-heading-text\">Orsz\u00e1gos V\u00e1lt\u00f3 Bajnoks\u00e1g <\/h2><\/div>\n<\/div>\n\n\n\n<div class=\"wp-block-uagb-container uagb-block-ab7b0058\">\n<div class=\"wp-block-uagb-info-box uagb-block-043f102e uagb-infobox__content-wrap  uagb-infobox-icon-above-title uagb-infobox-image-valign-top\"><div class=\"uagb-ifb-content\"><div class=\"uagb-ifb-title-wrap\"><p class=\"uagb-ifb-title\"><img loading=\"lazy\" decoding=\"async\" width=\"20\" height=\"13\" class=\"wp-image-554\" style=\"width: 20px;\" src=\"https:\/\/mom-o.hu\/wp-content\/uploads\/2023\/10\/kupaA.gif\" alt=\"\"> <strong>Sz\u00e1sz Bence, Friedrich G\u00e1bor, Tas M\u00e1t\u00e9<\/strong> &#8211; 1. hely F20E<\/p><\/div><\/div><\/div>\n\n\n\n<div class=\"wp-block-uagb-info-box uagb-block-33e41f5d uagb-infobox__content-wrap  uagb-infobox-icon-above-title uagb-infobox-image-valign-top\"><div class=\"uagb-ifb-content\"><div class=\"uagb-ifb-title-wrap\"><p class=\"uagb-ifb-title\"><img loading=\"lazy\" decoding=\"async\" width=\"20\" height=\"13\" class=\"wp-image-555\" style=\"width: 20px;\" src=\"https:\/\/mom-o.hu\/wp-content\/uploads\/2023\/10\/kupaB.gif\" alt=\"\"> <strong>J\u00f3zsa Borb\u00e1la, Pattanty\u00fas Margit, Borosznoki Zita<\/strong> &#8211; 3. hely N18E<\/p><\/div><\/div><\/div>\n\n\n\n<div class=\"wp-block-uagb-info-box uagb-block-654195be uagb-infobox__content-wrap  uagb-infobox-icon-above-title uagb-infobox-image-valign-top\"><div class=\"uagb-ifb-content\"><div class=\"uagb-ifb-title-wrap\"><p class=\"uagb-ifb-title\"><img loading=\"lazy\" decoding=\"async\" width=\"10\" height=\"10\" class=\"wp-image-553\" style=\"width: 10px;\" src=\"https:\/\/mom-o.hu\/wp-content\/uploads\/2023\/10\/kisboja.gif\" alt=\"\"> <strong>Hern\u00e1th Zolt\u00e1n, Oszlovics \u00c1d\u00e1m, Zsebeh\u00e1zy Istv\u00e1n<\/strong> &#8211; 6. hely F14E<\/p><\/div><\/div><\/div>\n<\/div>\n<\/div><\/div>\n\n\n\n<div class=\"wp-block-uagb-container uagb-block-917ba589 alignfull uagb-is-root-container\"><div class=\"uagb-container-inner-blocks-wrap\">\n<div class=\"wp-block-uagb-container uagb-block-2e95bd45\">\n<div class=\"wp-block-uagb-advanced-heading uagb-block-9ccb8ab1\"><h2 class=\"uagb-heading-text\">Orsz\u00e1gos Norm\u00e1lt\u00e1v\u00fa Bajnoks\u00e1g &#8211; Bog\u00e1cs<\/h2><\/div>\n<\/div>\n\n\n\n<div class=\"wp-block-uagb-container uagb-block-3fb4f04a\">\n<div class=\"wp-block-uagb-info-box uagb-block-031f7f1d uagb-infobox__content-wrap  uagb-infobox-icon-above-title uagb-infobox-image-valign-top\"><div class=\"uagb-ifb-content\"><div class=\"uagb-ifb-title-wrap\"><p class=\"uagb-ifb-title\"><img loading=\"lazy\" decoding=\"async\" width=\"20\" height=\"13\" class=\"wp-image-550\" style=\"width: 20px;\" src=\"https:\/\/mom-o.hu\/wp-content\/uploads\/2023\/10\/eremA.gif\" alt=\"\"> <strong> Tas M\u00e1t\u00e9<\/strong> &#8211; 1. hely F20E<\/p><\/div><\/div><\/div>\n\n\n\n<div class=\"wp-block-uagb-info-box uagb-block-9301c350 uagb-infobox__content-wrap  uagb-infobox-icon-above-title uagb-infobox-image-valign-top\"><div class=\"uagb-ifb-content\"><div class=\"uagb-ifb-title-wrap\"><p class=\"uagb-ifb-title\"><img loading=\"lazy\" decoding=\"async\" width=\"20\" height=\"13\" class=\"wp-image-552\" style=\"width: 20px;\" src=\"https:\/\/mom-o.hu\/wp-content\/uploads\/2023\/10\/eremE.gif\" alt=\"\"> <strong>Friedrich G\u00e1bor<\/strong> &#8211; 2. hely F20E<\/p><\/div><\/div><\/div>\n\n\n\n<div class=\"wp-block-uagb-info-box uagb-block-da778fcb uagb-infobox__content-wrap  uagb-infobox-icon-above-title uagb-infobox-image-valign-top\"><div class=\"uagb-ifb-content\"><div class=\"uagb-ifb-title-wrap\"><p class=\"uagb-ifb-title\"><img loading=\"lazy\" decoding=\"async\" width=\"10\" height=\"10\" class=\"wp-image-553\" style=\"width: 10px;\" src=\"https:\/\/mom-o.hu\/wp-content\/uploads\/2023\/10\/kisboja.gif\" alt=\"\"> <strong>Sz\u00e1sz Bence<\/strong> &#8211; 5. hely F20E<\/p><\/div><\/div><\/div>\n\n\n\n<div class=\"wp-block-uagb-info-box uagb-block-d54529ea uagb-infobox__content-wrap  uagb-infobox-icon-above-title uagb-infobox-image-valign-top\"><div class=\"uagb-ifb-content\"><div class=\"uagb-ifb-title-wrap\"><p class=\"uagb-ifb-title\"><img loading=\"lazy\" decoding=\"async\" width=\"10\" height=\"10\" class=\"wp-image-553\" style=\"width: 10px;\" src=\"https:\/\/mom-o.hu\/wp-content\/uploads\/2023\/10\/kisboja.gif\" alt=\"\"> <strong>Pattanty\u00fas Margit<\/strong> &#8211; 5. hely N18E<\/p><\/div><\/div><\/div>\n\n\n\n<div class=\"wp-block-uagb-info-box uagb-block-25350e15 uagb-infobox__content-wrap  uagb-infobox-icon-above-title uagb-infobox-image-valign-top\"><div class=\"uagb-ifb-content\"><div class=\"uagb-ifb-title-wrap\"><p class=\"uagb-ifb-title\"><img loading=\"lazy\" decoding=\"async\" width=\"10\" height=\"10\" class=\"wp-image-553\" style=\"width: 10px;\" src=\"https:\/\/mom-o.hu\/wp-content\/uploads\/2023\/10\/kisboja.gif\" alt=\"\"> <strong>Zsebeh\u00e1zy Istv\u00e1n<\/strong>&#8211; 6. hely F14E<\/p><\/div><\/div><\/div>\n<\/div>\n<\/div><\/div>\n\n\n\n<div class=\"wp-block-uagb-container uagb-block-c7f5b036 alignfull uagb-is-root-container\"><div class=\"uagb-container-inner-blocks-wrap\">\n<div class=\"wp-block-uagb-container uagb-block-72362bf2\">\n<div class=\"wp-block-uagb-advanced-heading uagb-block-2be97fe2\"><h2 class=\"uagb-heading-text\">Orsz\u00e1gos Csapatbajnoks\u00e1g &#8211; Kiskunhalas<\/h2><\/div>\n<\/div>\n\n\n\n<div class=\"wp-block-uagb-container uagb-block-ed00fce0\">\n<div class=\"wp-block-uagb-info-box uagb-block-a9e4c737 uagb-infobox__content-wrap  uagb-infobox-icon-above-title uagb-infobox-image-valign-top\"><div class=\"uagb-ifb-content\"><div class=\"uagb-ifb-title-wrap\"><p class=\"uagb-ifb-title\"><img loading=\"lazy\" decoding=\"async\" width=\"20\" height=\"13\" class=\"wp-image-555\" style=\"width: 20px;\" src=\"https:\/\/mom-o.hu\/wp-content\/uploads\/2023\/10\/kupaB.gif\" alt=\"\"><strong>Sz\u00e1sz Bence, Tas M\u00e1t\u00e9, Friedrich G\u00e1bor<\/strong> &#8211; 3. hely F20E<\/p><\/div><\/div><\/div>\n\n\n\n<div class=\"wp-block-uagb-info-box uagb-block-5e97201b uagb-infobox__content-wrap  uagb-infobox-icon-above-title uagb-infobox-image-valign-top\"><div class=\"uagb-ifb-content\"><div class=\"uagb-ifb-title-wrap\"><p class=\"uagb-ifb-title\"><img loading=\"lazy\" decoding=\"async\" width=\"10\" height=\"10\" class=\"wp-image-553\" style=\"width: 10px;\" src=\"https:\/\/mom-o.hu\/wp-content\/uploads\/2023\/10\/kisboja.gif\" alt=\"\"> <strong>J\u00f3zsa Borb\u00e1la, Borosznoki Zita, Pattanty\u00fas Margit<\/strong> &#8211; 5. hely N18<\/p><\/div><p class=\"uagb-ifb-desc\"><br><\/p><\/div><\/div>\n<\/div>\n<\/div><\/div>\n","protected":false},"excerpt":{"rendered":"<p>Orsz\u00e1gos Hossz\u00fat\u00e1v\u00fa Bajnoks\u00e1g &#8211; Velence Orsz\u00e1gos \u00c9jszakai Bajnoks\u00e1g &#8211; Gy\u00far\u00f3 Orsz\u00e1gos R\u00f6vidt\u00e1v\u00fa Bajnoks\u00e1g &#8211; M\u00e1traf\u00fcred Orsz\u00e1gos V\u00e1lt\u00f3 Bajnoks\u00e1g Orsz\u00e1gos Norm\u00e1lt\u00e1v\u00fa Bajnoks\u00e1g &#8211; Bog\u00e1cs Orsz\u00e1gos Csapatbajnoks\u00e1g &#8211; Kiskunhalas<\/p>\n","protected":false},"author":1,"featured_media":0,"parent":127,"menu_order":0,"comment_status":"closed","ping_status":"closed","template":"","meta":{"_crdt_document":"","_uag_custom_page_level_css":"","site-sidebar-layout":"default","site-content-layout":"","ast-site-content-layout":"default","site-content-style":"default","site-sidebar-style":"default","ast-global-header-display":"","ast-banner-title-visibility":"","ast-main-header-display":"","ast-hfb-above-header-display":"","ast-hfb-below-header-display":"","ast-hfb-mobile-header-display":"","site-post-title":"","ast-breadcrumbs-content":"","ast-featured-img":"","footer-sml-layout":"","theme-transparent-header-meta":"","adv-header-id-meta":"","stick-header-meta":"","header-above-stick-meta":"","header-main-stick-meta":"","header-below-stick-meta":"","astra-migrate-meta-layouts":"default","ast-page-background-enabled":"default","ast-page-background-meta":{"desktop":{"background-color":"var(--ast-global-color-4)","background-image":"","background-repeat":"repeat","background-position":"center center","background-size":"auto","background-attachment":"scroll","background-type":"","background-media":"","overlay-type":"","overlay-color":"","overlay-opacity":"","overlay-gradient":""},"tablet":{"background-color":"","background-image":"","background-repeat":"repeat","background-position":"center center","background-size":"auto","background-attachment":"scroll","background-type":"","background-media":"","overlay-type":"","overlay-color":"","overlay-opacity":"","overlay-gradient":""},"mobile":{"background-color":"","background-image":"","background-repeat":"repeat","background-position":"center center","background-size":"auto","background-attachment":"scroll","background-type":"","background-media":"","overlay-type":"","overlay-color":"","overlay-opacity":"","overlay-gradient":""}},"ast-content-background-meta":{"desktop":{"background-color":"var(--ast-global-color-5)","background-image":"","background-repeat":"repeat","background-position":"center center","background-size":"auto","background-attachment":"scroll","background-type":"","background-media":"","overlay-type":"","overlay-color":"","overlay-opacity":"","overlay-gradient":""},"tablet":{"background-color":"var(--ast-global-color-5)","background-image":"","background-repeat":"repeat","background-position":"center center","background-size":"auto","background-attachment":"scroll","background-type":"","background-media":"","overlay-type":"","overlay-color":"","overlay-opacity":"","overlay-gradient":""},"mobile":{"background-color":"var(--ast-global-color-5)","background-image":"","background-repeat":"repeat","background-position":"center center","background-size":"auto","background-attachment":"scroll","background-type":"","background-media":"","overlay-type":"","overlay-color":"","overlay-opacity":"","overlay-gradient":""}},"footnotes":""},"class_list":["post-960","page","type-page","status-publish","hentry"],"uagb_featured_image_src":{"full":false,"thumbnail":false,"medium":false,"medium_large":false,"large":false,"1536x1536":false,"2048x2048":false},"uagb_author_info":{"display_name":"hellomarci","author_link":"https:\/\/mom-o.hu\/?author=1"},"uagb_comment_info":0,"uagb_excerpt":"Orsz\u00e1gos Hossz\u00fat\u00e1v\u00fa Bajnoks\u00e1g &#8211; Velence Orsz\u00e1gos \u00c9jszakai Bajnoks\u00e1g &#8211; Gy\u00far\u00f3 Orsz\u00e1gos R\u00f6vidt\u00e1v\u00fa Bajnoks\u00e1g &#8211; M\u00e1traf\u00fcred Orsz\u00e1gos V\u00e1lt\u00f3 Bajnoks\u00e1g Orsz\u00e1gos Norm\u00e1lt\u00e1v\u00fa Bajnoks\u00e1g &#8211; Bog\u00e1cs Orsz\u00e1gos Csapatbajnoks\u00e1g &#8211; Kiskunhalas","_links":{"self":[{"href":"https:\/\/mom-o.hu\/index.php?rest_route=\/wp\/v2\/pages\/960","targetHints":{"allow":["GET"]}}],"collection":[{"href":"https:\/\/mom-o.hu\/index.php?rest_route=\/wp\/v2\/pages"}],"about":[{"href":"https:\/\/mom-o.hu\/index.php?rest_route=\/wp\/v2\/types\/page"}],"author":[{"embeddable":true,"href":"https:\/\/mom-o.hu\/index.php?rest_route=\/wp\/v2\/users\/1"}],"replies":[{"embeddable":true,"href":"https:\/\/mom-o.hu\/index.php?rest_route=%2Fwp%2Fv2%2Fcomments&post=960"}],"version-history":[{"count":5,"href":"https:\/\/mom-o.hu\/index.php?rest_route=\/wp\/v2\/pages\/960\/revisions"}],"predecessor-version":[{"id":1051,"href":"https:\/\/mom-o.hu\/index.php?rest_route=\/wp\/v2\/pages\/960\/revisions\/1051"}],"up":[{"embeddable":true,"href":"https:\/\/mom-o.hu\/index.php?rest_route=\/wp\/v2\/pages\/127"}],"wp:attachment":[{"href":"https:\/\/mom-o.hu\/index.php?rest_route=%2Fwp%2Fv2%2Fmedia&parent=960"}],"curies":[{"name":"wp","href":"https:\/\/api.w.org\/{rel}","templated":true}]}}