{"id":998,"date":"2023-12-04T12:34:05","date_gmt":"2023-12-04T11:34:05","guid":{"rendered":"https:\/\/mom-o.hu\/new\/?page_id=998"},"modified":"2023-12-22T20:23:47","modified_gmt":"2023-12-22T19:23:47","slug":"eredmenyeink-1990","status":"publish","type":"page","link":"https:\/\/mom-o.hu\/?page_id=998","title":{"rendered":"Eredm\u00e9nyeink 1990"},"content":{"rendered":"\n<div class=\"wp-block-uagb-container uagb-block-03e508ad alignfull uagb-is-root-container\"><div class=\"uagb-container-inner-blocks-wrap\">\n<div class=\"wp-block-uagb-container uagb-block-e4398ed3\">\n<div class=\"wp-block-uagb-advanced-heading uagb-block-bc0af575\"><h2 class=\"uagb-heading-text\">Orsz\u00e1gos Hossz\u00fat\u00e1v\u00fa Bajnoks\u00e1g &#8211; Kaposv\u00e1r<\/h2><\/div>\n<\/div>\n\n\n\n<div class=\"wp-block-uagb-container uagb-block-30c77730\">\n<div class=\"wp-block-uagb-info-box uagb-block-930e2951 uagb-infobox__content-wrap  uagb-infobox-icon-above-title uagb-infobox-image-valign-top\"><div class=\"uagb-ifb-content\"><div class=\"uagb-ifb-title-wrap\"><p class=\"uagb-ifb-title\"><img loading=\"lazy\" decoding=\"async\" width=\"10\" height=\"10\" class=\"wp-image-553\" style=\"width: 10px;\" src=\"https:\/\/mom-o.hu\/wp-content\/uploads\/2023\/10\/kisboja.gif\" alt=\"\"> <strong>Boss\u00e1nszky Krisztina<\/strong> &#8211; 4. hely N19E<\/p><\/div><\/div><\/div>\n\n\n\n<div class=\"wp-block-uagb-info-box uagb-block-25843f28 uagb-infobox__content-wrap  uagb-infobox-icon-above-title uagb-infobox-image-valign-top\"><div class=\"uagb-ifb-content\"><div class=\"uagb-ifb-title-wrap\"><p class=\"uagb-ifb-title\"><img loading=\"lazy\" decoding=\"async\" width=\"10\" height=\"10\" class=\"wp-image-553\" style=\"width: 10px;\" src=\"https:\/\/mom-o.hu\/wp-content\/uploads\/2023\/10\/kisboja.gif\" alt=\"\"> <strong>Dese\u0151 Orsolya<\/strong> &#8211; 5. hely N19E<\/p><\/div><\/div><\/div>\n<\/div>\n<\/div><\/div>\n\n\n\n<div class=\"wp-block-uagb-container uagb-block-d23170b0 alignfull uagb-is-root-container\"><div class=\"uagb-container-inner-blocks-wrap\">\n<div class=\"wp-block-uagb-container uagb-block-9e9dca8d\">\n<div class=\"wp-block-uagb-advanced-heading uagb-block-3d66dcbb\"><h2 class=\"uagb-heading-text\">Orsz\u00e1gos R\u00f6vidt\u00e1v\u00fa Bajnoks\u00e1g &#8211; Cs\u00e1kber\u00e9ny<\/h2><\/div>\n<\/div>\n\n\n\n<div class=\"wp-block-uagb-container uagb-block-411ef0ac\">\n<div class=\"wp-block-uagb-info-box uagb-block-1dc23f55 uagb-infobox__content-wrap  uagb-infobox-icon-above-title uagb-infobox-image-valign-top\"><div class=\"uagb-ifb-content\"><div class=\"uagb-ifb-title-wrap\"><p class=\"uagb-ifb-title\"><img loading=\"lazy\" decoding=\"async\" width=\"20\" height=\"13\" class=\"wp-image-551\" style=\"width: 20px;\" src=\"https:\/\/mom-o.hu\/wp-content\/uploads\/2023\/10\/eremB.gif\" alt=\"\"> <strong>Dese\u0151 Orsolya<\/strong> &#8211; 3. hely N17E<\/p><\/div><\/div><\/div>\n\n\n\n<div class=\"wp-block-uagb-info-box uagb-block-cfbf9c42 uagb-infobox__content-wrap  uagb-infobox-icon-above-title uagb-infobox-image-valign-top\"><div class=\"uagb-ifb-content\"><div class=\"uagb-ifb-title-wrap\"><p class=\"uagb-ifb-title\"><img loading=\"lazy\" decoding=\"async\" width=\"10\" height=\"10\" class=\"wp-image-553\" style=\"width: 10px;\" src=\"https:\/\/mom-o.hu\/wp-content\/uploads\/2023\/10\/kisboja.gif\" alt=\"\"> <strong>Boss\u00e1nszky Krisztina<\/strong> &#8211; 6. hely N21E<\/p><\/div><\/div><\/div>\n<\/div>\n<\/div><\/div>\n\n\n\n<div class=\"wp-block-uagb-container uagb-block-7a853b19 alignfull uagb-is-root-container\"><div class=\"uagb-container-inner-blocks-wrap\">\n<div class=\"wp-block-uagb-container uagb-block-779fbee9\">\n<div class=\"wp-block-uagb-advanced-heading uagb-block-593acdb5\"><h2 class=\"uagb-heading-text\">Orsz\u00e1gos V\u00e1lt\u00f3 Bajnoks\u00e1g<\/h2><\/div>\n<\/div>\n\n\n\n<div class=\"wp-block-uagb-container uagb-block-0bc7a0a6\">\n<div class=\"wp-block-uagb-info-box uagb-block-d02b1274 uagb-infobox__content-wrap  uagb-infobox-icon-above-title uagb-infobox-image-valign-top\"><div class=\"uagb-ifb-content\"><div class=\"uagb-ifb-title-wrap\"><p class=\"uagb-ifb-title\"><img loading=\"lazy\" decoding=\"async\" width=\"20\" height=\"13\" class=\"wp-image-556\" style=\"width: 20px;\" src=\"https:\/\/mom-o.hu\/wp-content\/uploads\/2023\/10\/kupaE.gif\" alt=\"\"> <strong>Boss\u00e1nszky Krisztina, Vastagh Gabriella, Dese\u0151 Orsolya<\/strong> &#8211; 2. hely N21E<\/p><\/div><\/div><\/div>\n<\/div>\n<\/div><\/div>\n\n\n\n<div class=\"wp-block-uagb-container uagb-block-00d785ef alignfull uagb-is-root-container\"><div class=\"uagb-container-inner-blocks-wrap\">\n<div class=\"wp-block-uagb-container uagb-block-77641ed8\">\n<div class=\"wp-block-uagb-advanced-heading uagb-block-eab89d65\"><h2 class=\"uagb-heading-text\">Orsz\u00e1gos Norm\u00e1lt\u00e1v\u00fa Bajnoks\u00e1g &#8211; Miskolc<\/h2><\/div>\n<\/div>\n\n\n\n<div class=\"wp-block-uagb-container uagb-block-983c434c\">\n<div class=\"wp-block-uagb-info-box uagb-block-c13ccd1e uagb-infobox__content-wrap  uagb-infobox-icon-above-title uagb-infobox-image-valign-top\"><div class=\"uagb-ifb-content\"><div class=\"uagb-ifb-title-wrap\"><p class=\"uagb-ifb-title\"><img loading=\"lazy\" decoding=\"async\" width=\"20\" height=\"13\" class=\"wp-image-552\" style=\"width: 20px;\" src=\"https:\/\/mom-o.hu\/wp-content\/uploads\/2023\/10\/eremE.gif\" alt=\"\"> <strong>Dese\u0151 Orsolya<\/strong> &#8211; 2. hely N17E<\/p><\/div><\/div><\/div>\n\n\n\n<div class=\"wp-block-uagb-info-box uagb-block-ededb260 uagb-infobox__content-wrap  uagb-infobox-icon-above-title uagb-infobox-image-valign-top\"><div class=\"uagb-ifb-content\"><div class=\"uagb-ifb-title-wrap\"><p class=\"uagb-ifb-title\"><img loading=\"lazy\" decoding=\"async\" width=\"10\" height=\"10\" class=\"wp-image-553\" style=\"width: 10px;\" src=\"https:\/\/mom-o.hu\/wp-content\/uploads\/2023\/10\/kisboja.gif\" alt=\"\"> <strong>Boss\u00e1nszky Krisztina<\/strong> &#8211; 5. hely N19E<\/p><\/div><\/div><\/div>\n\n\n\n<div class=\"wp-block-uagb-info-box uagb-block-23bc63c1 uagb-infobox__content-wrap  uagb-infobox-icon-above-title uagb-infobox-image-valign-top\"><div class=\"uagb-ifb-content\"><div class=\"uagb-ifb-title-wrap\"><p class=\"uagb-ifb-title\"><img loading=\"lazy\" decoding=\"async\" width=\"10\" height=\"10\" class=\"wp-image-553\" style=\"width: 10px;\" src=\"https:\/\/mom-o.hu\/wp-content\/uploads\/2023\/10\/kisboja.gif\" alt=\"\"> Dese\u0151 Kinga &#8211; 5. hely N15E<\/p><\/div><\/div><\/div>\n<\/div>\n<\/div><\/div>\n","protected":false},"excerpt":{"rendered":"<p>Orsz\u00e1gos Hossz\u00fat\u00e1v\u00fa Bajnoks\u00e1g &#8211; Kaposv\u00e1r Orsz\u00e1gos R\u00f6vidt\u00e1v\u00fa Bajnoks\u00e1g &#8211; Cs\u00e1kber\u00e9ny Orsz\u00e1gos V\u00e1lt\u00f3 Bajnoks\u00e1g Orsz\u00e1gos Norm\u00e1lt\u00e1v\u00fa Bajnoks\u00e1g &#8211; Miskolc<\/p>\n","protected":false},"author":1,"featured_media":0,"parent":127,"menu_order":0,"comment_status":"closed","ping_status":"closed","template":"","meta":{"_crdt_document":"","_uag_custom_page_level_css":"","site-sidebar-layout":"default","site-content-layout":"","ast-site-content-layout":"default","site-content-style":"default","site-sidebar-style":"default","ast-global-header-display":"","ast-banner-title-visibility":"","ast-main-header-display":"","ast-hfb-above-header-display":"","ast-hfb-below-header-display":"","ast-hfb-mobile-header-display":"","site-post-title":"","ast-breadcrumbs-content":"","ast-featured-img":"","footer-sml-layout":"","theme-transparent-header-meta":"","adv-header-id-meta":"","stick-header-meta":"","header-above-stick-meta":"","header-main-stick-meta":"","header-below-stick-meta":"","astra-migrate-meta-layouts":"default","ast-page-background-enabled":"default","ast-page-background-meta":{"desktop":{"background-color":"var(--ast-global-color-4)","background-image":"","background-repeat":"repeat","background-position":"center center","background-size":"auto","background-attachment":"scroll","background-type":"","background-media":"","overlay-type":"","overlay-color":"","overlay-opacity":"","overlay-gradient":""},"tablet":{"background-color":"","background-image":"","background-repeat":"repeat","background-position":"center center","background-size":"auto","background-attachment":"scroll","background-type":"","background-media":"","overlay-type":"","overlay-color":"","overlay-opacity":"","overlay-gradient":""},"mobile":{"background-color":"","background-image":"","background-repeat":"repeat","background-position":"center center","background-size":"auto","background-attachment":"scroll","background-type":"","background-media":"","overlay-type":"","overlay-color":"","overlay-opacity":"","overlay-gradient":""}},"ast-content-background-meta":{"desktop":{"background-color":"var(--ast-global-color-5)","background-image":"","background-repeat":"repeat","background-position":"center center","background-size":"auto","background-attachment":"scroll","background-type":"","background-media":"","overlay-type":"","overlay-color":"","overlay-opacity":"","overlay-gradient":""},"tablet":{"background-color":"var(--ast-global-color-5)","background-image":"","background-repeat":"repeat","background-position":"center center","background-size":"auto","background-attachment":"scroll","background-type":"","background-media":"","overlay-type":"","overlay-color":"","overlay-opacity":"","overlay-gradient":""},"mobile":{"background-color":"var(--ast-global-color-5)","background-image":"","background-repeat":"repeat","background-position":"center center","background-size":"auto","background-attachment":"scroll","background-type":"","background-media":"","overlay-type":"","overlay-color":"","overlay-opacity":"","overlay-gradient":""}},"footnotes":""},"class_list":["post-998","page","type-page","status-publish","hentry"],"uagb_featured_image_src":{"full":false,"thumbnail":false,"medium":false,"medium_large":false,"large":false,"1536x1536":false,"2048x2048":false},"uagb_author_info":{"display_name":"hellomarci","author_link":"https:\/\/mom-o.hu\/?author=1"},"uagb_comment_info":0,"uagb_excerpt":"Orsz\u00e1gos Hossz\u00fat\u00e1v\u00fa Bajnoks\u00e1g &#8211; Kaposv\u00e1r Orsz\u00e1gos R\u00f6vidt\u00e1v\u00fa Bajnoks\u00e1g &#8211; Cs\u00e1kber\u00e9ny Orsz\u00e1gos V\u00e1lt\u00f3 Bajnoks\u00e1g Orsz\u00e1gos Norm\u00e1lt\u00e1v\u00fa Bajnoks\u00e1g &#8211; Miskolc","_links":{"self":[{"href":"https:\/\/mom-o.hu\/index.php?rest_route=\/wp\/v2\/pages\/998","targetHints":{"allow":["GET"]}}],"collection":[{"href":"https:\/\/mom-o.hu\/index.php?rest_route=\/wp\/v2\/pages"}],"about":[{"href":"https:\/\/mom-o.hu\/index.php?rest_route=\/wp\/v2\/types\/page"}],"author":[{"embeddable":true,"href":"https:\/\/mom-o.hu\/index.php?rest_route=\/wp\/v2\/users\/1"}],"replies":[{"embeddable":true,"href":"https:\/\/mom-o.hu\/index.php?rest_route=%2Fwp%2Fv2%2Fcomments&post=998"}],"version-history":[{"count":2,"href":"https:\/\/mom-o.hu\/index.php?rest_route=\/wp\/v2\/pages\/998\/revisions"}],"predecessor-version":[{"id":1050,"href":"https:\/\/mom-o.hu\/index.php?rest_route=\/wp\/v2\/pages\/998\/revisions\/1050"}],"up":[{"embeddable":true,"href":"https:\/\/mom-o.hu\/index.php?rest_route=\/wp\/v2\/pages\/127"}],"wp:attachment":[{"href":"https:\/\/mom-o.hu\/index.php?rest_route=%2Fwp%2Fv2%2Fmedia&parent=998"}],"curies":[{"name":"wp","href":"https:\/\/api.w.org\/{rel}","templated":true}]}}